{"id":686,"date":"2024-07-19T16:06:43","date_gmt":"2024-07-19T14:06:43","guid":{"rendered":"https:\/\/enfantzatypiques.org\/?page_id=686"},"modified":"2024-07-19T16:07:23","modified_gmt":"2024-07-19T14:07:23","slug":"les-enfants-atypiques","status":"publish","type":"page","link":"https:\/\/enfantzatypiques.org\/","title":{"rendered":"Les Enfants Atypiques"},"content":{"rendered":"\t\t<div data-elementor-type=\"wp-page\" data-elementor-id=\"686\" class=\"elementor elementor-686\">\n\t\t\t\t<div class=\"elementor-element elementor-element-fc9468f e-flex e-con-boxed e-con e-parent\" data-id=\"fc9468f\" data-element_type=\"container\" data-e-type=\"container\">\n\t\t\t\t\t<div class=\"e-con-inner\">\n\t\t\t\t<div class=\"elementor-element elementor-element-c26969c elementor-widget elementor-widget-text-editor\" data-id=\"c26969c\" data-element_type=\"widget\" data-e-type=\"widget\" data-widget_type=\"text-editor.default\">\n\t\t\t\t<div class=\"elementor-widget-container\">\n\t\t\t\t\t\t\t\t\t<p><strong>Adultes, \u00e9ducateurs, enseignants, parents, grands-parents, psychologues, nous sommes nombreux aujourd&rsquo;hui \u00e0 nous sentir d\u00e9rout\u00e9s par nos enfants, \u00e9l\u00e8ves, jeunes patients.<\/strong><\/p><h4>Que s&rsquo;est-il pass\u00e9 dans ces derni\u00e8res d\u00e9cennies ?<\/h4><p>Serait-ce seulement notre regard d&rsquo;adultes sur le monde de l&rsquo;enfance qui \u00e9volue ?<\/p><p>Il semblerait au contraire que les enfants qui arrivent aujourd&rsquo;hui dans notre monde soient les porteurs d&rsquo;un grand changement. Aujourd&rsquo;hui, ils ne s&rsquo;adaptent plus aux structures et au cadre que la soci\u00e9t\u00e9 industrielle a pr\u00e9vu et construit pour eux. Ils portent en eux de tr\u00e8s fortes valeurs de justice, de partage, de mouvement et de respect de la vie.<\/p><p>M\u00eame \u00e0 des \u00e2ges tr\u00e8s tendres, il leur est impossible d&rsquo;y renoncer pour se conformer \u00e0 un syst\u00e8me bas\u00e9 sur la comp\u00e9tition et l&rsquo;individualisme.<\/p><p>Malgr\u00e9 toute l&rsquo;agressivit\u00e9, la violence et l&rsquo;incompr\u00e9hension qu&rsquo;ils rencontrent \u00e0 ne pas vouloir rentrer dans ces cases pr\u00e9vues pour eux, ils persistent dans une diff\u00e9rence assum\u00e9e et difficile \u00e0 comprendre pour les adultes.<\/p><p>Cependant, cette incompr\u00e9hension des adultes, l&rsquo;incoh\u00e9rence de nos mani\u00e8res par rapport \u00e0 nos discours, les hi\u00e9rarchies que nous avons construites entre adultes et enfants leur est tr\u00e8s douloureuse. La non-acceptation qui leur est r\u00e9serv\u00e9e, au-devant de leur incapacit\u00e9 \u00e0 adh\u00e9rer \u00e0 nos structures, est telle que nous les d\u00e9finissons aujourd&rsquo;hui uniquement parleurs manquements \u00e0 nos attentes.<\/p><p>Ils sont dyslexiques, autistes, hyperactifs, hpi, &#8230;<\/p><p>Ils sont pourtant bien autre chose. Des personnalit\u00e9s riches et forg\u00e9es sur de belles valeurs. Ils semblent nous offrir leur diff\u00e9rence, comme pour nous apprendre \u00e0 en prendre soin, nous qui avons encore tant \u00e0 faire sur le chemin de l&rsquo;altruisme.<\/p><p>Nos enfants sont les adultes de demain, et ce que nous avons de plus cher aujourd&rsquo;hui.<\/p><p>D\u00e9sormais, il est urgent d&rsquo;entendre leur souffrance, de les aider \u00e0 se conna\u00eetre et \u00e0 se sentir mieux dans ce monde, sans renoncer \u00e0 leurs qu\u00eates.<\/p><p>Il est urgent de les consid\u00e9rer pour ce qu&rsquo;ils apportent \u00e0 notre monde futur, et non pas pour leurs manquements \u00e0 nos attentes.<br \/>Nos enfants ont besoin d&rsquo;un fort soutien, complet, c&rsquo;est-\u00e0-dire physique, \u00e9motionnel, acad\u00e9mique parfois, en tout cas, personnalis\u00e9.\u00a0<\/p>\t\t\t\t\t\t\t\t<\/div>\n\t\t\t\t<\/div>\n\t\t\t\t\t<\/div>\n\t\t\t\t<\/div>\n\t\t\t\t<\/div>\n\t\t","protected":false},"excerpt":{"rendered":"<p>Adultes, \u00e9ducateurs, enseignants, parents, grands-parents, psychologues, nous sommes nombreux aujourd&rsquo;hui \u00e0 nous sentir d\u00e9rout\u00e9s par nos enfants, \u00e9l\u00e8ves, jeunes patients. Que s&rsquo;est-il pass\u00e9 dans ces derni\u00e8res d\u00e9cennies ? Serait-ce seulement notre regard d&rsquo;adultes sur le monde de l&rsquo;enfance qui \u00e9volue ? Il semblerait au contraire que les enfants qui arrivent aujourd&rsquo;hui dans notre monde soient [&hellip;]<\/p>\n","protected":false},"author":2,"featured_media":0,"parent":0,"menu_order":0,"comment_status":"closed","ping_status":"closed","template":"","meta":{"_eb_attr":"","footnotes":""},"class_list":["post-686","page","type-page","status-publish","hentry"],"yoast_head":"<!-- This site is optimized with the Yoast SEO plugin v27.5 - https:\/\/yoast.com\/product\/yoast-seo-wordpress\/ -->\n<title>Les Enfants Atypiques - Les enfantZatypiques<\/title>\n<meta name=\"robots\" content=\"index, follow, max-snippet:-1, max-image-preview:large, max-video-preview:-1\" \/>\n<link rel=\"canonical\" href=\"http:\/\/enfantzatypiques.org\/\" \/>\n<meta property=\"og:locale\" content=\"fr_FR\" \/>\n<meta property=\"og:type\" content=\"article\" \/>\n<meta property=\"og:title\" content=\"Les Enfants Atypiques - Les enfantZatypiques\" \/>\n<meta property=\"og:description\" content=\"Adultes, \u00e9ducateurs, enseignants, parents, grands-parents, psychologues, nous sommes nombreux aujourd&rsquo;hui \u00e0 nous sentir d\u00e9rout\u00e9s par nos enfants, \u00e9l\u00e8ves, jeunes patients. Que s&rsquo;est-il pass\u00e9 dans ces derni\u00e8res d\u00e9cennies ? Serait-ce seulement notre regard d&rsquo;adultes sur le monde de l&rsquo;enfance qui \u00e9volue ? Il semblerait au contraire que les enfants qui arrivent aujourd&rsquo;hui dans notre monde soient [&hellip;]\" \/>\n<meta property=\"og:url\" content=\"http:\/\/enfantzatypiques.org\/\" \/>\n<meta property=\"og:site_name\" content=\"Les enfantZatypiques\" \/>\n<meta property=\"article:modified_time\" content=\"2024-07-19T14:07:23+00:00\" \/>\n<meta name=\"twitter:card\" content=\"summary_large_image\" \/>\n<meta name=\"twitter:label1\" content=\"Dur\u00e9e de lecture estim\u00e9e\" \/>\n\t<meta name=\"twitter:data1\" content=\"2 minutes\" \/>\n<script type=\"application\/ld+json\" class=\"yoast-schema-graph\">{\"@context\":\"https:\\\/\\\/schema.org\",\"@graph\":[{\"@type\":\"WebPage\",\"@id\":\"http:\\\/\\\/enfantzatypiques.org\\\/\",\"url\":\"http:\\\/\\\/enfantzatypiques.org\\\/\",\"name\":\"Les Enfants Atypiques - Les enfantZatypiques\",\"isPartOf\":{\"@id\":\"http:\\\/\\\/enfantzatypiques.org\\\/#website\"},\"datePublished\":\"2024-07-19T14:06:43+00:00\",\"dateModified\":\"2024-07-19T14:07:23+00:00\",\"breadcrumb\":{\"@id\":\"http:\\\/\\\/enfantzatypiques.org\\\/#breadcrumb\"},\"inLanguage\":\"fr-FR\",\"potentialAction\":[{\"@type\":\"ReadAction\",\"target\":[\"http:\\\/\\\/enfantzatypiques.org\\\/\"]}]},{\"@type\":\"BreadcrumbList\",\"@id\":\"http:\\\/\\\/enfantzatypiques.org\\\/#breadcrumb\",\"itemListElement\":[{\"@type\":\"ListItem\",\"position\":1,\"name\":\"Accueil\",\"item\":\"http:\\\/\\\/enfantzatypiques.org\\\/\"},{\"@type\":\"ListItem\",\"position\":2,\"name\":\"Les Enfants Atypiques\"}]},{\"@type\":\"WebSite\",\"@id\":\"http:\\\/\\\/enfantzatypiques.org\\\/#website\",\"url\":\"http:\\\/\\\/enfantzatypiques.org\\\/\",\"name\":\"Les enfantZatypiques\",\"description\":\"Comment soigner les enfants atypiques ?\",\"publisher\":{\"@id\":\"http:\\\/\\\/enfantzatypiques.org\\\/#\\\/schema\\\/person\\\/8c2673b14bbe39f5978d3c9c517dfebd\"},\"potentialAction\":[{\"@type\":\"SearchAction\",\"target\":{\"@type\":\"EntryPoint\",\"urlTemplate\":\"http:\\\/\\\/enfantzatypiques.org\\\/?s={search_term_string}\"},\"query-input\":{\"@type\":\"PropertyValueSpecification\",\"valueRequired\":true,\"valueName\":\"search_term_string\"}}],\"inLanguage\":\"fr-FR\"},{\"@type\":[\"Person\",\"Organization\"],\"@id\":\"http:\\\/\\\/enfantzatypiques.org\\\/#\\\/schema\\\/person\\\/8c2673b14bbe39f5978d3c9c517dfebd\",\"name\":\"St\u00e9phanie Fr\u00e9chin\",\"image\":{\"@type\":\"ImageObject\",\"inLanguage\":\"fr-FR\",\"@id\":\"https:\\\/\\\/enfantzatypiques.org\\\/wp-content\\\/uploads\\\/2024\\\/07\\\/cropped-logo-stephanie-frechin.jpg\",\"url\":\"https:\\\/\\\/enfantzatypiques.org\\\/wp-content\\\/uploads\\\/2024\\\/07\\\/cropped-logo-stephanie-frechin.jpg\",\"contentUrl\":\"https:\\\/\\\/enfantzatypiques.org\\\/wp-content\\\/uploads\\\/2024\\\/07\\\/cropped-logo-stephanie-frechin.jpg\",\"width\":512,\"height\":512,\"caption\":\"St\u00e9phanie Fr\u00e9chin\"},\"logo\":{\"@id\":\"https:\\\/\\\/enfantzatypiques.org\\\/wp-content\\\/uploads\\\/2024\\\/07\\\/cropped-logo-stephanie-frechin.jpg\"},\"sameAs\":[\"http:\\\/\\\/www.enfantzatypiques.com\"]}]}<\/script>\n<!-- \/ Yoast SEO plugin. -->","yoast_head_json":{"title":"Les Enfants Atypiques - Les enfantZatypiques","robots":{"index":"index","follow":"follow","max-snippet":"max-snippet:-1","max-image-preview":"max-image-preview:large","max-video-preview":"max-video-preview:-1"},"canonical":"http:\/\/enfantzatypiques.org\/","og_locale":"fr_FR","og_type":"article","og_title":"Les Enfants Atypiques - Les enfantZatypiques","og_description":"Adultes, \u00e9ducateurs, enseignants, parents, grands-parents, psychologues, nous sommes nombreux aujourd&rsquo;hui \u00e0 nous sentir d\u00e9rout\u00e9s par nos enfants, \u00e9l\u00e8ves, jeunes patients. Que s&rsquo;est-il pass\u00e9 dans ces derni\u00e8res d\u00e9cennies ? Serait-ce seulement notre regard d&rsquo;adultes sur le monde de l&rsquo;enfance qui \u00e9volue ? Il semblerait au contraire que les enfants qui arrivent aujourd&rsquo;hui dans notre monde soient [&hellip;]","og_url":"http:\/\/enfantzatypiques.org\/","og_site_name":"Les enfantZatypiques","article_modified_time":"2024-07-19T14:07:23+00:00","twitter_card":"summary_large_image","twitter_misc":{"Dur\u00e9e de lecture estim\u00e9e":"2 minutes"},"schema":{"@context":"https:\/\/schema.org","@graph":[{"@type":"WebPage","@id":"http:\/\/enfantzatypiques.org\/","url":"http:\/\/enfantzatypiques.org\/","name":"Les Enfants Atypiques - Les enfantZatypiques","isPartOf":{"@id":"http:\/\/enfantzatypiques.org\/#website"},"datePublished":"2024-07-19T14:06:43+00:00","dateModified":"2024-07-19T14:07:23+00:00","breadcrumb":{"@id":"http:\/\/enfantzatypiques.org\/#breadcrumb"},"inLanguage":"fr-FR","potentialAction":[{"@type":"ReadAction","target":["http:\/\/enfantzatypiques.org\/"]}]},{"@type":"BreadcrumbList","@id":"http:\/\/enfantzatypiques.org\/#breadcrumb","itemListElement":[{"@type":"ListItem","position":1,"name":"Accueil","item":"http:\/\/enfantzatypiques.org\/"},{"@type":"ListItem","position":2,"name":"Les Enfants Atypiques"}]},{"@type":"WebSite","@id":"http:\/\/enfantzatypiques.org\/#website","url":"http:\/\/enfantzatypiques.org\/","name":"Les enfantZatypiques","description":"Comment soigner les enfants atypiques ?","publisher":{"@id":"http:\/\/enfantzatypiques.org\/#\/schema\/person\/8c2673b14bbe39f5978d3c9c517dfebd"},"potentialAction":[{"@type":"SearchAction","target":{"@type":"EntryPoint","urlTemplate":"http:\/\/enfantzatypiques.org\/?s={search_term_string}"},"query-input":{"@type":"PropertyValueSpecification","valueRequired":true,"valueName":"search_term_string"}}],"inLanguage":"fr-FR"},{"@type":["Person","Organization"],"@id":"http:\/\/enfantzatypiques.org\/#\/schema\/person\/8c2673b14bbe39f5978d3c9c517dfebd","name":"St\u00e9phanie Fr\u00e9chin","image":{"@type":"ImageObject","inLanguage":"fr-FR","@id":"https:\/\/enfantzatypiques.org\/wp-content\/uploads\/2024\/07\/cropped-logo-stephanie-frechin.jpg","url":"https:\/\/enfantzatypiques.org\/wp-content\/uploads\/2024\/07\/cropped-logo-stephanie-frechin.jpg","contentUrl":"https:\/\/enfantzatypiques.org\/wp-content\/uploads\/2024\/07\/cropped-logo-stephanie-frechin.jpg","width":512,"height":512,"caption":"St\u00e9phanie Fr\u00e9chin"},"logo":{"@id":"https:\/\/enfantzatypiques.org\/wp-content\/uploads\/2024\/07\/cropped-logo-stephanie-frechin.jpg"},"sameAs":["http:\/\/www.enfantzatypiques.com"]}]}},"_links":{"self":[{"href":"https:\/\/enfantzatypiques.org\/index.php\/wp-json\/wp\/v2\/pages\/686","targetHints":{"allow":["GET"]}}],"collection":[{"href":"https:\/\/enfantzatypiques.org\/index.php\/wp-json\/wp\/v2\/pages"}],"about":[{"href":"https:\/\/enfantzatypiques.org\/index.php\/wp-json\/wp\/v2\/types\/page"}],"author":[{"embeddable":true,"href":"https:\/\/enfantzatypiques.org\/index.php\/wp-json\/wp\/v2\/users\/2"}],"replies":[{"embeddable":true,"href":"https:\/\/enfantzatypiques.org\/index.php\/wp-json\/wp\/v2\/comments?post=686"}],"version-history":[{"count":3,"href":"https:\/\/enfantzatypiques.org\/index.php\/wp-json\/wp\/v2\/pages\/686\/revisions"}],"predecessor-version":[{"id":691,"href":"https:\/\/enfantzatypiques.org\/index.php\/wp-json\/wp\/v2\/pages\/686\/revisions\/691"}],"wp:attachment":[{"href":"https:\/\/enfantzatypiques.org\/index.php\/wp-json\/wp\/v2\/media?parent=686"}],"curies":[{"name":"wp","href":"https:\/\/api.w.org\/{rel}","templated":true}]}}