{"id":513,"date":"2024-07-14T09:42:57","date_gmt":"2024-07-14T07:42:57","guid":{"rendered":"https:\/\/enfantzatypiques.org\/?page_id=513"},"modified":"2024-07-29T23:10:30","modified_gmt":"2024-07-29T21:10:30","slug":"cognitivo-comportementale","status":"publish","type":"page","link":"https:\/\/enfantzatypiques.org\/index.php\/cognitivo-comportementale\/","title":{"rendered":"Cognitivo-comportementale"},"content":{"rendered":"\t\t<div data-elementor-type=\"wp-page\" data-elementor-id=\"513\" class=\"elementor elementor-513\">\n\t\t\t\t<div class=\"elementor-element elementor-element-1e84454 e-flex e-con-boxed e-con e-parent\" data-id=\"1e84454\" data-element_type=\"container\" data-e-type=\"container\">\n\t\t\t\t\t<div class=\"e-con-inner\">\n\t\t\t\t<div class=\"elementor-element elementor-element-36d36a1 elementor-widget elementor-widget-heading\" data-id=\"36d36a1\" data-element_type=\"widget\" data-e-type=\"widget\" data-widget_type=\"heading.default\">\n\t\t\t\t<div class=\"elementor-widget-container\">\n\t\t\t\t\t<h2 class=\"elementor-heading-title elementor-size-default\">Th\u00e9rapie cognitivo comportementale<\/h2>\t\t\t\t<\/div>\n\t\t\t\t<\/div>\n\t\t\t\t\t<\/div>\n\t\t\t\t<\/div>\n\t\t<div class=\"elementor-element elementor-element-8d6418d e-flex e-con-boxed e-con e-parent\" data-id=\"8d6418d\" data-element_type=\"container\" data-e-type=\"container\">\n\t\t\t\t\t<div class=\"e-con-inner\">\n\t\t\t\t<div class=\"elementor-element elementor-element-b2a501a elementor-widget elementor-widget-text-editor\" data-id=\"b2a501a\" data-element_type=\"widget\" data-e-type=\"widget\" data-widget_type=\"text-editor.default\">\n\t\t\t\t<div class=\"elementor-widget-container\">\n\t\t\t\t\t\t\t\t\t<p>La Th\u00e9rapie Cognitivo-Comportementale (TCC) est une approche th\u00e9rapeutique largement reconnue pour traiter divers troubles psychologiques chez les enfants. La TCC se concentre sur la modification des pens\u00e9es et des comportements dysfonctionnels, et elle est bas\u00e9e sur l&rsquo;id\u00e9e que nos pens\u00e9es influencent nos \u00e9motions et nos comportements.<\/p><p><strong><em><u>Qu&rsquo;est-ce que la TCC ?<\/u><\/em><\/strong><\/p><p>La TCC est une forme de psychoth\u00e9rapie qui vise \u00e0 aider l\u2019enfant \u00e0 identifier et \u00e0 modifier ses sch\u00e9mas de pens\u00e9e n\u00e9gatifs ou inadapt\u00e9s, ainsi que ses comportements probl\u00e9matiques. Chez votre enfant, la TCC sera adapt\u00e9e pour \u00eatre plus ludique et plus engageante, afin de correspondre \u00e0 chaque niveau de son d\u00e9veloppement. :<\/p><p><img fetchpriority=\"high\" decoding=\"async\" class=\"alignnone size-large wp-image-518\" src=\"http:\/\/enfantzatypiques.org\/wp-content\/uploads\/2024\/07\/EFT-1024x690.jpg\" alt=\"Cognitivo-Comportementale\" width=\"768\" height=\"518\" \/><\/p>\t\t\t\t\t\t\t\t<\/div>\n\t\t\t\t<\/div>\n\t\t\t\t\t<\/div>\n\t\t\t\t<\/div>\n\t\t<div class=\"elementor-element elementor-element-ac9e072 e-flex e-con-boxed e-con e-parent\" data-id=\"ac9e072\" data-element_type=\"container\" data-e-type=\"container\">\n\t\t\t\t\t<div class=\"e-con-inner\">\n\t\t\t\t<div class=\"elementor-element elementor-element-4781eef elementor-widget elementor-widget-text-editor\" data-id=\"4781eef\" data-element_type=\"widget\" data-e-type=\"widget\" data-widget_type=\"text-editor.default\">\n\t\t\t\t<div class=\"elementor-widget-container\">\n\t\t\t\t\t\t\t\t\t<p><strong><em><u>Pour quels maux appliquer la TCC chez vos enfants<\/u><\/em><\/strong><strong>\u00a0<\/strong><strong>:<\/strong><\/p><ol><li><strong> <em><u>Troubles anxieux<\/u><\/em><\/strong><\/li><\/ol><ul><li><strong>Anxi\u00e9t\u00e9 de s\u00e9paration<\/strong> : La TCC peut aider les enfants \u00e0 g\u00e9rer la peur excessive de se s\u00e9parer de leurs parents.<\/li><li><strong>Phobies sp\u00e9cifiques<\/strong> : Elle peut traiter les peurs intenses de situations sp\u00e9cifiques, comme la peur des animaux, des hauteurs ou des espaces ferm\u00e9s.<\/li><li><strong>Trouble obsessionnel-compulsif (TOC)<\/strong> : La TCC aide \u00e0 r\u00e9duire les pens\u00e9es obsessionnelles et les comportements compulsifs.<\/li><\/ul><ol start=\"2\"><li><strong> <em><u>Troubles de l&rsquo;humeur<\/u><\/em><\/strong><\/li><\/ol><ul><li><strong>D\u00e9pression<\/strong> : La TCC peut \u00eatre utilis\u00e9e pour aider les enfants \u00e0 identifier et \u00e0 modifier les pens\u00e9es n\u00e9gatives persistantes qui contribuent \u00e0 la d\u00e9pression.<\/li><li><strong>Trouble bipolaire<\/strong> : Elle aide \u00e0 g\u00e9rer les \u00e9pisodes de manie et de d\u00e9pression en enseignant des strat\u00e9gies de r\u00e9gulation \u00e9motionnelle.<\/li><\/ul><ol start=\"3\"><li><strong> <em><u>Troubles du comportement<\/u><\/em><\/strong><\/li><\/ol><ul><li><strong>Trouble de la conduite<\/strong> : La TCC peut aider \u00e0 modifier les comportements agressifs et antisociaux.<\/li><li><strong>Trouble oppositionnel avec provocation (TOP)<\/strong> : Elle aide \u00e0 g\u00e9rer la col\u00e8re et l&rsquo;opposition persistantes envers les figures d&rsquo;autorit\u00e9.<\/li><\/ul><ol start=\"4\"><li><strong> <em><u>Troubles du d\u00e9veloppement<\/u><\/em><\/strong><\/li><\/ol><ul><li><strong>TDAH<\/strong> : La TCC aide les enfants atteints de trouble d\u00e9ficitaire de l&rsquo;attention avec ou sans hyperactivit\u00e9 \u00e0 d\u00e9velopper des comp\u00e9tences organisationnelles et de gestion du temps.<\/li><\/ul><p><strong><em><u>Comment j\u2019utilise la TCC<\/u><\/em><\/strong>\u00a0:<\/p><ol><li><strong> <em><u>Identification des pens\u00e9es dysfonctionnelles<\/u><\/em><\/strong><\/li><\/ol><p>J\u2019aiderai votre enfant \u00e0 reconna\u00eetre ses pens\u00e9es n\u00e9gatives automatiques qui influencent ses \u00e9motions et ses comportements, gr\u00e2ce \u00e0 des jeux, des dessins, des exercices. Par exemple, un enfant anxieux peut avoir la pens\u00e9e \u00ab\u00a0Je vais \u00e9chouer \u00e0 ce test\u00a0\u00bb.<\/p><ol start=\"2\"><li><strong>2<em><u>. Restructuration cognitive<\/u><\/em><\/strong><\/li><\/ol><p>L\u2019enfant apprend facilement \u00e0 remplacer ses pens\u00e9es n\u00e9gatives par des pens\u00e9es plus r\u00e9alistes et positives. Pour l&rsquo;exemple pr\u00e9c\u00e9dent, l&rsquo;enfant pourrait apprendre \u00e0 penser \u00ab\u00a0Je peux r\u00e9ussir si je me pr\u00e9pare bien\u00a0\u00bb.<\/p><ol start=\"3\"><li><strong> <em><u>Techniques de relaxation et de gestion du stress<\/u><\/em><\/strong><\/li><\/ol><p>J\u2019enseigne \u00e0 votre enfant diff\u00e9rentes techniques de relaxation, comme la respiration profonde, la visualisation et la relaxation musculaire progressive, pour l\u2019aider \u00e0 g\u00e9rer l&rsquo;anxi\u00e9t\u00e9 et le stress.<\/p><p><img decoding=\"async\" class=\"alignnone size-large wp-image-520\" src=\"http:\/\/enfantzatypiques.org\/wp-content\/uploads\/2024\/07\/tcc-1024x705.jpg\" alt=\"Qu'est-ce que la TCC\" width=\"768\" height=\"529\" \/><\/p><ol start=\"4\"><li><strong> <em><u>Modification des comportements<\/u><\/em><\/strong><\/li><\/ol><p>La TCC inclut des interventions comportementales pour encourager des comportements positifs et r\u00e9duire les comportements probl\u00e9matiques. Cela peut inclure des syst\u00e8mes de r\u00e9compense, des jeux de r\u00f4le et des exercices de simulation.<\/p><ol start=\"5\"><li><strong><em>5<\/em><\/strong><em>. <strong><u>Adaptation \u00e0 l&rsquo;\u00e2ge<\/u><\/strong> : <\/em><\/li><\/ol><p>J\u2019adapte les techniques et le langage \u00e0 l&rsquo;\u00e2ge et au niveau de d\u00e9veloppement de votre enfant.<\/p><ol start=\"6\"><li><strong> <em><u>Implication des parents<\/u><\/em><\/strong> :<\/li><\/ol><p>Je demande une participation active des parents qui est essentielle afin de soutenir votre enfant et renforcer ses comp\u00e9tences apprises en th\u00e9rapie.<\/p><p><strong>7.<em><u>Consistance et r\u00e9p\u00e9tition<\/u><\/em><\/strong> :<\/p><p>La TCC n\u00e9cessite une pratique r\u00e9guli\u00e8re et une r\u00e9p\u00e9tition pour \u00eatre efficaces, que ce soit \u00e0 la maison ou bien en th\u00e9rapie.<\/p><p>\u00a0<\/p><p>\u00a0<\/p><p><strong><em><u>M\u00e9thodes et techniques que j\u2019utilise en TCC pour votre enfant <\/u><\/em><\/strong><strong>:<\/strong><\/p><ol><li><strong> <em><u>Jeux th\u00e9rapeutiques<\/u><\/em><\/strong><\/li><\/ol><p>Utilisation de jeux pour aider votre enfant \u00e0 comprendre et \u00e0 exprimer ses \u00e9motions, ainsi qu&rsquo;\u00e0 pratiquer de nouvelles comp\u00e9tences.<\/p><ol start=\"2\"><li><strong> <em><u>Histoires et m\u00e9taphores<\/u><\/em><\/strong><\/li><\/ol><p>J\u2019utilise des histoires et des m\u00e9taphores pour expliquer des concepts complexes d&rsquo;une mani\u00e8re que votre enfant puisse comprendre, gr\u00e2ce \u00e0 des cartes, des jeux, des fiches, des objets.<\/p><ol start=\"3\"><li><strong> <em><u>Cahiers d&rsquo;exercices et de r\u00e9flexion<\/u><\/em><\/strong><\/li><\/ol><p>Votre enfant pourra utiliser des cahiers pour noter ou dessiner ses pens\u00e9es, ses sentiments et ses comportements, ce qui peut l\u2019aider \u00e0 suivre ses progr\u00e8s et \u00e0 pratiquer ses comp\u00e9tences apprises.<\/p><ol start=\"4\"><li><strong> <em><u>Une technique progressive<\/u><\/em> <\/strong><\/li><\/ol><p>Pour les phobies et l&rsquo;anxi\u00e9t\u00e9, la technique est progressive et utilis\u00e9e de mani\u00e8re gradu\u00e9e pour aider votre enfant \u00e0 affronter de mani\u00e8re s\u00e9curis\u00e9e ses peurs.<\/p><p><strong><em><u>Quels sont les avantages de la TCC pour vos enfants<\/u><\/em><\/strong><strong><em>\u00a0:<\/em><\/strong><\/p><ul><li><strong>Preuves d&rsquo;efficacit\u00e9<\/strong> : La TCC est soutenue par de nombreuses recherches montrant son efficacit\u00e9 pour traiter divers troubles chez les enfants.<\/li><li><strong>Approche structur\u00e9e et directive<\/strong> : Elle fournit des strat\u00e9gies claires et concr\u00e8tes que votre enfant peut comprendre et utiliser.<\/li><li><strong>Renforcement de l&rsquo;autonomie<\/strong> : Votre enfant apprend des comp\u00e9tences qu&rsquo;il peut utiliser de mani\u00e8re ind\u00e9pendante pour g\u00e9rer ses \u00e9motions et ses comportements.<\/li><li><strong>Engagement actif<\/strong> : La TCC implique activement votre enfant dans son propre traitement, le rendant plus engag\u00e9 et motiv\u00e9.<\/li><\/ul><p>La Th\u00e9rapie Cognitivo-Comportementale pour votre enfant est une approche th\u00e9rapeutique puissante et flexible qui peut aider \u00e0 traiter une vari\u00e9t\u00e9 de probl\u00e8mes \u00e9motionnels et comportementaux. En offrant des strat\u00e9gies concr\u00e8tes pour modifier les pens\u00e9es et les comportements n\u00e9gatifs, la TCC peut am\u00e9liorer de mani\u00e8re significative le bien-\u00eatre et le fonctionnement global de votre enfant. Pour des r\u00e9sultats optimaux, il est crucial de travailler en collaboration avec d\u2019autres th\u00e9rapeutes et avec vous, parents et d&rsquo;adapter les techniques aux besoins individuels de chaque enfant.<\/p><p>\u00a0<\/p>\t\t\t\t\t\t\t\t<\/div>\n\t\t\t\t<\/div>\n\t\t\t\t\t<\/div>\n\t\t\t\t<\/div>\n\t\t\t\t<\/div>\n\t\t","protected":false},"excerpt":{"rendered":"<p>Th\u00e9rapie cognitivo comportementale La Th\u00e9rapie Cognitivo-Comportementale (TCC) est une approche th\u00e9rapeutique largement reconnue pour traiter divers troubles psychologiques chez les enfants. La TCC se concentre sur la modification des pens\u00e9es et des comportements dysfonctionnels, et elle est bas\u00e9e sur l&rsquo;id\u00e9e que nos pens\u00e9es influencent nos \u00e9motions et nos comportements. Qu&rsquo;est-ce que la TCC ? La [&hellip;]<\/p>\n","protected":false},"author":2,"featured_media":0,"parent":0,"menu_order":0,"comment_status":"closed","ping_status":"closed","template":"","meta":{"_eb_attr":"","footnotes":""},"class_list":["post-513","page","type-page","status-publish","hentry"],"yoast_head":"<!-- This site is optimized with the Yoast SEO plugin v27.5 - https:\/\/yoast.com\/product\/yoast-seo-wordpress\/ -->\n<title>Cognitivo-comportementale - Les enfantZatypiques<\/title>\n<meta name=\"robots\" content=\"index, follow, max-snippet:-1, max-image-preview:large, max-video-preview:-1\" \/>\n<link rel=\"canonical\" href=\"http:\/\/enfantzatypiques.org\/index.php\/cognitivo-comportementale\/\" \/>\n<meta property=\"og:locale\" content=\"fr_FR\" \/>\n<meta property=\"og:type\" content=\"article\" \/>\n<meta property=\"og:title\" content=\"Cognitivo-comportementale - Les enfantZatypiques\" \/>\n<meta property=\"og:description\" content=\"Th\u00e9rapie cognitivo comportementale La Th\u00e9rapie Cognitivo-Comportementale (TCC) est une approche th\u00e9rapeutique largement reconnue pour traiter divers troubles psychologiques chez les enfants. La TCC se concentre sur la modification des pens\u00e9es et des comportements dysfonctionnels, et elle est bas\u00e9e sur l&rsquo;id\u00e9e que nos pens\u00e9es influencent nos \u00e9motions et nos comportements. Qu&rsquo;est-ce que la TCC ? La [&hellip;]\" \/>\n<meta property=\"og:url\" content=\"http:\/\/enfantzatypiques.org\/index.php\/cognitivo-comportementale\/\" \/>\n<meta property=\"og:site_name\" content=\"Les enfantZatypiques\" \/>\n<meta property=\"article:modified_time\" content=\"2024-07-29T21:10:30+00:00\" \/>\n<meta property=\"og:image\" content=\"http:\/\/enfantzatypiques.org\/wp-content\/uploads\/2024\/07\/EFT-1024x690.jpg\" \/>\n<meta name=\"twitter:card\" content=\"summary_large_image\" \/>\n<meta name=\"twitter:label1\" content=\"Dur\u00e9e de lecture estim\u00e9e\" \/>\n\t<meta name=\"twitter:data1\" content=\"5 minutes\" \/>\n<script type=\"application\/ld+json\" class=\"yoast-schema-graph\">{\"@context\":\"https:\\\/\\\/schema.org\",\"@graph\":[{\"@type\":\"WebPage\",\"@id\":\"http:\\\/\\\/enfantzatypiques.org\\\/index.php\\\/cognitivo-comportementale\\\/\",\"url\":\"http:\\\/\\\/enfantzatypiques.org\\\/index.php\\\/cognitivo-comportementale\\\/\",\"name\":\"Cognitivo-comportementale - Les enfantZatypiques\",\"isPartOf\":{\"@id\":\"http:\\\/\\\/enfantzatypiques.org\\\/#website\"},\"primaryImageOfPage\":{\"@id\":\"http:\\\/\\\/enfantzatypiques.org\\\/index.php\\\/cognitivo-comportementale\\\/#primaryimage\"},\"image\":{\"@id\":\"http:\\\/\\\/enfantzatypiques.org\\\/index.php\\\/cognitivo-comportementale\\\/#primaryimage\"},\"thumbnailUrl\":\"http:\\\/\\\/enfantzatypiques.org\\\/wp-content\\\/uploads\\\/2024\\\/07\\\/EFT-1024x690.jpg\",\"datePublished\":\"2024-07-14T07:42:57+00:00\",\"dateModified\":\"2024-07-29T21:10:30+00:00\",\"breadcrumb\":{\"@id\":\"http:\\\/\\\/enfantzatypiques.org\\\/index.php\\\/cognitivo-comportementale\\\/#breadcrumb\"},\"inLanguage\":\"fr-FR\",\"potentialAction\":[{\"@type\":\"ReadAction\",\"target\":[\"http:\\\/\\\/enfantzatypiques.org\\\/index.php\\\/cognitivo-comportementale\\\/\"]}]},{\"@type\":\"ImageObject\",\"inLanguage\":\"fr-FR\",\"@id\":\"http:\\\/\\\/enfantzatypiques.org\\\/index.php\\\/cognitivo-comportementale\\\/#primaryimage\",\"url\":\"https:\\\/\\\/enfantzatypiques.org\\\/wp-content\\\/uploads\\\/2024\\\/07\\\/EFT.webp\",\"contentUrl\":\"https:\\\/\\\/enfantzatypiques.org\\\/wp-content\\\/uploads\\\/2024\\\/07\\\/EFT.webp\",\"width\":1150,\"height\":775,\"caption\":\"Cognitivo-Comportementale\"},{\"@type\":\"BreadcrumbList\",\"@id\":\"http:\\\/\\\/enfantzatypiques.org\\\/index.php\\\/cognitivo-comportementale\\\/#breadcrumb\",\"itemListElement\":[{\"@type\":\"ListItem\",\"position\":1,\"name\":\"Accueil\",\"item\":\"http:\\\/\\\/enfantzatypiques.org\\\/\"},{\"@type\":\"ListItem\",\"position\":2,\"name\":\"Cognitivo-comportementale\"}]},{\"@type\":\"WebSite\",\"@id\":\"http:\\\/\\\/enfantzatypiques.org\\\/#website\",\"url\":\"http:\\\/\\\/enfantzatypiques.org\\\/\",\"name\":\"Les enfantZatypiques\",\"description\":\"Comment soigner les enfants atypiques ?\",\"publisher\":{\"@id\":\"http:\\\/\\\/enfantzatypiques.org\\\/#\\\/schema\\\/person\\\/8c2673b14bbe39f5978d3c9c517dfebd\"},\"potentialAction\":[{\"@type\":\"SearchAction\",\"target\":{\"@type\":\"EntryPoint\",\"urlTemplate\":\"http:\\\/\\\/enfantzatypiques.org\\\/?s={search_term_string}\"},\"query-input\":{\"@type\":\"PropertyValueSpecification\",\"valueRequired\":true,\"valueName\":\"search_term_string\"}}],\"inLanguage\":\"fr-FR\"},{\"@type\":[\"Person\",\"Organization\"],\"@id\":\"http:\\\/\\\/enfantzatypiques.org\\\/#\\\/schema\\\/person\\\/8c2673b14bbe39f5978d3c9c517dfebd\",\"name\":\"St\u00e9phanie Fr\u00e9chin\",\"image\":{\"@type\":\"ImageObject\",\"inLanguage\":\"fr-FR\",\"@id\":\"https:\\\/\\\/enfantzatypiques.org\\\/wp-content\\\/uploads\\\/2024\\\/07\\\/cropped-logo-stephanie-frechin.jpg\",\"url\":\"https:\\\/\\\/enfantzatypiques.org\\\/wp-content\\\/uploads\\\/2024\\\/07\\\/cropped-logo-stephanie-frechin.jpg\",\"contentUrl\":\"https:\\\/\\\/enfantzatypiques.org\\\/wp-content\\\/uploads\\\/2024\\\/07\\\/cropped-logo-stephanie-frechin.jpg\",\"width\":512,\"height\":512,\"caption\":\"St\u00e9phanie Fr\u00e9chin\"},\"logo\":{\"@id\":\"https:\\\/\\\/enfantzatypiques.org\\\/wp-content\\\/uploads\\\/2024\\\/07\\\/cropped-logo-stephanie-frechin.jpg\"},\"sameAs\":[\"http:\\\/\\\/www.enfantzatypiques.com\"]}]}<\/script>\n<!-- \/ Yoast SEO plugin. -->","yoast_head_json":{"title":"Cognitivo-comportementale - Les enfantZatypiques","robots":{"index":"index","follow":"follow","max-snippet":"max-snippet:-1","max-image-preview":"max-image-preview:large","max-video-preview":"max-video-preview:-1"},"canonical":"http:\/\/enfantzatypiques.org\/index.php\/cognitivo-comportementale\/","og_locale":"fr_FR","og_type":"article","og_title":"Cognitivo-comportementale - Les enfantZatypiques","og_description":"Th\u00e9rapie cognitivo comportementale La Th\u00e9rapie Cognitivo-Comportementale (TCC) est une approche th\u00e9rapeutique largement reconnue pour traiter divers troubles psychologiques chez les enfants. La TCC se concentre sur la modification des pens\u00e9es et des comportements dysfonctionnels, et elle est bas\u00e9e sur l&rsquo;id\u00e9e que nos pens\u00e9es influencent nos \u00e9motions et nos comportements. Qu&rsquo;est-ce que la TCC ? La [&hellip;]","og_url":"http:\/\/enfantzatypiques.org\/index.php\/cognitivo-comportementale\/","og_site_name":"Les enfantZatypiques","article_modified_time":"2024-07-29T21:10:30+00:00","og_image":[{"url":"http:\/\/enfantzatypiques.org\/wp-content\/uploads\/2024\/07\/EFT-1024x690.jpg","type":"","width":"","height":""}],"twitter_card":"summary_large_image","twitter_misc":{"Dur\u00e9e de lecture estim\u00e9e":"5 minutes"},"schema":{"@context":"https:\/\/schema.org","@graph":[{"@type":"WebPage","@id":"http:\/\/enfantzatypiques.org\/index.php\/cognitivo-comportementale\/","url":"http:\/\/enfantzatypiques.org\/index.php\/cognitivo-comportementale\/","name":"Cognitivo-comportementale - Les enfantZatypiques","isPartOf":{"@id":"http:\/\/enfantzatypiques.org\/#website"},"primaryImageOfPage":{"@id":"http:\/\/enfantzatypiques.org\/index.php\/cognitivo-comportementale\/#primaryimage"},"image":{"@id":"http:\/\/enfantzatypiques.org\/index.php\/cognitivo-comportementale\/#primaryimage"},"thumbnailUrl":"http:\/\/enfantzatypiques.org\/wp-content\/uploads\/2024\/07\/EFT-1024x690.jpg","datePublished":"2024-07-14T07:42:57+00:00","dateModified":"2024-07-29T21:10:30+00:00","breadcrumb":{"@id":"http:\/\/enfantzatypiques.org\/index.php\/cognitivo-comportementale\/#breadcrumb"},"inLanguage":"fr-FR","potentialAction":[{"@type":"ReadAction","target":["http:\/\/enfantzatypiques.org\/index.php\/cognitivo-comportementale\/"]}]},{"@type":"ImageObject","inLanguage":"fr-FR","@id":"http:\/\/enfantzatypiques.org\/index.php\/cognitivo-comportementale\/#primaryimage","url":"https:\/\/enfantzatypiques.org\/wp-content\/uploads\/2024\/07\/EFT.webp","contentUrl":"https:\/\/enfantzatypiques.org\/wp-content\/uploads\/2024\/07\/EFT.webp","width":1150,"height":775,"caption":"Cognitivo-Comportementale"},{"@type":"BreadcrumbList","@id":"http:\/\/enfantzatypiques.org\/index.php\/cognitivo-comportementale\/#breadcrumb","itemListElement":[{"@type":"ListItem","position":1,"name":"Accueil","item":"http:\/\/enfantzatypiques.org\/"},{"@type":"ListItem","position":2,"name":"Cognitivo-comportementale"}]},{"@type":"WebSite","@id":"http:\/\/enfantzatypiques.org\/#website","url":"http:\/\/enfantzatypiques.org\/","name":"Les enfantZatypiques","description":"Comment soigner les enfants atypiques ?","publisher":{"@id":"http:\/\/enfantzatypiques.org\/#\/schema\/person\/8c2673b14bbe39f5978d3c9c517dfebd"},"potentialAction":[{"@type":"SearchAction","target":{"@type":"EntryPoint","urlTemplate":"http:\/\/enfantzatypiques.org\/?s={search_term_string}"},"query-input":{"@type":"PropertyValueSpecification","valueRequired":true,"valueName":"search_term_string"}}],"inLanguage":"fr-FR"},{"@type":["Person","Organization"],"@id":"http:\/\/enfantzatypiques.org\/#\/schema\/person\/8c2673b14bbe39f5978d3c9c517dfebd","name":"St\u00e9phanie Fr\u00e9chin","image":{"@type":"ImageObject","inLanguage":"fr-FR","@id":"https:\/\/enfantzatypiques.org\/wp-content\/uploads\/2024\/07\/cropped-logo-stephanie-frechin.jpg","url":"https:\/\/enfantzatypiques.org\/wp-content\/uploads\/2024\/07\/cropped-logo-stephanie-frechin.jpg","contentUrl":"https:\/\/enfantzatypiques.org\/wp-content\/uploads\/2024\/07\/cropped-logo-stephanie-frechin.jpg","width":512,"height":512,"caption":"St\u00e9phanie Fr\u00e9chin"},"logo":{"@id":"https:\/\/enfantzatypiques.org\/wp-content\/uploads\/2024\/07\/cropped-logo-stephanie-frechin.jpg"},"sameAs":["http:\/\/www.enfantzatypiques.com"]}]}},"_links":{"self":[{"href":"https:\/\/enfantzatypiques.org\/index.php\/wp-json\/wp\/v2\/pages\/513","targetHints":{"allow":["GET"]}}],"collection":[{"href":"https:\/\/enfantzatypiques.org\/index.php\/wp-json\/wp\/v2\/pages"}],"about":[{"href":"https:\/\/enfantzatypiques.org\/index.php\/wp-json\/wp\/v2\/types\/page"}],"author":[{"embeddable":true,"href":"https:\/\/enfantzatypiques.org\/index.php\/wp-json\/wp\/v2\/users\/2"}],"replies":[{"embeddable":true,"href":"https:\/\/enfantzatypiques.org\/index.php\/wp-json\/wp\/v2\/comments?post=513"}],"version-history":[{"count":13,"href":"https:\/\/enfantzatypiques.org\/index.php\/wp-json\/wp\/v2\/pages\/513\/revisions"}],"predecessor-version":[{"id":924,"href":"https:\/\/enfantzatypiques.org\/index.php\/wp-json\/wp\/v2\/pages\/513\/revisions\/924"}],"wp:attachment":[{"href":"https:\/\/enfantzatypiques.org\/index.php\/wp-json\/wp\/v2\/media?parent=513"}],"curies":[{"name":"wp","href":"https:\/\/api.w.org\/{rel}","templated":true}]}}