{"id":298,"date":"2024-07-04T20:33:20","date_gmt":"2024-07-04T18:33:20","guid":{"rendered":"https:\/\/enfantzatypiques.org\/?page_id=298"},"modified":"2024-08-01T14:30:05","modified_gmt":"2024-08-01T12:30:05","slug":"qui-suis-je","status":"publish","type":"page","link":"https:\/\/enfantzatypiques.org\/index.php\/qui-suis-je\/","title":{"rendered":"Qui suis-je ?"},"content":{"rendered":"\t\t<div data-elementor-type=\"wp-page\" data-elementor-id=\"298\" class=\"elementor elementor-298\">\n\t\t\t\t<div class=\"elementor-element elementor-element-88d3a8c e-flex e-con-boxed e-con e-parent\" data-id=\"88d3a8c\" data-element_type=\"container\" data-e-type=\"container\">\n\t\t\t\t\t<div class=\"e-con-inner\">\n\t\t\t\t<div class=\"elementor-element elementor-element-9bf2822 elementor-widget elementor-widget-text-editor\" data-id=\"9bf2822\" data-element_type=\"widget\" data-e-type=\"widget\" data-widget_type=\"text-editor.default\">\n\t\t\t\t<div class=\"elementor-widget-container\">\n\t\t\t\t\t\t\t\t\t<h2 style=\"text-align: center;\"><strong>St\u00e9phanie Fr\u00e9chin<\/strong><\/h2><p><img fetchpriority=\"high\" decoding=\"async\" class=\"size-full wp-image-854 aligncenter\" src=\"http:\/\/enfantzatypiques.org\/wp-content\/uploads\/2024\/07\/Stephanie-Frechin-portrait.jpg\" alt=\"St\u00e9phani Fr\u00e9chin enfantzatypiques\" width=\"580\" height=\"588\" srcset=\"https:\/\/enfantzatypiques.org\/wp-content\/uploads\/2024\/07\/Stephanie-Frechin-portrait.jpg 580w, https:\/\/enfantzatypiques.org\/wp-content\/uploads\/2024\/07\/Stephanie-Frechin-portrait-296x300.jpg 296w, https:\/\/enfantzatypiques.org\/wp-content\/uploads\/2024\/07\/Stephanie-Frechin-portrait-200x203.jpg 200w\" sizes=\"(max-width: 580px) 100vw, 580px\" \/><\/p><h4 style=\"text-align: center;\">votre consultante et praticienne en Neurofeedback<\/h4>\t\t\t\t\t\t\t\t<\/div>\n\t\t\t\t<\/div>\n\t\t\t\t\t<\/div>\n\t\t\t\t<\/div>\n\t\t<div class=\"elementor-element elementor-element-62cd33f e-flex e-con-boxed e-con e-parent\" data-id=\"62cd33f\" data-element_type=\"container\" data-e-type=\"container\">\n\t\t\t\t\t<div class=\"e-con-inner\">\n\t\t\t\t<div class=\"elementor-element elementor-element-c8c3e68 elementor-widget elementor-widget-text-editor\" data-id=\"c8c3e68\" data-element_type=\"widget\" data-e-type=\"widget\" data-widget_type=\"text-editor.default\">\n\t\t\t\t<div class=\"elementor-widget-container\">\n\t\t\t\t\t\t\t\t\t<p>Maman de 4 grands enfants atypiques, engag\u00e9e et passionn\u00e9e par l\u2019Humain, je m\u2019efforce de<br \/>les accompagner au mieux afin de leur proposer des\u00a0outils non invasif et non<br \/>m\u00e9dicamenteux pour d\u00e9velopper et d\u00e9couvrir leurs pouvoirs \u00e9motionnels et ainsi leur<br \/>permettre de s\u2019autog\u00e9rer.<\/p><p>Il est essentiel pour moi de les aider afin qu\u2019ils grandissent et s&rsquo;\u00e9panouissent pour devenir<br \/>les adultes de demain bien dans leur corps et dans leur esprit.<\/p><p>En devenant parent, j\u2019ai toujours cherch\u00e9 \u00e0 faire de mon mieux pour le\u00a0bien-\u00eatre physique et<br \/>\u00e9motionnel\u00a0de mes enfants. Apr\u00e8s presque bient\u00f4t 30 ans de formations,<br \/>d\u2019accompagnements et de recherches que ce soit avec les miens ou bien avec les autres<br \/>enfants, lors de mes diff\u00e9rentes exp\u00e9riences professionnelles (\u00e9ducatrice, directrice d\u2019\u00e9cole<br \/>,\u2026), il m\u2019est apparu \u00e9vident, que je continue d\u2019apporter ma pierre \u00e0 l\u2019\u00e9difice. Continuer<br \/>d\u2019apporter mon aide \u00e0 la compr\u00e9hension et le bien-\u00eatre de tous ses enfants (TDAH, TSA,<br \/>Dys,\u2026.) est encore aujourd\u2019hui mon cheval de bataille.<\/p><p><img decoding=\"async\" class=\"size-full wp-image-855 aligncenter\" src=\"http:\/\/enfantzatypiques.org\/wp-content\/uploads\/2024\/07\/stephanie-Frechin-enfantzatypiques-2.jpg\" alt=\"St\u00e9phnanie Fr\u00e9chin enfantzatypiques\" width=\"511\" height=\"652\" srcset=\"https:\/\/enfantzatypiques.org\/wp-content\/uploads\/2024\/07\/stephanie-Frechin-enfantzatypiques-2.jpg 511w, https:\/\/enfantzatypiques.org\/wp-content\/uploads\/2024\/07\/stephanie-Frechin-enfantzatypiques-2-235x300.jpg 235w, https:\/\/enfantzatypiques.org\/wp-content\/uploads\/2024\/07\/stephanie-Frechin-enfantzatypiques-2-200x255.jpg 200w\" sizes=\"(max-width: 511px) 100vw, 511px\" \/><\/p><p>C\u2019est ainsi que je suis entr\u00e9e dans le monde du <strong>Neuroffeedback<\/strong> par \u00c9lectroenc\u00e9phalogramme<br \/>quantitatif (EEGq). J\u2019ai \u00e9t\u00e9 form\u00e9e par l\u2019Institut Neurosens, fort de plus de 20 ans d\u2019expertises<br \/>en Neurofeedback EEGq au Canada mais aussi qui a particip\u00e9 \u00e0 la cr\u00e9ation (2017) de<br \/>l\u2019Association Francophone de Biofeedback et de Neurofeedback (AFBN).<\/p><p>Le neurofeedback EEGq est une m\u00e9thode d\u2019entrainement c\u00e9r\u00e9bral qui permet d\u2019apprendre \u00e0<br \/>g\u00e9rer les dysfonctionnements de son cerveau. Elle peut donc s\u2019adresser \u00e0 tous et \u00e0 toutes.<\/p><p>J\u2019ai pu ainsi tester sur mon fils de 15 ans TDAH. Ses temp\u00eates \u00e9motionnelles sont de moins en moins fr\u00e9quentes et surtout plus courtes et ses sympt\u00f4mes d\u2019anxi\u00e9t\u00e9 (se ronger les ongles, mal \u00e0 la t\u00eate) ont diminu\u00e9 de mani\u00e8re significative.<\/p><p>Sur mon chemin, j\u2019ai rencontr\u00e9 \u00e9galement de nombreuses techniques comme<br \/>l\u2019Hypnoth\u00e9rapie, l\u2019EMDR, l\u2019EFT, la syst\u00e9mie individuelle et la psychologie des enfants et des adolescents\u2026<\/p><p>Je me ferais un plaisir d\u2019accompagner votre enfant afin de lui apporter une solution durable et efficace. En optimisant le potentiel de votre enfant, il va pouvoir devenir acteur de ses propres changements et am\u00e9liorer sa vie.<\/p><p>\u00a0<\/p>\t\t\t\t\t\t\t\t<\/div>\n\t\t\t\t<\/div>\n\t\t\t\t\t<\/div>\n\t\t\t\t<\/div>\n\t\t<div class=\"elementor-element elementor-element-b3a58cd e-flex e-con-boxed e-con e-parent\" data-id=\"b3a58cd\" data-element_type=\"container\" data-e-type=\"container\">\n\t\t\t\t\t<div class=\"e-con-inner\">\n\t\t\t\t<div class=\"elementor-element elementor-element-f4b8b40 elementor-widget elementor-widget-text-editor\" data-id=\"f4b8b40\" data-element_type=\"widget\" data-e-type=\"widget\" data-widget_type=\"text-editor.default\">\n\t\t\t\t<div class=\"elementor-widget-container\">\n\t\t\t\t\t\t\t\t\t<h4 style=\"text-align: center;\"><strong>\u00ab\u00a0<em>La joie, le sentiment de sa propre valeur, d&rsquo;\u00eatre appr\u00e9ci\u00e9 et aim\u00e9 par les autres, se sentir utiles et capables de produire sont autant de facteurs d&rsquo;une grande valeur pour l&rsquo;\u00e2me humaine\u00a0\u00bb<\/em><\/strong><\/h4>\t\t\t\t\t\t\t\t<\/div>\n\t\t\t\t<\/div>\n\t\t\t\t\t<\/div>\n\t\t\t\t<\/div>\n\t\t<div class=\"elementor-element elementor-element-43d12fd e-flex e-con-boxed e-con e-parent\" data-id=\"43d12fd\" data-element_type=\"container\" data-e-type=\"container\">\n\t\t\t\t\t<div class=\"e-con-inner\">\n\t\t\t\t<div class=\"elementor-element elementor-element-6b01d89 elementor-widget elementor-widget-text-editor\" data-id=\"6b01d89\" data-element_type=\"widget\" data-e-type=\"widget\" data-widget_type=\"text-editor.default\">\n\t\t\t\t<div class=\"elementor-widget-container\">\n\t\t\t\t\t\t\t\t\t<p style=\"text-align: right;\"><strong>Maria Montessori<\/strong><\/p>\t\t\t\t\t\t\t\t<\/div>\n\t\t\t\t<\/div>\n\t\t\t\t\t<\/div>\n\t\t\t\t<\/div>\n\t\t<div class=\"elementor-element elementor-element-e7d48e9 e-flex e-con-boxed e-con e-parent\" data-id=\"e7d48e9\" data-element_type=\"container\" data-e-type=\"container\">\n\t\t\t\t\t<div class=\"e-con-inner\">\n\t\t\t\t<div class=\"elementor-element elementor-element-191f6ee elementor-widget elementor-widget-text-editor\" data-id=\"191f6ee\" data-element_type=\"widget\" data-e-type=\"widget\" data-widget_type=\"text-editor.default\">\n\t\t\t\t<div class=\"elementor-widget-container\">\n\t\t\t\t\t\t\t\t\t<h2>MES FORMATIONS<\/h2><ul><li>\u00a0Neurth\u00e9rapeute 2024 Neurosens<\/li><li>Syst\u00e9mie individuelle -2024 Malinka Dauvern\u00e9 Paris Sakti institut<br \/>\u00a0\u00ab Les enfants actuels \u00bb (DYS, TSA,\u2026) avec Marie-Fran\u00e7oise Neveu 2022-2024 Paris<\/li><li>Aromath\u00e9rapie 2021-2022 Cr\u00e9cy la Chapelle<\/li><li>Formation au Mind Mapping (certifi\u00e9e Buzan) 2022 (En ligne)<\/li><li>VAE (Educateur jeunes enfants) 2021-2022 Nogent sur Marne<\/li><li>Hypnoth\u00e9rapeute avec EFT et EMDR 2021-2023 Paris Sakti institut<\/li><li>Massage \u00ab pieds-mains \u00bbpour les enfants 2021 Cr\u00e9cy la Chapelle<\/li><li>Hypnoth\u00e9rapie avec EFT et EMDR pour les enfants 2021 Paris Sakti institut<br \/>\u00a0IMP (int\u00e9gration motrice primordiale) 2018 Cr\u00e9cy la Chapelle<\/li><li>Dipl\u00f4me Educateur AMI (3-6 ans) 2017 Gen\u00e8ve (Suisse)<\/li><\/ul>\t\t\t\t\t\t\t\t<\/div>\n\t\t\t\t<\/div>\n\t\t\t\t\t<\/div>\n\t\t\t\t<\/div>\n\t\t\t\t<\/div>\n\t\t","protected":false},"excerpt":{"rendered":"<p>St\u00e9phanie Fr\u00e9chin votre consultante et praticienne en Neurofeedback Maman de 4 grands enfants atypiques, engag\u00e9e et passionn\u00e9e par l\u2019Humain, je m\u2019efforce deles accompagner au mieux afin de leur proposer des\u00a0outils non invasif et nonm\u00e9dicamenteux pour d\u00e9velopper et d\u00e9couvrir leurs pouvoirs \u00e9motionnels et ainsi leurpermettre de s\u2019autog\u00e9rer. Il est essentiel pour moi de les aider afin [&hellip;]<\/p>\n","protected":false},"author":2,"featured_media":0,"parent":0,"menu_order":0,"comment_status":"closed","ping_status":"closed","template":"","meta":{"_eb_attr":"","footnotes":""},"class_list":["post-298","page","type-page","status-publish","hentry"],"yoast_head":"<!-- This site is optimized with the Yoast SEO plugin v27.4 - https:\/\/yoast.com\/product\/yoast-seo-wordpress\/ -->\n<title>Qui suis-je ? - Les enfantZatypiques<\/title>\n<meta name=\"robots\" content=\"index, follow, max-snippet:-1, max-image-preview:large, max-video-preview:-1\" \/>\n<link rel=\"canonical\" href=\"http:\/\/enfantzatypiques.org\/index.php\/qui-suis-je\/\" \/>\n<meta property=\"og:locale\" content=\"fr_FR\" \/>\n<meta property=\"og:type\" content=\"article\" \/>\n<meta property=\"og:title\" content=\"Qui suis-je ? - Les enfantZatypiques\" \/>\n<meta property=\"og:description\" content=\"St\u00e9phanie Fr\u00e9chin votre consultante et praticienne en Neurofeedback Maman de 4 grands enfants atypiques, engag\u00e9e et passionn\u00e9e par l\u2019Humain, je m\u2019efforce deles accompagner au mieux afin de leur proposer des\u00a0outils non invasif et nonm\u00e9dicamenteux pour d\u00e9velopper et d\u00e9couvrir leurs pouvoirs \u00e9motionnels et ainsi leurpermettre de s\u2019autog\u00e9rer. Il est essentiel pour moi de les aider afin [&hellip;]\" \/>\n<meta property=\"og:url\" content=\"http:\/\/enfantzatypiques.org\/index.php\/qui-suis-je\/\" \/>\n<meta property=\"og:site_name\" content=\"Les enfantZatypiques\" \/>\n<meta property=\"article:modified_time\" content=\"2024-08-01T12:30:05+00:00\" \/>\n<meta property=\"og:image\" content=\"http:\/\/enfantzatypiques.org\/wp-content\/uploads\/2024\/07\/Stephanie-Frechin-portrait.jpg\" \/>\n<meta name=\"twitter:card\" content=\"summary_large_image\" \/>\n<meta name=\"twitter:label1\" content=\"Dur\u00e9e de lecture estim\u00e9e\" \/>\n\t<meta name=\"twitter:data1\" content=\"3 minutes\" \/>\n<script type=\"application\/ld+json\" class=\"yoast-schema-graph\">{\"@context\":\"https:\\\/\\\/schema.org\",\"@graph\":[{\"@type\":\"WebPage\",\"@id\":\"http:\\\/\\\/enfantzatypiques.org\\\/index.php\\\/qui-suis-je\\\/\",\"url\":\"http:\\\/\\\/enfantzatypiques.org\\\/index.php\\\/qui-suis-je\\\/\",\"name\":\"Qui suis-je ? - Les enfantZatypiques\",\"isPartOf\":{\"@id\":\"http:\\\/\\\/enfantzatypiques.org\\\/#website\"},\"primaryImageOfPage\":{\"@id\":\"http:\\\/\\\/enfantzatypiques.org\\\/index.php\\\/qui-suis-je\\\/#primaryimage\"},\"image\":{\"@id\":\"http:\\\/\\\/enfantzatypiques.org\\\/index.php\\\/qui-suis-je\\\/#primaryimage\"},\"thumbnailUrl\":\"http:\\\/\\\/enfantzatypiques.org\\\/wp-content\\\/uploads\\\/2024\\\/07\\\/Stephanie-Frechin-portrait.jpg\",\"datePublished\":\"2024-07-04T18:33:20+00:00\",\"dateModified\":\"2024-08-01T12:30:05+00:00\",\"breadcrumb\":{\"@id\":\"http:\\\/\\\/enfantzatypiques.org\\\/index.php\\\/qui-suis-je\\\/#breadcrumb\"},\"inLanguage\":\"fr-FR\",\"potentialAction\":[{\"@type\":\"ReadAction\",\"target\":[\"http:\\\/\\\/enfantzatypiques.org\\\/index.php\\\/qui-suis-je\\\/\"]}]},{\"@type\":\"ImageObject\",\"inLanguage\":\"fr-FR\",\"@id\":\"http:\\\/\\\/enfantzatypiques.org\\\/index.php\\\/qui-suis-je\\\/#primaryimage\",\"url\":\"https:\\\/\\\/enfantzatypiques.org\\\/wp-content\\\/uploads\\\/2024\\\/07\\\/Stephanie-Frechin-portrait.jpg\",\"contentUrl\":\"https:\\\/\\\/enfantzatypiques.org\\\/wp-content\\\/uploads\\\/2024\\\/07\\\/Stephanie-Frechin-portrait.jpg\",\"width\":580,\"height\":588,\"caption\":\"St\u00e9phani Fr\u00e9chin enfantzatypiques\"},{\"@type\":\"BreadcrumbList\",\"@id\":\"http:\\\/\\\/enfantzatypiques.org\\\/index.php\\\/qui-suis-je\\\/#breadcrumb\",\"itemListElement\":[{\"@type\":\"ListItem\",\"position\":1,\"name\":\"Accueil\",\"item\":\"http:\\\/\\\/enfantzatypiques.org\\\/\"},{\"@type\":\"ListItem\",\"position\":2,\"name\":\"Qui suis-je ?\"}]},{\"@type\":\"WebSite\",\"@id\":\"http:\\\/\\\/enfantzatypiques.org\\\/#website\",\"url\":\"http:\\\/\\\/enfantzatypiques.org\\\/\",\"name\":\"Les enfantZatypiques\",\"description\":\"Comment soigner les enfants atypiques ?\",\"publisher\":{\"@id\":\"http:\\\/\\\/enfantzatypiques.org\\\/#\\\/schema\\\/person\\\/8c2673b14bbe39f5978d3c9c517dfebd\"},\"potentialAction\":[{\"@type\":\"SearchAction\",\"target\":{\"@type\":\"EntryPoint\",\"urlTemplate\":\"http:\\\/\\\/enfantzatypiques.org\\\/?s={search_term_string}\"},\"query-input\":{\"@type\":\"PropertyValueSpecification\",\"valueRequired\":true,\"valueName\":\"search_term_string\"}}],\"inLanguage\":\"fr-FR\"},{\"@type\":[\"Person\",\"Organization\"],\"@id\":\"http:\\\/\\\/enfantzatypiques.org\\\/#\\\/schema\\\/person\\\/8c2673b14bbe39f5978d3c9c517dfebd\",\"name\":\"St\u00e9phanie Fr\u00e9chin\",\"image\":{\"@type\":\"ImageObject\",\"inLanguage\":\"fr-FR\",\"@id\":\"https:\\\/\\\/enfantzatypiques.org\\\/wp-content\\\/uploads\\\/2024\\\/07\\\/cropped-logo-stephanie-frechin.jpg\",\"url\":\"https:\\\/\\\/enfantzatypiques.org\\\/wp-content\\\/uploads\\\/2024\\\/07\\\/cropped-logo-stephanie-frechin.jpg\",\"contentUrl\":\"https:\\\/\\\/enfantzatypiques.org\\\/wp-content\\\/uploads\\\/2024\\\/07\\\/cropped-logo-stephanie-frechin.jpg\",\"width\":512,\"height\":512,\"caption\":\"St\u00e9phanie Fr\u00e9chin\"},\"logo\":{\"@id\":\"https:\\\/\\\/enfantzatypiques.org\\\/wp-content\\\/uploads\\\/2024\\\/07\\\/cropped-logo-stephanie-frechin.jpg\"},\"sameAs\":[\"http:\\\/\\\/www.enfantzatypiques.com\"]}]}<\/script>\n<!-- \/ Yoast SEO plugin. -->","yoast_head_json":{"title":"Qui suis-je ? - Les enfantZatypiques","robots":{"index":"index","follow":"follow","max-snippet":"max-snippet:-1","max-image-preview":"max-image-preview:large","max-video-preview":"max-video-preview:-1"},"canonical":"http:\/\/enfantzatypiques.org\/index.php\/qui-suis-je\/","og_locale":"fr_FR","og_type":"article","og_title":"Qui suis-je ? - Les enfantZatypiques","og_description":"St\u00e9phanie Fr\u00e9chin votre consultante et praticienne en Neurofeedback Maman de 4 grands enfants atypiques, engag\u00e9e et passionn\u00e9e par l\u2019Humain, je m\u2019efforce deles accompagner au mieux afin de leur proposer des\u00a0outils non invasif et nonm\u00e9dicamenteux pour d\u00e9velopper et d\u00e9couvrir leurs pouvoirs \u00e9motionnels et ainsi leurpermettre de s\u2019autog\u00e9rer. Il est essentiel pour moi de les aider afin [&hellip;]","og_url":"http:\/\/enfantzatypiques.org\/index.php\/qui-suis-je\/","og_site_name":"Les enfantZatypiques","article_modified_time":"2024-08-01T12:30:05+00:00","og_image":[{"url":"http:\/\/enfantzatypiques.org\/wp-content\/uploads\/2024\/07\/Stephanie-Frechin-portrait.jpg","type":"","width":"","height":""}],"twitter_card":"summary_large_image","twitter_misc":{"Dur\u00e9e de lecture estim\u00e9e":"3 minutes"},"schema":{"@context":"https:\/\/schema.org","@graph":[{"@type":"WebPage","@id":"http:\/\/enfantzatypiques.org\/index.php\/qui-suis-je\/","url":"http:\/\/enfantzatypiques.org\/index.php\/qui-suis-je\/","name":"Qui suis-je ? - Les enfantZatypiques","isPartOf":{"@id":"http:\/\/enfantzatypiques.org\/#website"},"primaryImageOfPage":{"@id":"http:\/\/enfantzatypiques.org\/index.php\/qui-suis-je\/#primaryimage"},"image":{"@id":"http:\/\/enfantzatypiques.org\/index.php\/qui-suis-je\/#primaryimage"},"thumbnailUrl":"http:\/\/enfantzatypiques.org\/wp-content\/uploads\/2024\/07\/Stephanie-Frechin-portrait.jpg","datePublished":"2024-07-04T18:33:20+00:00","dateModified":"2024-08-01T12:30:05+00:00","breadcrumb":{"@id":"http:\/\/enfantzatypiques.org\/index.php\/qui-suis-je\/#breadcrumb"},"inLanguage":"fr-FR","potentialAction":[{"@type":"ReadAction","target":["http:\/\/enfantzatypiques.org\/index.php\/qui-suis-je\/"]}]},{"@type":"ImageObject","inLanguage":"fr-FR","@id":"http:\/\/enfantzatypiques.org\/index.php\/qui-suis-je\/#primaryimage","url":"https:\/\/enfantzatypiques.org\/wp-content\/uploads\/2024\/07\/Stephanie-Frechin-portrait.jpg","contentUrl":"https:\/\/enfantzatypiques.org\/wp-content\/uploads\/2024\/07\/Stephanie-Frechin-portrait.jpg","width":580,"height":588,"caption":"St\u00e9phani Fr\u00e9chin enfantzatypiques"},{"@type":"BreadcrumbList","@id":"http:\/\/enfantzatypiques.org\/index.php\/qui-suis-je\/#breadcrumb","itemListElement":[{"@type":"ListItem","position":1,"name":"Accueil","item":"http:\/\/enfantzatypiques.org\/"},{"@type":"ListItem","position":2,"name":"Qui suis-je ?"}]},{"@type":"WebSite","@id":"http:\/\/enfantzatypiques.org\/#website","url":"http:\/\/enfantzatypiques.org\/","name":"Les enfantZatypiques","description":"Comment soigner les enfants atypiques ?","publisher":{"@id":"http:\/\/enfantzatypiques.org\/#\/schema\/person\/8c2673b14bbe39f5978d3c9c517dfebd"},"potentialAction":[{"@type":"SearchAction","target":{"@type":"EntryPoint","urlTemplate":"http:\/\/enfantzatypiques.org\/?s={search_term_string}"},"query-input":{"@type":"PropertyValueSpecification","valueRequired":true,"valueName":"search_term_string"}}],"inLanguage":"fr-FR"},{"@type":["Person","Organization"],"@id":"http:\/\/enfantzatypiques.org\/#\/schema\/person\/8c2673b14bbe39f5978d3c9c517dfebd","name":"St\u00e9phanie Fr\u00e9chin","image":{"@type":"ImageObject","inLanguage":"fr-FR","@id":"https:\/\/enfantzatypiques.org\/wp-content\/uploads\/2024\/07\/cropped-logo-stephanie-frechin.jpg","url":"https:\/\/enfantzatypiques.org\/wp-content\/uploads\/2024\/07\/cropped-logo-stephanie-frechin.jpg","contentUrl":"https:\/\/enfantzatypiques.org\/wp-content\/uploads\/2024\/07\/cropped-logo-stephanie-frechin.jpg","width":512,"height":512,"caption":"St\u00e9phanie Fr\u00e9chin"},"logo":{"@id":"https:\/\/enfantzatypiques.org\/wp-content\/uploads\/2024\/07\/cropped-logo-stephanie-frechin.jpg"},"sameAs":["http:\/\/www.enfantzatypiques.com"]}]}},"_links":{"self":[{"href":"https:\/\/enfantzatypiques.org\/index.php\/wp-json\/wp\/v2\/pages\/298","targetHints":{"allow":["GET"]}}],"collection":[{"href":"https:\/\/enfantzatypiques.org\/index.php\/wp-json\/wp\/v2\/pages"}],"about":[{"href":"https:\/\/enfantzatypiques.org\/index.php\/wp-json\/wp\/v2\/types\/page"}],"author":[{"embeddable":true,"href":"https:\/\/enfantzatypiques.org\/index.php\/wp-json\/wp\/v2\/users\/2"}],"replies":[{"embeddable":true,"href":"https:\/\/enfantzatypiques.org\/index.php\/wp-json\/wp\/v2\/comments?post=298"}],"version-history":[{"count":36,"href":"https:\/\/enfantzatypiques.org\/index.php\/wp-json\/wp\/v2\/pages\/298\/revisions"}],"predecessor-version":[{"id":1053,"href":"https:\/\/enfantzatypiques.org\/index.php\/wp-json\/wp\/v2\/pages\/298\/revisions\/1053"}],"wp:attachment":[{"href":"https:\/\/enfantzatypiques.org\/index.php\/wp-json\/wp\/v2\/media?parent=298"}],"curies":[{"name":"wp","href":"https:\/\/api.w.org\/{rel}","templated":true}]}}