{"id":286,"date":"2024-07-04T20:31:22","date_gmt":"2024-07-04T18:31:22","guid":{"rendered":"https:\/\/enfantzatypiques.org\/?page_id=286"},"modified":"2024-07-08T10:52:33","modified_gmt":"2024-07-08T08:52:33","slug":"les-parents","status":"publish","type":"page","link":"https:\/\/enfantzatypiques.org\/index.php\/les-parents\/","title":{"rendered":"Les parents"},"content":{"rendered":"\t\t<div data-elementor-type=\"wp-page\" data-elementor-id=\"286\" class=\"elementor elementor-286\">\n\t\t\t\t<div class=\"elementor-element elementor-element-b3a3b10 e-flex e-con-boxed e-con e-parent\" data-id=\"b3a3b10\" data-element_type=\"container\" data-e-type=\"container\">\n\t\t\t\t\t<div class=\"e-con-inner\">\n\t\t\t\t<div class=\"elementor-element elementor-element-3188c36 elementor-widget elementor-widget-text-editor\" data-id=\"3188c36\" data-element_type=\"widget\" data-e-type=\"widget\" data-widget_type=\"text-editor.default\">\n\t\t\t\t<div class=\"elementor-widget-container\">\n\t\t\t\t\t\t\t\t\t<h1>\u00catre le parent d\u2019un enfant atypique, c\u2019est frustrant et \u00e9puisant<\/h1><div id=\"attachment_188\" class=\"wp-caption alignleft\"><img fetchpriority=\"high\" decoding=\"async\" class=\"size-medium wp-image-188\" src=\"https:\/\/i0.wp.com\/www.parents-apaises.com\/wp-content\/uploads\/2017\/04\/Homme_triste_OK.jpg?resize=300%2C200&amp;ssl=1\" sizes=\"(max-width: 300px) 100vw, 300px\" srcset=\"https:\/\/i0.wp.com\/www.parents-apaises.com\/wp-content\/uploads\/2017\/04\/Homme_triste_OK.jpg?resize=300%2C200&amp;ssl=1 300w, https:\/\/i0.wp.com\/www.parents-apaises.com\/wp-content\/uploads\/2017\/04\/Homme_triste_OK.jpg?w=424&amp;ssl=1 424w\" alt=\"Vivre avec un enfant hypersensible\" width=\"300\" height=\"200\" aria-describedby=\"caption-attachment-188\" \/><p id=\"caption-attachment-188\" class=\"wp-caption-text\">\u00catre le parent d\u2019un enfant atypique, c\u2019est frustrant et \u00e9puisant<\/p><\/div><p>Vous l\u2019aurez compris, un enfant atypique est un enfant qui n\u2019arrive pas \u00e0 rentrer dans le moule de la soci\u00e9t\u00e9,\u00a0 \u00e0 s\u2019adapter au syst\u00e8me scolaire classique. Ces enfants sont plus sensibles que la moyenne et pr\u00e9sentent g\u00e9n\u00e9ralement des troubles de l\u2019apprentissage\u00a0: <strong>ils souffrent de troubles \u00ab\u00a0dys-\u00ab\u00a0, de TDA\/H, sont pr\u00e9coces (\u00e0 haut potentiel) et\/ou sont hypersensibles.<\/strong><\/p><p>\u00catre parent d\u2019un enfant atypique peut \u00eatre frustrant et d\u00e9moralisant. On est constamment ramen\u00e9 par la soci\u00e9t\u00e9, l\u2019entourage et l\u2019\u00e9cole aux \u00ab\u00a0probl\u00e8mes\u00a0\u00bb de notre enfant.<br \/>Fatigu\u00e9s de toujours devoir justifier ses comportements et garder la t\u00eate haute devant les censeurs de la bonne \u00e9ducation, nous avons fait, mon ch\u00e9ri et moi, <strong>l\u2019erreur de nous rallier \u00e0 la majorit\u00e9 qui voyait Solal comme un \u00ab\u00a0probl\u00e8me\u00a0\u00bb , un agitateur, un inadapt\u00e9<\/strong>. Nous lui avons reproch\u00e9 d\u2019\u00eatre la source de notre mal-\u00eatre, nous l\u2019accusions de faire expr\u00e8s, de ne pas faire suffisamment d\u2019efforts.<\/p><h1>La souffrance des enfants atypiques<\/h1><div id=\"attachment_192\" class=\"wp-caption alignright\"><img decoding=\"async\" class=\"size-medium wp-image-192\" src=\"https:\/\/i1.wp.com\/www.parents-apaises.com\/wp-content\/uploads\/2017\/04\/Fotolia_139557934_XS.jpg?resize=300%2C200&amp;ssl=1\" sizes=\"(max-width: 300px) 100vw, 300px\" srcset=\"https:\/\/i1.wp.com\/www.parents-apaises.com\/wp-content\/uploads\/2017\/04\/Fotolia_139557934_XS.jpg?resize=300%2C200&amp;ssl=1 300w, https:\/\/i1.wp.com\/www.parents-apaises.com\/wp-content\/uploads\/2017\/04\/Fotolia_139557934_XS.jpg?w=424&amp;ssl=1 424w\" alt=\"Enfant triste\" width=\"300\" height=\"200\" aria-describedby=\"caption-attachment-192\" \/><p id=\"caption-attachment-192\" class=\"wp-caption-text\">Les enfants atypiques souffrent du rejet des autres, de ne pas satisfaire \u00e0 nos exigences et \u00e0 celles de l\u2019\u00e9cole.<\/p><\/div><p>A la longue, nous avons constat\u00e9 que nos reproches et nos exigences rendaient Solal encore plus sombre, nerveux et ses \u00ab\u00a0sympt\u00f4mes\u00a0\u00bb devenaient encore plus pr\u00e9gnants, plus d\u00e9rangeants.<\/p><p>Un jour apr\u00e8s une dispute, Solal m\u2019a dit \u00ab\u00a0<em>je sais que je vais devenir un criminel quand je serai grand. De toutes fa\u00e7ons, je suis un bon \u00e0 rien<\/em>.\u00a0\u00bb \u00c7a a m\u2019a fait l\u2019effet d\u2019une claque. Comment une enfant de 7 ans peut-il avoir une estime de soi aussi basse\u00a0? Il avait l\u2019air tellement malheureux et d\u00e9sesp\u00e9r\u00e9 que j\u2019ai senti mon c\u0153ur se briser \u00e0 la fois de tristesse et d\u2019amour pour mon enfant si intelligent et pourtant persuad\u00e9 qu\u2019il \u00e9tait \u00ab\u00a0un bon \u00e0 rien\u00a0\u00bb.<\/p><p>Comme tous les enfants atypiques, Solal souffrait de notre incompr\u00e9hension, du sentiment d\u2019\u00eatre bizarre, du rejet des autres. Il ressentait une douleur aigu\u00eb de ne pas parvenir \u00e0 rentrer dans le moule, et de la culpabilit\u00e9 de ne pas satisfaire \u00e0 nos exigences et \u00e0 celles de l\u2019\u00e9cole.<\/p><p>Alors j\u2019ai d\u00e9cid\u00e9 de changer mon regard sur Solal et de consid\u00e9rer que<strong> le probl\u00e8me ne venait pas de lui mais de nous qui ne voulions pas l\u2019accepter tel qu\u2019il \u00e9tait, dans son enti\u00e8ret\u00e9.<\/strong><\/p><h1>Parents d\u2019enfants atypiques\u00a0: tenez le coup, votre enfant en vaut la peine\u00a0!<\/h1><p>Si nous arr\u00eatons de croire en nos enfants, il leur sera difficile de croire en eux-m\u00eames. Faut-il les casser pour qu\u2019ils rentrent dans le moule que la soci\u00e9t\u00e9 nous impose\u00a0? N\u2019est-il pas pr\u00e9f\u00e9rable de <strong>les encourager, de nourrir leur cr\u00e9ativit\u00e9,<\/strong> d\u2019aiguiser leur regard, pour qu\u2019ils osent entreprendre, d\u00e9velopper leurs talents et devenir des adultes audacieux, responsables, libres et heureux\u00a0?<\/p><p>Les enfants atypiques ont besoin, encore plus que les autres, de se sentir en s\u00e9curit\u00e9 physique et affective. Les cris, les reproches, les insultes, les jugements d\u00e9valorisants et les menaces fragilisent leur cerveau. Or, cette violence \u00e9ducative ordinaire est souvent le reflet de l\u2019impuissance et de l\u2019\u00e9puisement des parents.<\/p><h1><strong>Alors comment aider nos enfants atypiques ?<\/strong><\/h1><p>Je vous expliquerai cela en vous proposant <a href=\"https:\/\/www.parents-apaises.com\/aide-enfant-atypique-parents\/\">des astuces concr\u00e8tes \u00e0 mettre en place dans votre quotidien<\/a>. Ces astuces, que j\u2019ai moi-m\u00eame mis en place avec mon fils, permettront d\u2019apaiser votre enfant mais aussi de retrouver un quotidien plus serein. A la prochaine !<\/p>\t\t\t\t\t\t\t\t<\/div>\n\t\t\t\t<\/div>\n\t\t\t\t\t<\/div>\n\t\t\t\t<\/div>\n\t\t\t\t<\/div>\n\t\t","protected":false},"excerpt":{"rendered":"<p>\u00catre le parent d\u2019un enfant atypique, c\u2019est frustrant et \u00e9puisant \u00catre le parent d\u2019un enfant atypique, c\u2019est frustrant et \u00e9puisant Vous l\u2019aurez compris, un enfant atypique est un enfant qui n\u2019arrive pas \u00e0 rentrer dans le moule de la soci\u00e9t\u00e9,\u00a0 \u00e0 s\u2019adapter au syst\u00e8me scolaire classique. Ces enfants sont plus sensibles que la moyenne et [&hellip;]<\/p>\n","protected":false},"author":2,"featured_media":0,"parent":0,"menu_order":0,"comment_status":"closed","ping_status":"closed","template":"","meta":{"_eb_attr":"","footnotes":""},"class_list":["post-286","page","type-page","status-publish","hentry"],"yoast_head":"<!-- This site is optimized with the Yoast SEO plugin v27.4 - https:\/\/yoast.com\/product\/yoast-seo-wordpress\/ -->\n<title>Les parents - Les enfantZatypiques<\/title>\n<meta name=\"robots\" content=\"index, follow, max-snippet:-1, max-image-preview:large, max-video-preview:-1\" \/>\n<link rel=\"canonical\" href=\"https:\/\/enfantzatypiques.org\/index.php\/les-parents\/\" \/>\n<meta property=\"og:locale\" content=\"fr_FR\" \/>\n<meta property=\"og:type\" content=\"article\" \/>\n<meta property=\"og:title\" content=\"Les parents - Les enfantZatypiques\" \/>\n<meta property=\"og:description\" content=\"\u00catre le parent d\u2019un enfant atypique, c\u2019est frustrant et \u00e9puisant \u00catre le parent d\u2019un enfant atypique, c\u2019est frustrant et \u00e9puisant Vous l\u2019aurez compris, un enfant atypique est un enfant qui n\u2019arrive pas \u00e0 rentrer dans le moule de la soci\u00e9t\u00e9,\u00a0 \u00e0 s\u2019adapter au syst\u00e8me scolaire classique. Ces enfants sont plus sensibles que la moyenne et [&hellip;]\" \/>\n<meta property=\"og:url\" content=\"https:\/\/enfantzatypiques.org\/index.php\/les-parents\/\" \/>\n<meta property=\"og:site_name\" content=\"Les enfantZatypiques\" \/>\n<meta property=\"article:modified_time\" content=\"2024-07-08T08:52:33+00:00\" \/>\n<meta property=\"og:image\" content=\"https:\/\/i0.wp.com\/www.parents-apaises.com\/wp-content\/uploads\/2017\/04\/Homme_triste_OK.jpg?resize=300%2C200&amp;ssl=1\" \/>\n<meta name=\"twitter:card\" content=\"summary_large_image\" \/>\n<meta name=\"twitter:label1\" content=\"Dur\u00e9e de lecture estim\u00e9e\" \/>\n\t<meta name=\"twitter:data1\" content=\"4 minutes\" \/>\n<script type=\"application\/ld+json\" class=\"yoast-schema-graph\">{\"@context\":\"https:\\\/\\\/schema.org\",\"@graph\":[{\"@type\":\"WebPage\",\"@id\":\"https:\\\/\\\/enfantzatypiques.org\\\/index.php\\\/les-parents\\\/\",\"url\":\"https:\\\/\\\/enfantzatypiques.org\\\/index.php\\\/les-parents\\\/\",\"name\":\"Les parents - Les enfantZatypiques\",\"isPartOf\":{\"@id\":\"http:\\\/\\\/enfantzatypiques.org\\\/#website\"},\"primaryImageOfPage\":{\"@id\":\"https:\\\/\\\/enfantzatypiques.org\\\/index.php\\\/les-parents\\\/#primaryimage\"},\"image\":{\"@id\":\"https:\\\/\\\/enfantzatypiques.org\\\/index.php\\\/les-parents\\\/#primaryimage\"},\"thumbnailUrl\":\"https:\\\/\\\/i0.wp.com\\\/www.parents-apaises.com\\\/wp-content\\\/uploads\\\/2017\\\/04\\\/Homme_triste_OK.jpg?resize=300%2C200&amp;ssl=1\",\"datePublished\":\"2024-07-04T18:31:22+00:00\",\"dateModified\":\"2024-07-08T08:52:33+00:00\",\"breadcrumb\":{\"@id\":\"https:\\\/\\\/enfantzatypiques.org\\\/index.php\\\/les-parents\\\/#breadcrumb\"},\"inLanguage\":\"fr-FR\",\"potentialAction\":[{\"@type\":\"ReadAction\",\"target\":[\"https:\\\/\\\/enfantzatypiques.org\\\/index.php\\\/les-parents\\\/\"]}]},{\"@type\":\"ImageObject\",\"inLanguage\":\"fr-FR\",\"@id\":\"https:\\\/\\\/enfantzatypiques.org\\\/index.php\\\/les-parents\\\/#primaryimage\",\"url\":\"https:\\\/\\\/i0.wp.com\\\/www.parents-apaises.com\\\/wp-content\\\/uploads\\\/2017\\\/04\\\/Homme_triste_OK.jpg?resize=300%2C200&amp;ssl=1\",\"contentUrl\":\"https:\\\/\\\/i0.wp.com\\\/www.parents-apaises.com\\\/wp-content\\\/uploads\\\/2017\\\/04\\\/Homme_triste_OK.jpg?resize=300%2C200&amp;ssl=1\"},{\"@type\":\"BreadcrumbList\",\"@id\":\"https:\\\/\\\/enfantzatypiques.org\\\/index.php\\\/les-parents\\\/#breadcrumb\",\"itemListElement\":[{\"@type\":\"ListItem\",\"position\":1,\"name\":\"Accueil\",\"item\":\"http:\\\/\\\/enfantzatypiques.org\\\/\"},{\"@type\":\"ListItem\",\"position\":2,\"name\":\"Les parents\"}]},{\"@type\":\"WebSite\",\"@id\":\"http:\\\/\\\/enfantzatypiques.org\\\/#website\",\"url\":\"http:\\\/\\\/enfantzatypiques.org\\\/\",\"name\":\"Les enfantZatypiques\",\"description\":\"Comment soigner les enfants atypiques ?\",\"publisher\":{\"@id\":\"http:\\\/\\\/enfantzatypiques.org\\\/#\\\/schema\\\/person\\\/8c2673b14bbe39f5978d3c9c517dfebd\"},\"potentialAction\":[{\"@type\":\"SearchAction\",\"target\":{\"@type\":\"EntryPoint\",\"urlTemplate\":\"http:\\\/\\\/enfantzatypiques.org\\\/?s={search_term_string}\"},\"query-input\":{\"@type\":\"PropertyValueSpecification\",\"valueRequired\":true,\"valueName\":\"search_term_string\"}}],\"inLanguage\":\"fr-FR\"},{\"@type\":[\"Person\",\"Organization\"],\"@id\":\"http:\\\/\\\/enfantzatypiques.org\\\/#\\\/schema\\\/person\\\/8c2673b14bbe39f5978d3c9c517dfebd\",\"name\":\"St\u00e9phanie Fr\u00e9chin\",\"image\":{\"@type\":\"ImageObject\",\"inLanguage\":\"fr-FR\",\"@id\":\"https:\\\/\\\/enfantzatypiques.org\\\/wp-content\\\/uploads\\\/2024\\\/07\\\/cropped-logo-stephanie-frechin.jpg\",\"url\":\"https:\\\/\\\/enfantzatypiques.org\\\/wp-content\\\/uploads\\\/2024\\\/07\\\/cropped-logo-stephanie-frechin.jpg\",\"contentUrl\":\"https:\\\/\\\/enfantzatypiques.org\\\/wp-content\\\/uploads\\\/2024\\\/07\\\/cropped-logo-stephanie-frechin.jpg\",\"width\":512,\"height\":512,\"caption\":\"St\u00e9phanie Fr\u00e9chin\"},\"logo\":{\"@id\":\"https:\\\/\\\/enfantzatypiques.org\\\/wp-content\\\/uploads\\\/2024\\\/07\\\/cropped-logo-stephanie-frechin.jpg\"},\"sameAs\":[\"http:\\\/\\\/www.enfantzatypiques.com\"]}]}<\/script>\n<!-- \/ Yoast SEO plugin. -->","yoast_head_json":{"title":"Les parents - Les enfantZatypiques","robots":{"index":"index","follow":"follow","max-snippet":"max-snippet:-1","max-image-preview":"max-image-preview:large","max-video-preview":"max-video-preview:-1"},"canonical":"https:\/\/enfantzatypiques.org\/index.php\/les-parents\/","og_locale":"fr_FR","og_type":"article","og_title":"Les parents - Les enfantZatypiques","og_description":"\u00catre le parent d\u2019un enfant atypique, c\u2019est frustrant et \u00e9puisant \u00catre le parent d\u2019un enfant atypique, c\u2019est frustrant et \u00e9puisant Vous l\u2019aurez compris, un enfant atypique est un enfant qui n\u2019arrive pas \u00e0 rentrer dans le moule de la soci\u00e9t\u00e9,\u00a0 \u00e0 s\u2019adapter au syst\u00e8me scolaire classique. Ces enfants sont plus sensibles que la moyenne et [&hellip;]","og_url":"https:\/\/enfantzatypiques.org\/index.php\/les-parents\/","og_site_name":"Les enfantZatypiques","article_modified_time":"2024-07-08T08:52:33+00:00","og_image":[{"url":"https:\/\/i0.wp.com\/www.parents-apaises.com\/wp-content\/uploads\/2017\/04\/Homme_triste_OK.jpg?resize=300%2C200&amp;ssl=1","type":"","width":"","height":""}],"twitter_card":"summary_large_image","twitter_misc":{"Dur\u00e9e de lecture estim\u00e9e":"4 minutes"},"schema":{"@context":"https:\/\/schema.org","@graph":[{"@type":"WebPage","@id":"https:\/\/enfantzatypiques.org\/index.php\/les-parents\/","url":"https:\/\/enfantzatypiques.org\/index.php\/les-parents\/","name":"Les parents - Les enfantZatypiques","isPartOf":{"@id":"http:\/\/enfantzatypiques.org\/#website"},"primaryImageOfPage":{"@id":"https:\/\/enfantzatypiques.org\/index.php\/les-parents\/#primaryimage"},"image":{"@id":"https:\/\/enfantzatypiques.org\/index.php\/les-parents\/#primaryimage"},"thumbnailUrl":"https:\/\/i0.wp.com\/www.parents-apaises.com\/wp-content\/uploads\/2017\/04\/Homme_triste_OK.jpg?resize=300%2C200&amp;ssl=1","datePublished":"2024-07-04T18:31:22+00:00","dateModified":"2024-07-08T08:52:33+00:00","breadcrumb":{"@id":"https:\/\/enfantzatypiques.org\/index.php\/les-parents\/#breadcrumb"},"inLanguage":"fr-FR","potentialAction":[{"@type":"ReadAction","target":["https:\/\/enfantzatypiques.org\/index.php\/les-parents\/"]}]},{"@type":"ImageObject","inLanguage":"fr-FR","@id":"https:\/\/enfantzatypiques.org\/index.php\/les-parents\/#primaryimage","url":"https:\/\/i0.wp.com\/www.parents-apaises.com\/wp-content\/uploads\/2017\/04\/Homme_triste_OK.jpg?resize=300%2C200&amp;ssl=1","contentUrl":"https:\/\/i0.wp.com\/www.parents-apaises.com\/wp-content\/uploads\/2017\/04\/Homme_triste_OK.jpg?resize=300%2C200&amp;ssl=1"},{"@type":"BreadcrumbList","@id":"https:\/\/enfantzatypiques.org\/index.php\/les-parents\/#breadcrumb","itemListElement":[{"@type":"ListItem","position":1,"name":"Accueil","item":"http:\/\/enfantzatypiques.org\/"},{"@type":"ListItem","position":2,"name":"Les parents"}]},{"@type":"WebSite","@id":"http:\/\/enfantzatypiques.org\/#website","url":"http:\/\/enfantzatypiques.org\/","name":"Les enfantZatypiques","description":"Comment soigner les enfants atypiques ?","publisher":{"@id":"http:\/\/enfantzatypiques.org\/#\/schema\/person\/8c2673b14bbe39f5978d3c9c517dfebd"},"potentialAction":[{"@type":"SearchAction","target":{"@type":"EntryPoint","urlTemplate":"http:\/\/enfantzatypiques.org\/?s={search_term_string}"},"query-input":{"@type":"PropertyValueSpecification","valueRequired":true,"valueName":"search_term_string"}}],"inLanguage":"fr-FR"},{"@type":["Person","Organization"],"@id":"http:\/\/enfantzatypiques.org\/#\/schema\/person\/8c2673b14bbe39f5978d3c9c517dfebd","name":"St\u00e9phanie Fr\u00e9chin","image":{"@type":"ImageObject","inLanguage":"fr-FR","@id":"https:\/\/enfantzatypiques.org\/wp-content\/uploads\/2024\/07\/cropped-logo-stephanie-frechin.jpg","url":"https:\/\/enfantzatypiques.org\/wp-content\/uploads\/2024\/07\/cropped-logo-stephanie-frechin.jpg","contentUrl":"https:\/\/enfantzatypiques.org\/wp-content\/uploads\/2024\/07\/cropped-logo-stephanie-frechin.jpg","width":512,"height":512,"caption":"St\u00e9phanie Fr\u00e9chin"},"logo":{"@id":"https:\/\/enfantzatypiques.org\/wp-content\/uploads\/2024\/07\/cropped-logo-stephanie-frechin.jpg"},"sameAs":["http:\/\/www.enfantzatypiques.com"]}]}},"_links":{"self":[{"href":"https:\/\/enfantzatypiques.org\/index.php\/wp-json\/wp\/v2\/pages\/286","targetHints":{"allow":["GET"]}}],"collection":[{"href":"https:\/\/enfantzatypiques.org\/index.php\/wp-json\/wp\/v2\/pages"}],"about":[{"href":"https:\/\/enfantzatypiques.org\/index.php\/wp-json\/wp\/v2\/types\/page"}],"author":[{"embeddable":true,"href":"https:\/\/enfantzatypiques.org\/index.php\/wp-json\/wp\/v2\/users\/2"}],"replies":[{"embeddable":true,"href":"https:\/\/enfantzatypiques.org\/index.php\/wp-json\/wp\/v2\/comments?post=286"}],"version-history":[{"count":6,"href":"https:\/\/enfantzatypiques.org\/index.php\/wp-json\/wp\/v2\/pages\/286\/revisions"}],"predecessor-version":[{"id":404,"href":"https:\/\/enfantzatypiques.org\/index.php\/wp-json\/wp\/v2\/pages\/286\/revisions\/404"}],"wp:attachment":[{"href":"https:\/\/enfantzatypiques.org\/index.php\/wp-json\/wp\/v2\/media?parent=286"}],"curies":[{"name":"wp","href":"https:\/\/api.w.org\/{rel}","templated":true}]}}