{"id":709,"date":"2024-07-22T18:11:22","date_gmt":"2024-07-22T16:11:22","guid":{"rendered":"https:\/\/enfantzatypiques.org\/?page_id=709"},"modified":"2024-07-25T10:02:37","modified_gmt":"2024-07-25T08:02:37","slug":"services","status":"publish","type":"page","link":"http:\/\/enfantzatypiques.org\/index.php\/services\/","title":{"rendered":"Services"},"content":{"rendered":"\t\t<div data-elementor-type=\"wp-page\" data-elementor-id=\"709\" class=\"elementor elementor-709\">\n\t\t\t\t<div class=\"elementor-element elementor-element-803347c e-flex e-con-boxed e-con e-parent\" data-id=\"803347c\" data-element_type=\"container\" data-e-type=\"container\">\n\t\t\t\t\t<div class=\"e-con-inner\">\n\t\t\t\t<div class=\"elementor-element elementor-element-f52ad49 elementor-widget elementor-widget-text-editor\" data-id=\"f52ad49\" data-element_type=\"widget\" data-e-type=\"widget\" data-widget_type=\"text-editor.default\">\n\t\t\t\t<div class=\"elementor-widget-container\">\n\t\t\t\t\t\t\t\t\t<p>Je vous propose de mettre en place des services d\u00e9di\u00e9s aux parents d\u2019enfants atypiques qui pourraient am\u00e9liorer votre qualit\u00e9 de vie et celle de vos enfants. Voici quelques suggestions de services qui pourraient \u00eatre mis en place :<\/p><p><img fetchpriority=\"high\" decoding=\"async\" class=\"alignnone size-full wp-image-815\" src=\"http:\/\/enfantzatypiques.org\/wp-content\/uploads\/2024\/07\/soutien-parents-2.jpg\" alt=\"soutien parents enfantzatypiques\" width=\"787\" height=\"517\" srcset=\"http:\/\/enfantzatypiques.org\/wp-content\/uploads\/2024\/07\/soutien-parents-2.jpg 787w, http:\/\/enfantzatypiques.org\/wp-content\/uploads\/2024\/07\/soutien-parents-2-300x197.jpg 300w, http:\/\/enfantzatypiques.org\/wp-content\/uploads\/2024\/07\/soutien-parents-2-768x505.jpg 768w, http:\/\/enfantzatypiques.org\/wp-content\/uploads\/2024\/07\/soutien-parents-2-200x131.jpg 200w\" sizes=\"(max-width: 787px) 100vw, 787px\" \/><\/p><p>Des informations et des ressources sur les diff\u00e9rentes particularit\u00e9s des enfants atypiques, ainsi que des conseils pratiques pour les parents.<\/p><ul><li>Biblioth\u00e8que de ressources (livres, brochures, articles).<\/li><li>Webinaires et ateliers \u00e9ducatifs.<\/li><li>Conseils personnalis\u00e9s sur la sant\u00e9 et l\u2019\u00e9ducation.<\/li><\/ul><p><strong><em>Groupes de Soutien pour vous\u00a0:<\/em><\/strong><\/p><p>Ces groupes vont vous permettre de partager vos exp\u00e9riences, d&rsquo;\u00e9changer des conseils et de trouver un soutien \u00e9motionnel.<\/p><p><img decoding=\"async\" class=\"alignnone size-full wp-image-825\" src=\"http:\/\/enfantzatypiques.org\/wp-content\/uploads\/2024\/07\/services-pour-parents-enfantzatypiques.jpg\" alt=\"\" width=\"820\" height=\"540\" srcset=\"http:\/\/enfantzatypiques.org\/wp-content\/uploads\/2024\/07\/services-pour-parents-enfantzatypiques.jpg 820w, http:\/\/enfantzatypiques.org\/wp-content\/uploads\/2024\/07\/services-pour-parents-enfantzatypiques-300x198.jpg 300w, http:\/\/enfantzatypiques.org\/wp-content\/uploads\/2024\/07\/services-pour-parents-enfantzatypiques-768x506.jpg 768w, http:\/\/enfantzatypiques.org\/wp-content\/uploads\/2024\/07\/services-pour-parents-enfantzatypiques-200x132.jpg 200w\" sizes=\"(max-width: 820px) 100vw, 820px\" \/><\/p><p><strong>Services propos\u00e9s :<\/strong><\/p><ul><li>R\u00e9unions (en pr\u00e9sentiel et\/ou en ligne).<\/li><li>Rencontres avec des sp\u00e9cialistes invit\u00e9s (Webinaires)<\/li><\/ul><p><strong><em>Th\u00e9rapies et Interventions Sp\u00e9cialis\u00e9es<\/em><\/strong><\/p><p>Des th\u00e9rapies adapt\u00e9es aux besoins des parents\u00a0:<\/p><ul><li>Neurofeedback EEGq.<\/li><li>Biofeedback.<\/li><li>Th\u00e9rapie comportementale.<\/li><li>Hypnoth\u00e9rapie.<\/li><li>EFT (Emotional Feedback Technic)<\/li><li>D\u00e9sensibilation et retraitement par les mouvements oculaires<\/li><li>Syst\u00e9mie individuelle<\/li><\/ul><p><strong><em>Soutien \u00c9ducatif et Scolaire<\/em><\/strong><\/p><p>Je vous aiderai \u00e0 naviguer dans le syst\u00e8me \u00e9ducatif et \u00e0 obtenir les am\u00e9nagements n\u00e9cessaires pour vos enfants.<\/p><ul><li>Conseils en \u00e9ducation sp\u00e9cialis\u00e9e.<\/li><li>Assistance pour la mise en place de Plans d&rsquo;\u00c9ducation Personnalis\u00e9s (PEP).<\/li><li>Soutien scolaire personnalis\u00e9.<\/li><\/ul><p><strong><em>Conseils et Th\u00e9rapies Familiales<\/em><\/strong><\/p><p>Un soutien \u00e9motionnel et psychologique \u00e0 toute la famille est n\u00e9cessaire.<\/p><ul><li>Th\u00e9rapie familiale ou syst\u00e9mie familiale.<\/li><li>Conseils individuels pour les parents.<\/li><li>Coaching parental.<\/li><\/ul><p><strong><em>Programmes d\u2019aides pour Parents<\/em><\/strong><\/p><p>J\u2019offre des aides aux parents pour mieux comprendre et g\u00e9rer les besoins de leurs enfants atypiques.<\/p><ul><li>Ateliers sur la gestion du comportement.<\/li><li>Aides sur les strat\u00e9gies de communication (CNV, communication positive)<\/li><\/ul><p><strong><em>Services d&rsquo;\u00c9valuation par EEGq<\/em><\/strong><\/p><p>Cela permet d\u2019\u00e9valuer les particularit\u00e9s de votre cerveau, assurant ainsi un accompagnement adapt\u00e9\u00a0: corps\/esprit.\u00a0 Retrouver une hom\u00e9ostasie et une s\u00e9r\u00e9nit\u00e9 dans votre vie quotidienne.<\/p><ul><li>\u00c9valuations Neuropsychophysiologiques.<\/li><li>Suivi r\u00e9gulier et r\u00e9\u00e9valuations.<\/li><\/ul>\t\t\t\t\t\t\t\t<\/div>\n\t\t\t\t<\/div>\n\t\t\t\t\t<\/div>\n\t\t\t\t<\/div>\n\t\t<div class=\"elementor-element elementor-element-1d44374 e-flex e-con-boxed e-con e-parent\" data-id=\"1d44374\" data-element_type=\"container\" data-e-type=\"container\">\n\t\t\t\t\t<div class=\"e-con-inner\">\n\t\t\t\t<div class=\"elementor-element elementor-element-8b0af71 elementor-widget elementor-widget-text-editor\" data-id=\"8b0af71\" data-element_type=\"widget\" data-e-type=\"widget\" data-widget_type=\"text-editor.default\">\n\t\t\t\t<div class=\"elementor-widget-container\">\n\t\t\t\t\t\t\t\t\t<h4><em><strong>En mettant en place ces services, je pourrais vous offrir un soutien global et diversifi\u00e9. Cela non seulement am\u00e9liorer votre bien-\u00eatre, mais contribuer \u00e9galement au d\u00e9veloppement optimal de vos enfants<\/strong><\/em><\/h4>\t\t\t\t\t\t\t\t<\/div>\n\t\t\t\t<\/div>\n\t\t\t\t\t<\/div>\n\t\t\t\t<\/div>\n\t\t<div class=\"elementor-element elementor-element-7a8b9ee e-flex e-con-boxed e-con e-parent\" data-id=\"7a8b9ee\" data-element_type=\"container\" data-e-type=\"container\">\n\t\t\t\t\t<div class=\"e-con-inner\">\n\t\t\t\t<div class=\"elementor-element elementor-element-ecff91c elementor-widget elementor-widget-text-editor\" data-id=\"ecff91c\" data-element_type=\"widget\" data-e-type=\"widget\" data-widget_type=\"text-editor.default\">\n\t\t\t\t<div class=\"elementor-widget-container\">\n\t\t\t\t\t\t\t\t\t<p>La collaboration entre les professionnels, les associations et les institutions est essentielle pour cr\u00e9er un r\u00e9seau de soutien solide et efficace.<\/p><div id=\"gtx-trans\" style=\"position: absolute; left: -34px; top: -9.22396px;\"><div class=\"gtx-trans-icon\">\u00a0<\/div><\/div>\t\t\t\t\t\t\t\t<\/div>\n\t\t\t\t<\/div>\n\t\t\t\t\t<\/div>\n\t\t\t\t<\/div>\n\t\t\t\t<\/div>\n\t\t","protected":false},"excerpt":{"rendered":"<p>Je vous propose de mettre en place des services d\u00e9di\u00e9s aux parents d\u2019enfants atypiques qui pourraient am\u00e9liorer votre qualit\u00e9 de vie et celle de vos enfants. Voici quelques suggestions de services qui pourraient \u00eatre mis en place : Des informations et des ressources sur les diff\u00e9rentes particularit\u00e9s des enfants atypiques, ainsi que des conseils pratiques [&hellip;]<\/p>\n","protected":false},"author":2,"featured_media":0,"parent":0,"menu_order":0,"comment_status":"closed","ping_status":"closed","template":"","meta":{"_eb_attr":"","footnotes":""},"class_list":["post-709","page","type-page","status-publish","hentry"],"yoast_head":"<!-- This site is optimized with the Yoast SEO plugin v27.4 - https:\/\/yoast.com\/product\/yoast-seo-wordpress\/ -->\n<title>Services - Les enfantZatypiques<\/title>\n<meta name=\"robots\" content=\"index, follow, max-snippet:-1, max-image-preview:large, max-video-preview:-1\" \/>\n<link rel=\"canonical\" href=\"http:\/\/enfantzatypiques.org\/index.php\/services\/\" \/>\n<meta property=\"og:locale\" content=\"fr_FR\" \/>\n<meta property=\"og:type\" content=\"article\" \/>\n<meta property=\"og:title\" content=\"Services - Les enfantZatypiques\" \/>\n<meta property=\"og:description\" content=\"Je vous propose de mettre en place des services d\u00e9di\u00e9s aux parents d\u2019enfants atypiques qui pourraient am\u00e9liorer votre qualit\u00e9 de vie et celle de vos enfants. Voici quelques suggestions de services qui pourraient \u00eatre mis en place : Des informations et des ressources sur les diff\u00e9rentes particularit\u00e9s des enfants atypiques, ainsi que des conseils pratiques [&hellip;]\" \/>\n<meta property=\"og:url\" content=\"http:\/\/enfantzatypiques.org\/index.php\/services\/\" \/>\n<meta property=\"og:site_name\" content=\"Les enfantZatypiques\" \/>\n<meta property=\"article:modified_time\" content=\"2024-07-25T08:02:37+00:00\" \/>\n<meta property=\"og:image\" content=\"http:\/\/enfantzatypiques.org\/wp-content\/uploads\/2024\/07\/soutien-parents-2.jpg\" \/>\n<meta name=\"twitter:card\" content=\"summary_large_image\" \/>\n<meta name=\"twitter:label1\" content=\"Dur\u00e9e de lecture estim\u00e9e\" \/>\n\t<meta name=\"twitter:data1\" content=\"3 minutes\" \/>\n<script type=\"application\/ld+json\" class=\"yoast-schema-graph\">{\"@context\":\"https:\\\/\\\/schema.org\",\"@graph\":[{\"@type\":\"WebPage\",\"@id\":\"http:\\\/\\\/enfantzatypiques.org\\\/index.php\\\/services\\\/\",\"url\":\"http:\\\/\\\/enfantzatypiques.org\\\/index.php\\\/services\\\/\",\"name\":\"Services - Les enfantZatypiques\",\"isPartOf\":{\"@id\":\"http:\\\/\\\/enfantzatypiques.org\\\/#website\"},\"primaryImageOfPage\":{\"@id\":\"http:\\\/\\\/enfantzatypiques.org\\\/index.php\\\/services\\\/#primaryimage\"},\"image\":{\"@id\":\"http:\\\/\\\/enfantzatypiques.org\\\/index.php\\\/services\\\/#primaryimage\"},\"thumbnailUrl\":\"http:\\\/\\\/enfantzatypiques.org\\\/wp-content\\\/uploads\\\/2024\\\/07\\\/soutien-parents-2.jpg\",\"datePublished\":\"2024-07-22T16:11:22+00:00\",\"dateModified\":\"2024-07-25T08:02:37+00:00\",\"breadcrumb\":{\"@id\":\"http:\\\/\\\/enfantzatypiques.org\\\/index.php\\\/services\\\/#breadcrumb\"},\"inLanguage\":\"fr-FR\",\"potentialAction\":[{\"@type\":\"ReadAction\",\"target\":[\"http:\\\/\\\/enfantzatypiques.org\\\/index.php\\\/services\\\/\"]}]},{\"@type\":\"ImageObject\",\"inLanguage\":\"fr-FR\",\"@id\":\"http:\\\/\\\/enfantzatypiques.org\\\/index.php\\\/services\\\/#primaryimage\",\"url\":\"http:\\\/\\\/enfantzatypiques.org\\\/wp-content\\\/uploads\\\/2024\\\/07\\\/soutien-parents-2.jpg\",\"contentUrl\":\"http:\\\/\\\/enfantzatypiques.org\\\/wp-content\\\/uploads\\\/2024\\\/07\\\/soutien-parents-2.jpg\",\"width\":787,\"height\":517,\"caption\":\"soutien parents enfantzatypiques\"},{\"@type\":\"BreadcrumbList\",\"@id\":\"http:\\\/\\\/enfantzatypiques.org\\\/index.php\\\/services\\\/#breadcrumb\",\"itemListElement\":[{\"@type\":\"ListItem\",\"position\":1,\"name\":\"Accueil\",\"item\":\"http:\\\/\\\/enfantzatypiques.org\\\/\"},{\"@type\":\"ListItem\",\"position\":2,\"name\":\"Services\"}]},{\"@type\":\"WebSite\",\"@id\":\"http:\\\/\\\/enfantzatypiques.org\\\/#website\",\"url\":\"http:\\\/\\\/enfantzatypiques.org\\\/\",\"name\":\"Les enfantZatypiques\",\"description\":\"Comment soigner les enfants atypiques ?\",\"publisher\":{\"@id\":\"http:\\\/\\\/enfantzatypiques.org\\\/#\\\/schema\\\/person\\\/8c2673b14bbe39f5978d3c9c517dfebd\"},\"potentialAction\":[{\"@type\":\"SearchAction\",\"target\":{\"@type\":\"EntryPoint\",\"urlTemplate\":\"http:\\\/\\\/enfantzatypiques.org\\\/?s={search_term_string}\"},\"query-input\":{\"@type\":\"PropertyValueSpecification\",\"valueRequired\":true,\"valueName\":\"search_term_string\"}}],\"inLanguage\":\"fr-FR\"},{\"@type\":[\"Person\",\"Organization\"],\"@id\":\"http:\\\/\\\/enfantzatypiques.org\\\/#\\\/schema\\\/person\\\/8c2673b14bbe39f5978d3c9c517dfebd\",\"name\":\"St\u00e9phanie Fr\u00e9chin\",\"image\":{\"@type\":\"ImageObject\",\"inLanguage\":\"fr-FR\",\"@id\":\"https:\\\/\\\/enfantzatypiques.org\\\/wp-content\\\/uploads\\\/2024\\\/07\\\/cropped-logo-stephanie-frechin.jpg\",\"url\":\"https:\\\/\\\/enfantzatypiques.org\\\/wp-content\\\/uploads\\\/2024\\\/07\\\/cropped-logo-stephanie-frechin.jpg\",\"contentUrl\":\"https:\\\/\\\/enfantzatypiques.org\\\/wp-content\\\/uploads\\\/2024\\\/07\\\/cropped-logo-stephanie-frechin.jpg\",\"width\":512,\"height\":512,\"caption\":\"St\u00e9phanie Fr\u00e9chin\"},\"logo\":{\"@id\":\"https:\\\/\\\/enfantzatypiques.org\\\/wp-content\\\/uploads\\\/2024\\\/07\\\/cropped-logo-stephanie-frechin.jpg\"},\"sameAs\":[\"http:\\\/\\\/www.enfantzatypiques.com\"]}]}<\/script>\n<!-- \/ Yoast SEO plugin. -->","yoast_head_json":{"title":"Services - Les enfantZatypiques","robots":{"index":"index","follow":"follow","max-snippet":"max-snippet:-1","max-image-preview":"max-image-preview:large","max-video-preview":"max-video-preview:-1"},"canonical":"http:\/\/enfantzatypiques.org\/index.php\/services\/","og_locale":"fr_FR","og_type":"article","og_title":"Services - Les enfantZatypiques","og_description":"Je vous propose de mettre en place des services d\u00e9di\u00e9s aux parents d\u2019enfants atypiques qui pourraient am\u00e9liorer votre qualit\u00e9 de vie et celle de vos enfants. Voici quelques suggestions de services qui pourraient \u00eatre mis en place : Des informations et des ressources sur les diff\u00e9rentes particularit\u00e9s des enfants atypiques, ainsi que des conseils pratiques [&hellip;]","og_url":"http:\/\/enfantzatypiques.org\/index.php\/services\/","og_site_name":"Les enfantZatypiques","article_modified_time":"2024-07-25T08:02:37+00:00","og_image":[{"url":"http:\/\/enfantzatypiques.org\/wp-content\/uploads\/2024\/07\/soutien-parents-2.jpg","type":"","width":"","height":""}],"twitter_card":"summary_large_image","twitter_misc":{"Dur\u00e9e de lecture estim\u00e9e":"3 minutes"},"schema":{"@context":"https:\/\/schema.org","@graph":[{"@type":"WebPage","@id":"http:\/\/enfantzatypiques.org\/index.php\/services\/","url":"http:\/\/enfantzatypiques.org\/index.php\/services\/","name":"Services - Les enfantZatypiques","isPartOf":{"@id":"http:\/\/enfantzatypiques.org\/#website"},"primaryImageOfPage":{"@id":"http:\/\/enfantzatypiques.org\/index.php\/services\/#primaryimage"},"image":{"@id":"http:\/\/enfantzatypiques.org\/index.php\/services\/#primaryimage"},"thumbnailUrl":"http:\/\/enfantzatypiques.org\/wp-content\/uploads\/2024\/07\/soutien-parents-2.jpg","datePublished":"2024-07-22T16:11:22+00:00","dateModified":"2024-07-25T08:02:37+00:00","breadcrumb":{"@id":"http:\/\/enfantzatypiques.org\/index.php\/services\/#breadcrumb"},"inLanguage":"fr-FR","potentialAction":[{"@type":"ReadAction","target":["http:\/\/enfantzatypiques.org\/index.php\/services\/"]}]},{"@type":"ImageObject","inLanguage":"fr-FR","@id":"http:\/\/enfantzatypiques.org\/index.php\/services\/#primaryimage","url":"http:\/\/enfantzatypiques.org\/wp-content\/uploads\/2024\/07\/soutien-parents-2.jpg","contentUrl":"http:\/\/enfantzatypiques.org\/wp-content\/uploads\/2024\/07\/soutien-parents-2.jpg","width":787,"height":517,"caption":"soutien parents enfantzatypiques"},{"@type":"BreadcrumbList","@id":"http:\/\/enfantzatypiques.org\/index.php\/services\/#breadcrumb","itemListElement":[{"@type":"ListItem","position":1,"name":"Accueil","item":"http:\/\/enfantzatypiques.org\/"},{"@type":"ListItem","position":2,"name":"Services"}]},{"@type":"WebSite","@id":"http:\/\/enfantzatypiques.org\/#website","url":"http:\/\/enfantzatypiques.org\/","name":"Les enfantZatypiques","description":"Comment soigner les enfants atypiques ?","publisher":{"@id":"http:\/\/enfantzatypiques.org\/#\/schema\/person\/8c2673b14bbe39f5978d3c9c517dfebd"},"potentialAction":[{"@type":"SearchAction","target":{"@type":"EntryPoint","urlTemplate":"http:\/\/enfantzatypiques.org\/?s={search_term_string}"},"query-input":{"@type":"PropertyValueSpecification","valueRequired":true,"valueName":"search_term_string"}}],"inLanguage":"fr-FR"},{"@type":["Person","Organization"],"@id":"http:\/\/enfantzatypiques.org\/#\/schema\/person\/8c2673b14bbe39f5978d3c9c517dfebd","name":"St\u00e9phanie Fr\u00e9chin","image":{"@type":"ImageObject","inLanguage":"fr-FR","@id":"https:\/\/enfantzatypiques.org\/wp-content\/uploads\/2024\/07\/cropped-logo-stephanie-frechin.jpg","url":"https:\/\/enfantzatypiques.org\/wp-content\/uploads\/2024\/07\/cropped-logo-stephanie-frechin.jpg","contentUrl":"https:\/\/enfantzatypiques.org\/wp-content\/uploads\/2024\/07\/cropped-logo-stephanie-frechin.jpg","width":512,"height":512,"caption":"St\u00e9phanie Fr\u00e9chin"},"logo":{"@id":"https:\/\/enfantzatypiques.org\/wp-content\/uploads\/2024\/07\/cropped-logo-stephanie-frechin.jpg"},"sameAs":["http:\/\/www.enfantzatypiques.com"]}]}},"_links":{"self":[{"href":"http:\/\/enfantzatypiques.org\/index.php\/wp-json\/wp\/v2\/pages\/709","targetHints":{"allow":["GET"]}}],"collection":[{"href":"http:\/\/enfantzatypiques.org\/index.php\/wp-json\/wp\/v2\/pages"}],"about":[{"href":"http:\/\/enfantzatypiques.org\/index.php\/wp-json\/wp\/v2\/types\/page"}],"author":[{"embeddable":true,"href":"http:\/\/enfantzatypiques.org\/index.php\/wp-json\/wp\/v2\/users\/2"}],"replies":[{"embeddable":true,"href":"http:\/\/enfantzatypiques.org\/index.php\/wp-json\/wp\/v2\/comments?post=709"}],"version-history":[{"count":4,"href":"http:\/\/enfantzatypiques.org\/index.php\/wp-json\/wp\/v2\/pages\/709\/revisions"}],"predecessor-version":[{"id":828,"href":"http:\/\/enfantzatypiques.org\/index.php\/wp-json\/wp\/v2\/pages\/709\/revisions\/828"}],"wp:attachment":[{"href":"http:\/\/enfantzatypiques.org\/index.php\/wp-json\/wp\/v2\/media?parent=709"}],"curies":[{"name":"wp","href":"https:\/\/api.w.org\/{rel}","templated":true}]}}