{"id":706,"date":"2024-07-22T18:11:10","date_gmt":"2024-07-22T16:11:10","guid":{"rendered":"https:\/\/enfantzatypiques.org\/?page_id=706"},"modified":"2024-07-25T09:55:38","modified_gmt":"2024-07-25T07:55:38","slug":"soutien-2","status":"publish","type":"page","link":"http:\/\/enfantzatypiques.org\/index.php\/soutien-2\/","title":{"rendered":"Soutien"},"content":{"rendered":"\t\t<div data-elementor-type=\"wp-page\" data-elementor-id=\"706\" class=\"elementor elementor-706\">\n\t\t\t\t<div class=\"elementor-element elementor-element-e907130 e-flex e-con-boxed e-con e-parent\" data-id=\"e907130\" data-element_type=\"container\" data-e-type=\"container\">\n\t\t\t\t\t<div class=\"e-con-inner\">\n\t\t\t\t<div class=\"elementor-element elementor-element-fe211de elementor-widget elementor-widget-text-editor\" data-id=\"fe211de\" data-element_type=\"widget\" data-e-type=\"widget\" data-widget_type=\"text-editor.default\">\n\t\t\t\t<div class=\"elementor-widget-container\">\n\t\t\t\t\t\t\t\t\t<p>\u00catre parent d\u2019un enfant atypique peut \u00eatre un voyage rempli de d\u00e9fis uniques et de moments pr\u00e9cieux. Afin de naviguer au mieux dans ce parcours, il est essentiel que vous receviez un soutien ad\u00e9quat et complet. Voici un aper\u00e7u des divers soutiens que je vous propose :<\/p><div id=\"gtx-trans\" style=\"position: absolute; left: -34px; top: -9.22396px;\"><div class=\"gtx-trans-icon\">\u00a0<\/div><\/div>\t\t\t\t\t\t\t\t<\/div>\n\t\t\t\t<\/div>\n\t\t\t\t\t<\/div>\n\t\t\t\t<\/div>\n\t\t<div class=\"elementor-element elementor-element-f759415 e-flex e-con-boxed e-con e-parent\" data-id=\"f759415\" data-element_type=\"container\" data-e-type=\"container\">\n\t\t\t\t\t<div class=\"e-con-inner\">\n\t\t<div class=\"elementor-element elementor-element-2af187c e-con-full e-flex e-con e-child\" data-id=\"2af187c\" data-element_type=\"container\" data-e-type=\"container\">\n\t\t\t\t<div class=\"elementor-element elementor-element-82e0a4e elementor-widget elementor-widget-text-editor\" data-id=\"82e0a4e\" data-element_type=\"widget\" data-e-type=\"widget\" data-widget_type=\"text-editor.default\">\n\t\t\t\t<div class=\"elementor-widget-container\">\n\t\t\t\t\t\t\t\t\t<p><img fetchpriority=\"high\" decoding=\"async\" class=\"alignnone size-full wp-image-813\" src=\"http:\/\/enfantzatypiques.org\/wp-content\/uploads\/2024\/07\/soutien-parents.jpg\" alt=\"soutien parents enfantzatypiques\" width=\"621\" height=\"929\" srcset=\"http:\/\/enfantzatypiques.org\/wp-content\/uploads\/2024\/07\/soutien-parents.jpg 621w, http:\/\/enfantzatypiques.org\/wp-content\/uploads\/2024\/07\/soutien-parents-201x300.jpg 201w, http:\/\/enfantzatypiques.org\/wp-content\/uploads\/2024\/07\/soutien-parents-200x299.jpg 200w\" sizes=\"(max-width: 621px) 100vw, 621px\" \/><\/p>\t\t\t\t\t\t\t\t<\/div>\n\t\t\t\t<\/div>\n\t\t\t\t<\/div>\n\t\t<div class=\"elementor-element elementor-element-69fdefd e-con-full e-flex e-con e-child\" data-id=\"69fdefd\" data-element_type=\"container\" data-e-type=\"container\">\n\t\t\t\t<div class=\"elementor-element elementor-element-244e190 elementor-widget elementor-widget-text-editor\" data-id=\"244e190\" data-element_type=\"widget\" data-e-type=\"widget\" data-widget_type=\"text-editor.default\">\n\t\t\t\t<div class=\"elementor-widget-container\">\n\t\t\t\t\t\t\t\t\t<p><strong><em><u>Soutien \u00c9ducatif<\/u><\/em><\/strong><\/p><p><strong><em>Plans Personnalis\u00e9s<\/em><\/strong><br \/>Des programmes adapt\u00e9s aux besoins sp\u00e9cifiques de votre enfant, \u00e9labor\u00e9s en collaboration avec les enseignants, les psychologues scolaires et d\u2019autres professionnels. Ils garantissent que votre enfant re\u00e7oive les ajustements n\u00e9cessaires pour se sentir mieux \u00e0 l\u2019\u00e9cole.<\/p><p><strong><em>Ateliers et Webinaires<\/em><\/strong><br \/>Vous pourrez participer \u00e0 des ateliers et des webinaires sur les besoins sp\u00e9cifiques ce qui vous permettra d&rsquo;acqu\u00e9rir des connaissances et des comp\u00e9tences pratiques pour mieux soutenir votre enfant \u00e0 la maison et \u00e0 l&rsquo;\u00e9cole. Rejoindre des ateliers permet aussi de partager des exp\u00e9riences, d\u2019obtenir des conseils pratiques et de trouver du r\u00e9confort aupr\u00e8s de personnes vivant des situations similaires.<\/p>\t\t\t\t\t\t\t\t<\/div>\n\t\t\t\t<\/div>\n\t\t\t\t<\/div>\n\t\t\t\t\t<\/div>\n\t\t\t\t<\/div>\n\t\t<div class=\"elementor-element elementor-element-2c11ea2 e-flex e-con-boxed e-con e-parent\" data-id=\"2c11ea2\" data-element_type=\"container\" data-e-type=\"container\">\n\t\t\t\t\t<div class=\"e-con-inner\">\n\t\t\t\t<div class=\"elementor-element elementor-element-c6d93dc elementor-widget elementor-widget-text-editor\" data-id=\"c6d93dc\" data-element_type=\"widget\" data-e-type=\"widget\" data-widget_type=\"text-editor.default\">\n\t\t\t\t<div class=\"elementor-widget-container\">\n\t\t\t\t\t\t\t\t\t<p><strong><em><u>Soutien Th\u00e9rapeutique<\/u><\/em><\/strong><\/p><ol><li><strong> <em>Th\u00e9rapie Familiale<\/em><\/strong><br \/>La th\u00e9rapie familiale (la syst\u00e9mie familiale) peut vous aider \u00e0 renforcer les relations familiales, \u00e0 am\u00e9liorer la communication et \u00e0 d\u00e9velopper des strat\u00e9gies de gestion du stress et des comportements.<\/li><li><strong> <em>Th\u00e9rapies Individuelles <\/em><\/strong><br \/>Des interventions telles que la th\u00e9rapie comportementale, le Neurofeedback EEGq, le Biofeedback, l\u2019EFT, l\u2019hypnoth\u00e9rapie, peuvent \u00eatre propos\u00e9es pour vous accompagner. Vous pouvez \u00e9galement recevoir des conseils sur la mani\u00e8re de soutenir ces th\u00e9rapies \u00e0 domicile avec votre enfant.<\/li><\/ol><p><strong><em><u>Soutien \u00c9motionnel et Psychologique<\/u><\/em><\/strong><\/p><p><strong><em>Conseils parentaux<\/em><\/strong><br \/>Des s\u00e9ances de conseils pour g\u00e9rer le stress, les \u00e9motions et les d\u00e9fis quotidiens li\u00e9s \u00e0 l\u2019\u00e9ducation. Cela peut vous aider \u00e0 maintenir votre bien-\u00eatre mental et \u00e9motionnel.<\/p><div id=\"gtx-trans\" style=\"position: absolute; left: -34px; top: -9.22396px;\"><div class=\"gtx-trans-icon\">\u00a0<\/div><\/div>\t\t\t\t\t\t\t\t<\/div>\n\t\t\t\t<\/div>\n\t\t\t\t\t<\/div>\n\t\t\t\t<\/div>\n\t\t<div class=\"elementor-element elementor-element-5b4b9d5 e-flex e-con-boxed e-con e-parent\" data-id=\"5b4b9d5\" data-element_type=\"container\" data-e-type=\"container\">\n\t\t\t\t\t<div class=\"e-con-inner\">\n\t\t<div class=\"elementor-element elementor-element-69bb1fe e-con-full e-flex e-con e-child\" data-id=\"69bb1fe\" data-element_type=\"container\" data-e-type=\"container\">\n\t\t\t\t<div class=\"elementor-element elementor-element-3fac1a0 elementor-widget elementor-widget-text-editor\" data-id=\"3fac1a0\" data-element_type=\"widget\" data-e-type=\"widget\" data-widget_type=\"text-editor.default\">\n\t\t\t\t<div class=\"elementor-widget-container\">\n\t\t\t\t\t\t\t\t\t<p><img decoding=\"async\" class=\"alignnone size-full wp-image-815\" src=\"http:\/\/enfantzatypiques.org\/wp-content\/uploads\/2024\/07\/soutien-parents-2.jpg\" alt=\"soutien parents enfantzatypiques\" width=\"787\" height=\"517\" srcset=\"http:\/\/enfantzatypiques.org\/wp-content\/uploads\/2024\/07\/soutien-parents-2.jpg 787w, http:\/\/enfantzatypiques.org\/wp-content\/uploads\/2024\/07\/soutien-parents-2-300x197.jpg 300w, http:\/\/enfantzatypiques.org\/wp-content\/uploads\/2024\/07\/soutien-parents-2-768x505.jpg 768w, http:\/\/enfantzatypiques.org\/wp-content\/uploads\/2024\/07\/soutien-parents-2-200x131.jpg 200w\" sizes=\"(max-width: 787px) 100vw, 787px\" \/><\/p>\t\t\t\t\t\t\t\t<\/div>\n\t\t\t\t<\/div>\n\t\t\t\t<\/div>\n\t\t<div class=\"elementor-element elementor-element-a816833 e-con-full e-flex e-con e-child\" data-id=\"a816833\" data-element_type=\"container\" data-e-type=\"container\">\n\t\t\t\t<div class=\"elementor-element elementor-element-e450d8a elementor-widget elementor-widget-text-editor\" data-id=\"e450d8a\" data-element_type=\"widget\" data-e-type=\"widget\" data-widget_type=\"text-editor.default\">\n\t\t\t\t<div class=\"elementor-widget-container\">\n\t\t\t\t\t\t\t\t\t<p><strong><em><u>Soutien Informatif<\/u><\/em><\/strong><\/p><p><strong><em>Ressources en Ligne<\/em><\/strong><br \/>Le blog, et le forum offrent des informations pr\u00e9cieuses, des strat\u00e9gies et des histoires inspirantes.<\/p><p><strong><em>Biblioth\u00e8ques et Centres de Ressources<\/em><\/strong><br \/>La biblioth\u00e8que du blog et les centres de ressources peuvent fournir des livres, des articles et des mat\u00e9riaux \u00e9ducatifs sp\u00e9cifiques.<\/p><div id=\"gtx-trans\" style=\"position: absolute; left: -34px; top: -9.22396px;\"><div class=\"gtx-trans-icon\">\u00a0<\/div><\/div>\t\t\t\t\t\t\t\t<\/div>\n\t\t\t\t<\/div>\n\t\t\t\t<\/div>\n\t\t\t\t\t<\/div>\n\t\t\t\t<\/div>\n\t\t<div class=\"elementor-element elementor-element-3fa0f94 e-flex e-con-boxed e-con e-parent\" data-id=\"3fa0f94\" data-element_type=\"container\" data-e-type=\"container\">\n\t\t\t\t\t<div class=\"e-con-inner\">\n\t\t\t\t<div class=\"elementor-element elementor-element-c8c9835 elementor-widget elementor-widget-text-editor\" data-id=\"c8c9835\" data-element_type=\"widget\" data-e-type=\"widget\" data-widget_type=\"text-editor.default\">\n\t\t\t\t<div class=\"elementor-widget-container\">\n\t\t\t\t\t\t\t\t\t<p><strong><em><u>Autres soutiens<\/u><\/em><\/strong><\/p><p><strong><em>Consultations Sp\u00e9cialis\u00e9es<\/em><\/strong><br \/>Avoir acc\u00e8s \u00e0 des consultations avec des m\u00e9decins sp\u00e9cialistes tels que des p\u00e9diatres, est essentiel pour une prise en charge compl\u00e8te et adapt\u00e9e.<\/p><p><strong><em>Suivi M\u00e9dical R\u00e9gulier<\/em><\/strong><br \/>Un suivi m\u00e9dical r\u00e9gulier permet de surveiller l\u2019\u00e9volution de l\u2019enfant, d\u2019ajuster les traitements et d\u2019anticiper les \u00e9ventuels besoins futurs.<\/p><div id=\"gtx-trans\" style=\"position: absolute; left: -34px; top: -9.22396px;\"><div class=\"gtx-trans-icon\">\u00a0<\/div><\/div>\t\t\t\t\t\t\t\t<\/div>\n\t\t\t\t<\/div>\n\t\t\t\t\t<\/div>\n\t\t\t\t<\/div>\n\t\t<div class=\"elementor-element elementor-element-581e147 e-flex e-con-boxed e-con e-parent\" data-id=\"581e147\" data-element_type=\"container\" data-e-type=\"container\">\n\t\t\t\t\t<div class=\"e-con-inner\">\n\t\t\t\t<div class=\"elementor-element elementor-element-f5d1505 elementor-widget elementor-widget-text-editor\" data-id=\"f5d1505\" data-element_type=\"widget\" data-e-type=\"widget\" data-widget_type=\"text-editor.default\">\n\t\t\t\t<div class=\"elementor-widget-container\">\n\t\t\t\t\t\t\t\t\t<h4><em><strong>Vous devez \u00eatre soutenus de mani\u00e8re holistique<\/strong>, englobant des aspects \u00e9ducatifs, th\u00e9rapeutiques, \u00e9motionnels, pratiques, communautaires, informatifs et m\u00e9dicaux. En combinant ces diff\u00e9rents types de soutien, vous pourrez vous sentir mieux \u00e9quip\u00e9s pour aider votre enfant \u00e0 s\u2019\u00e9panouir et \u00e0 atteindre son plein potentiel.<\/em><\/h4>\t\t\t\t\t\t\t\t<\/div>\n\t\t\t\t<\/div>\n\t\t\t\t\t<\/div>\n\t\t\t\t<\/div>\n\t\t<div class=\"elementor-element elementor-element-9461d1d e-flex e-con-boxed e-con e-parent\" data-id=\"9461d1d\" data-element_type=\"container\" data-e-type=\"container\">\n\t\t\t\t\t<div class=\"e-con-inner\">\n\t\t\t\t<div class=\"elementor-element elementor-element-398e9e8 elementor-widget elementor-widget-text-editor\" data-id=\"398e9e8\" data-element_type=\"widget\" data-e-type=\"widget\" data-widget_type=\"text-editor.default\">\n\t\t\t\t<div class=\"elementor-widget-container\">\n\t\t\t\t\t\t\t\t\t<p>Rappelez-vous que demander de l\u2019aide n\u2019est pas un signe de faiblesse, mais un acte de force et de d\u00e9vouement envers votre enfant et votre famille.<\/p><p>\u00a0<\/p><div id=\"gtx-trans\" style=\"position: absolute; left: -34px; top: -9.22396px;\"><div class=\"gtx-trans-icon\">\u00a0<\/div><\/div>\t\t\t\t\t\t\t\t<\/div>\n\t\t\t\t<\/div>\n\t\t\t\t\t<\/div>\n\t\t\t\t<\/div>\n\t\t\t\t<\/div>\n\t\t","protected":false},"excerpt":{"rendered":"<p>\u00catre parent d\u2019un enfant atypique peut \u00eatre un voyage rempli de d\u00e9fis uniques et de moments pr\u00e9cieux. Afin de naviguer au mieux dans ce parcours, il est essentiel que vous receviez un soutien ad\u00e9quat et complet. Voici un aper\u00e7u des divers soutiens que je vous propose : \u00a0 Soutien \u00c9ducatif Plans Personnalis\u00e9sDes programmes adapt\u00e9s aux [&hellip;]<\/p>\n","protected":false},"author":2,"featured_media":0,"parent":0,"menu_order":0,"comment_status":"closed","ping_status":"closed","template":"","meta":{"_eb_attr":"","footnotes":""},"class_list":["post-706","page","type-page","status-publish","hentry"],"yoast_head":"<!-- This site is optimized with the Yoast SEO plugin v27.4 - https:\/\/yoast.com\/product\/yoast-seo-wordpress\/ -->\n<title>Soutien - Les enfantZatypiques<\/title>\n<meta name=\"robots\" content=\"index, follow, max-snippet:-1, max-image-preview:large, max-video-preview:-1\" \/>\n<link rel=\"canonical\" href=\"http:\/\/enfantzatypiques.org\/index.php\/soutien-2\/\" \/>\n<meta property=\"og:locale\" content=\"fr_FR\" \/>\n<meta property=\"og:type\" content=\"article\" \/>\n<meta property=\"og:title\" content=\"Soutien - Les enfantZatypiques\" \/>\n<meta property=\"og:description\" content=\"\u00catre parent d\u2019un enfant atypique peut \u00eatre un voyage rempli de d\u00e9fis uniques et de moments pr\u00e9cieux. Afin de naviguer au mieux dans ce parcours, il est essentiel que vous receviez un soutien ad\u00e9quat et complet. Voici un aper\u00e7u des divers soutiens que je vous propose : \u00a0 Soutien \u00c9ducatif Plans Personnalis\u00e9sDes programmes adapt\u00e9s aux [&hellip;]\" \/>\n<meta property=\"og:url\" content=\"http:\/\/enfantzatypiques.org\/index.php\/soutien-2\/\" \/>\n<meta property=\"og:site_name\" content=\"Les enfantZatypiques\" \/>\n<meta property=\"article:modified_time\" content=\"2024-07-25T07:55:38+00:00\" \/>\n<meta property=\"og:image\" content=\"http:\/\/enfantzatypiques.org\/wp-content\/uploads\/2024\/07\/soutien-parents.jpg\" \/>\n<meta name=\"twitter:card\" content=\"summary_large_image\" \/>\n<meta name=\"twitter:label1\" content=\"Dur\u00e9e de lecture estim\u00e9e\" \/>\n\t<meta name=\"twitter:data1\" content=\"3 minutes\" \/>\n<script type=\"application\/ld+json\" class=\"yoast-schema-graph\">{\"@context\":\"https:\\\/\\\/schema.org\",\"@graph\":[{\"@type\":\"WebPage\",\"@id\":\"http:\\\/\\\/enfantzatypiques.org\\\/index.php\\\/soutien-2\\\/\",\"url\":\"http:\\\/\\\/enfantzatypiques.org\\\/index.php\\\/soutien-2\\\/\",\"name\":\"Soutien - Les enfantZatypiques\",\"isPartOf\":{\"@id\":\"http:\\\/\\\/enfantzatypiques.org\\\/#website\"},\"primaryImageOfPage\":{\"@id\":\"http:\\\/\\\/enfantzatypiques.org\\\/index.php\\\/soutien-2\\\/#primaryimage\"},\"image\":{\"@id\":\"http:\\\/\\\/enfantzatypiques.org\\\/index.php\\\/soutien-2\\\/#primaryimage\"},\"thumbnailUrl\":\"http:\\\/\\\/enfantzatypiques.org\\\/wp-content\\\/uploads\\\/2024\\\/07\\\/soutien-parents.jpg\",\"datePublished\":\"2024-07-22T16:11:10+00:00\",\"dateModified\":\"2024-07-25T07:55:38+00:00\",\"breadcrumb\":{\"@id\":\"http:\\\/\\\/enfantzatypiques.org\\\/index.php\\\/soutien-2\\\/#breadcrumb\"},\"inLanguage\":\"fr-FR\",\"potentialAction\":[{\"@type\":\"ReadAction\",\"target\":[\"http:\\\/\\\/enfantzatypiques.org\\\/index.php\\\/soutien-2\\\/\"]}]},{\"@type\":\"ImageObject\",\"inLanguage\":\"fr-FR\",\"@id\":\"http:\\\/\\\/enfantzatypiques.org\\\/index.php\\\/soutien-2\\\/#primaryimage\",\"url\":\"http:\\\/\\\/enfantzatypiques.org\\\/wp-content\\\/uploads\\\/2024\\\/07\\\/soutien-parents.jpg\",\"contentUrl\":\"http:\\\/\\\/enfantzatypiques.org\\\/wp-content\\\/uploads\\\/2024\\\/07\\\/soutien-parents.jpg\",\"width\":621,\"height\":929,\"caption\":\"soutien parents enfantzatypiques\"},{\"@type\":\"BreadcrumbList\",\"@id\":\"http:\\\/\\\/enfantzatypiques.org\\\/index.php\\\/soutien-2\\\/#breadcrumb\",\"itemListElement\":[{\"@type\":\"ListItem\",\"position\":1,\"name\":\"Accueil\",\"item\":\"http:\\\/\\\/enfantzatypiques.org\\\/\"},{\"@type\":\"ListItem\",\"position\":2,\"name\":\"Soutien\"}]},{\"@type\":\"WebSite\",\"@id\":\"http:\\\/\\\/enfantzatypiques.org\\\/#website\",\"url\":\"http:\\\/\\\/enfantzatypiques.org\\\/\",\"name\":\"Les enfantZatypiques\",\"description\":\"Comment soigner les enfants atypiques ?\",\"publisher\":{\"@id\":\"http:\\\/\\\/enfantzatypiques.org\\\/#\\\/schema\\\/person\\\/8c2673b14bbe39f5978d3c9c517dfebd\"},\"potentialAction\":[{\"@type\":\"SearchAction\",\"target\":{\"@type\":\"EntryPoint\",\"urlTemplate\":\"http:\\\/\\\/enfantzatypiques.org\\\/?s={search_term_string}\"},\"query-input\":{\"@type\":\"PropertyValueSpecification\",\"valueRequired\":true,\"valueName\":\"search_term_string\"}}],\"inLanguage\":\"fr-FR\"},{\"@type\":[\"Person\",\"Organization\"],\"@id\":\"http:\\\/\\\/enfantzatypiques.org\\\/#\\\/schema\\\/person\\\/8c2673b14bbe39f5978d3c9c517dfebd\",\"name\":\"St\u00e9phanie Fr\u00e9chin\",\"image\":{\"@type\":\"ImageObject\",\"inLanguage\":\"fr-FR\",\"@id\":\"https:\\\/\\\/enfantzatypiques.org\\\/wp-content\\\/uploads\\\/2024\\\/07\\\/cropped-logo-stephanie-frechin.jpg\",\"url\":\"https:\\\/\\\/enfantzatypiques.org\\\/wp-content\\\/uploads\\\/2024\\\/07\\\/cropped-logo-stephanie-frechin.jpg\",\"contentUrl\":\"https:\\\/\\\/enfantzatypiques.org\\\/wp-content\\\/uploads\\\/2024\\\/07\\\/cropped-logo-stephanie-frechin.jpg\",\"width\":512,\"height\":512,\"caption\":\"St\u00e9phanie Fr\u00e9chin\"},\"logo\":{\"@id\":\"https:\\\/\\\/enfantzatypiques.org\\\/wp-content\\\/uploads\\\/2024\\\/07\\\/cropped-logo-stephanie-frechin.jpg\"},\"sameAs\":[\"http:\\\/\\\/www.enfantzatypiques.com\"]}]}<\/script>\n<!-- \/ Yoast SEO plugin. -->","yoast_head_json":{"title":"Soutien - Les enfantZatypiques","robots":{"index":"index","follow":"follow","max-snippet":"max-snippet:-1","max-image-preview":"max-image-preview:large","max-video-preview":"max-video-preview:-1"},"canonical":"http:\/\/enfantzatypiques.org\/index.php\/soutien-2\/","og_locale":"fr_FR","og_type":"article","og_title":"Soutien - Les enfantZatypiques","og_description":"\u00catre parent d\u2019un enfant atypique peut \u00eatre un voyage rempli de d\u00e9fis uniques et de moments pr\u00e9cieux. Afin de naviguer au mieux dans ce parcours, il est essentiel que vous receviez un soutien ad\u00e9quat et complet. Voici un aper\u00e7u des divers soutiens que je vous propose : \u00a0 Soutien \u00c9ducatif Plans Personnalis\u00e9sDes programmes adapt\u00e9s aux [&hellip;]","og_url":"http:\/\/enfantzatypiques.org\/index.php\/soutien-2\/","og_site_name":"Les enfantZatypiques","article_modified_time":"2024-07-25T07:55:38+00:00","og_image":[{"url":"http:\/\/enfantzatypiques.org\/wp-content\/uploads\/2024\/07\/soutien-parents.jpg","type":"","width":"","height":""}],"twitter_card":"summary_large_image","twitter_misc":{"Dur\u00e9e de lecture estim\u00e9e":"3 minutes"},"schema":{"@context":"https:\/\/schema.org","@graph":[{"@type":"WebPage","@id":"http:\/\/enfantzatypiques.org\/index.php\/soutien-2\/","url":"http:\/\/enfantzatypiques.org\/index.php\/soutien-2\/","name":"Soutien - Les enfantZatypiques","isPartOf":{"@id":"http:\/\/enfantzatypiques.org\/#website"},"primaryImageOfPage":{"@id":"http:\/\/enfantzatypiques.org\/index.php\/soutien-2\/#primaryimage"},"image":{"@id":"http:\/\/enfantzatypiques.org\/index.php\/soutien-2\/#primaryimage"},"thumbnailUrl":"http:\/\/enfantzatypiques.org\/wp-content\/uploads\/2024\/07\/soutien-parents.jpg","datePublished":"2024-07-22T16:11:10+00:00","dateModified":"2024-07-25T07:55:38+00:00","breadcrumb":{"@id":"http:\/\/enfantzatypiques.org\/index.php\/soutien-2\/#breadcrumb"},"inLanguage":"fr-FR","potentialAction":[{"@type":"ReadAction","target":["http:\/\/enfantzatypiques.org\/index.php\/soutien-2\/"]}]},{"@type":"ImageObject","inLanguage":"fr-FR","@id":"http:\/\/enfantzatypiques.org\/index.php\/soutien-2\/#primaryimage","url":"http:\/\/enfantzatypiques.org\/wp-content\/uploads\/2024\/07\/soutien-parents.jpg","contentUrl":"http:\/\/enfantzatypiques.org\/wp-content\/uploads\/2024\/07\/soutien-parents.jpg","width":621,"height":929,"caption":"soutien parents enfantzatypiques"},{"@type":"BreadcrumbList","@id":"http:\/\/enfantzatypiques.org\/index.php\/soutien-2\/#breadcrumb","itemListElement":[{"@type":"ListItem","position":1,"name":"Accueil","item":"http:\/\/enfantzatypiques.org\/"},{"@type":"ListItem","position":2,"name":"Soutien"}]},{"@type":"WebSite","@id":"http:\/\/enfantzatypiques.org\/#website","url":"http:\/\/enfantzatypiques.org\/","name":"Les enfantZatypiques","description":"Comment soigner les enfants atypiques ?","publisher":{"@id":"http:\/\/enfantzatypiques.org\/#\/schema\/person\/8c2673b14bbe39f5978d3c9c517dfebd"},"potentialAction":[{"@type":"SearchAction","target":{"@type":"EntryPoint","urlTemplate":"http:\/\/enfantzatypiques.org\/?s={search_term_string}"},"query-input":{"@type":"PropertyValueSpecification","valueRequired":true,"valueName":"search_term_string"}}],"inLanguage":"fr-FR"},{"@type":["Person","Organization"],"@id":"http:\/\/enfantzatypiques.org\/#\/schema\/person\/8c2673b14bbe39f5978d3c9c517dfebd","name":"St\u00e9phanie Fr\u00e9chin","image":{"@type":"ImageObject","inLanguage":"fr-FR","@id":"https:\/\/enfantzatypiques.org\/wp-content\/uploads\/2024\/07\/cropped-logo-stephanie-frechin.jpg","url":"https:\/\/enfantzatypiques.org\/wp-content\/uploads\/2024\/07\/cropped-logo-stephanie-frechin.jpg","contentUrl":"https:\/\/enfantzatypiques.org\/wp-content\/uploads\/2024\/07\/cropped-logo-stephanie-frechin.jpg","width":512,"height":512,"caption":"St\u00e9phanie Fr\u00e9chin"},"logo":{"@id":"https:\/\/enfantzatypiques.org\/wp-content\/uploads\/2024\/07\/cropped-logo-stephanie-frechin.jpg"},"sameAs":["http:\/\/www.enfantzatypiques.com"]}]}},"_links":{"self":[{"href":"http:\/\/enfantzatypiques.org\/index.php\/wp-json\/wp\/v2\/pages\/706","targetHints":{"allow":["GET"]}}],"collection":[{"href":"http:\/\/enfantzatypiques.org\/index.php\/wp-json\/wp\/v2\/pages"}],"about":[{"href":"http:\/\/enfantzatypiques.org\/index.php\/wp-json\/wp\/v2\/types\/page"}],"author":[{"embeddable":true,"href":"http:\/\/enfantzatypiques.org\/index.php\/wp-json\/wp\/v2\/users\/2"}],"replies":[{"embeddable":true,"href":"http:\/\/enfantzatypiques.org\/index.php\/wp-json\/wp\/v2\/comments?post=706"}],"version-history":[{"count":10,"href":"http:\/\/enfantzatypiques.org\/index.php\/wp-json\/wp\/v2\/pages\/706\/revisions"}],"predecessor-version":[{"id":824,"href":"http:\/\/enfantzatypiques.org\/index.php\/wp-json\/wp\/v2\/pages\/706\/revisions\/824"}],"wp:attachment":[{"href":"http:\/\/enfantzatypiques.org\/index.php\/wp-json\/wp\/v2\/media?parent=706"}],"curies":[{"name":"wp","href":"https:\/\/api.w.org\/{rel}","templated":true}]}}