{"id":695,"date":"2024-07-22T18:05:10","date_gmt":"2024-07-22T16:05:10","guid":{"rendered":"https:\/\/enfantzatypiques.org\/?page_id=695"},"modified":"2024-07-25T10:56:45","modified_gmt":"2024-07-25T08:56:45","slug":"contenu-et-services","status":"publish","type":"page","link":"http:\/\/enfantzatypiques.org\/index.php\/contenu-et-services\/","title":{"rendered":"Contenu et services"},"content":{"rendered":"\t\t<div data-elementor-type=\"wp-page\" data-elementor-id=\"695\" class=\"elementor elementor-695\">\n\t\t\t\t<div class=\"elementor-element elementor-element-512060a e-flex e-con-boxed e-con e-parent\" data-id=\"512060a\" data-element_type=\"container\" data-e-type=\"container\">\n\t\t\t\t\t<div class=\"e-con-inner\">\n\t\t\t\t<div class=\"elementor-element elementor-element-00e0a68 elementor-widget elementor-widget-text-editor\" data-id=\"00e0a68\" data-element_type=\"widget\" data-e-type=\"widget\" data-widget_type=\"text-editor.default\">\n\t\t\t\t<div class=\"elementor-widget-container\">\n\t\t\t\t\t\t\t\t\t<p>En tant que praticienne sp\u00e9cialis\u00e9e en neurofeedback et biofeedback lin\u00e9aire, je peux vous offrir divers services et contenus pour aider les enfants atypiques.<\/p><p>\u00a0<\/p><p><img fetchpriority=\"high\" decoding=\"async\" class=\"alignnone size-large wp-image-838\" src=\"http:\/\/enfantzatypiques.org\/wp-content\/uploads\/2024\/07\/Enseignants-ressources-enfantzatypiques-1024x576.jpg\" alt=\"Enseignants ressources enfantzatypiques\" width=\"768\" height=\"432\" srcset=\"http:\/\/enfantzatypiques.org\/wp-content\/uploads\/2024\/07\/Enseignants-ressources-enfantzatypiques-1024x576.jpg 1024w, http:\/\/enfantzatypiques.org\/wp-content\/uploads\/2024\/07\/Enseignants-ressources-enfantzatypiques-300x169.jpg 300w, http:\/\/enfantzatypiques.org\/wp-content\/uploads\/2024\/07\/Enseignants-ressources-enfantzatypiques-768x432.jpg 768w, http:\/\/enfantzatypiques.org\/wp-content\/uploads\/2024\/07\/Enseignants-ressources-enfantzatypiques-200x112.jpg 200w, http:\/\/enfantzatypiques.org\/wp-content\/uploads\/2024\/07\/Enseignants-ressources-enfantzatypiques.jpg 1389w\" sizes=\"(max-width: 768px) 100vw, 768px\" \/><\/p><p>\u00a0<\/p><p><strong><em><u>Ateliers<\/u><\/em><\/strong><\/p><p>J\u2019organise des ateliers sur le neurofeedback et le biofeedback.<\/p><ul><li><strong>Introduction au Neurofeedback et Biofeedback<\/strong> : Je vous pr\u00e9senterai les bases, les bienfaits, et les applications de ces techniques pour les enfants atypiques.<\/li><li><strong>Ateliers Pratiques<\/strong> : Je vous fournirai des d\u00e9monstrations et des sessions pratiques o\u00f9 vous pourrez exp\u00e9rimenter les technologies de biofeedback et apprendre \u00e0 les int\u00e9grer dans votre enseignement.<\/li><\/ul><p><strong><em><u>Consultations et Coaching<\/u><\/em><\/strong><\/p><p>J\u2019offre \u00e9galement des consultations individuelles ou de groupe pour vous aider \u00e0 comprendre et \u00e0 utiliser le biofeedback.<\/p><ul><li><strong>Analyse des Besoins<\/strong> : Apr\u00e8s une \u00e9valuation des besoins sp\u00e9cifiques des enfants, je vous proposerai des interventions adapt\u00e9es.<\/li><li><strong>Coaching Continu<\/strong> : Un soutien continu vous est apport\u00e9 pour vous aider \u00e0 mettre en \u0153uvre les techniques et suivre les progr\u00e8s des enfants.<\/li><\/ul><p><strong><em><u>Mat\u00e9riel Didactique et Ressources<\/u><\/em><\/strong><\/p><p>Je cr\u00e9\u00e9e et je distribue des supports p\u00e9dagogiques pour vous aider \u00e0 utiliser et le biofeedback.<\/p><ul><li>Je fournis des fiches d\u00e9taill\u00e9es sur l&rsquo;utilisation de biofeedback en classe.<\/li><li>Des vid\u00e9os explicatives montrant comment utiliser le biofeedback.<\/li><li>Je partage des \u00e9tudes de cas et des articles de recherche d\u00e9montrant l\u2019efficacit\u00e9 du neurofeedback et du biofeedback pour les enfants atypiques sur mon site ou le blog.<\/li><\/ul><p><strong><em><u>Interventions Personnalis\u00e9s<\/u><\/em><\/strong><\/p><p>Je d\u00e9veloppe des programmes personnalis\u00e9s de neurofeedback et biofeedback pour des enfants sp\u00e9cifiques.<\/p><ul><li><strong>Plans d\u2019Intervention Individualis\u00e9s<\/strong> : Je peux collaborer avec vous pour cr\u00e9er des plans d\u2019intervention adapt\u00e9s aux besoins individuels des enfants.<\/li><li><strong>Suivi des Progr\u00e8s<\/strong> : Je mets en place des syst\u00e8mes de suivi pour mesurer les progr\u00e8s et ajuster les interventions au besoin.<\/li><\/ul><p><strong><em><u>Int\u00e9gration en Classe<\/u><\/em><\/strong><\/p><p>Je me propose de vous conseiller sur la mani\u00e8re d\u2019int\u00e9grer le neurofeedback et le biofeedback dans le cadre scolaire.<\/p><ul><li><strong>S\u00e9ances en Classe<\/strong> : Je vous proposerai d\u2019organiser des s\u00e9ances de biofeedback pendant les heures de classe, \u00e9ventuellement avec des p\u00e9riodes d\u00e9di\u00e9es.<\/li><li><strong>Adaptation de l\u2019Environnement<\/strong> : Des ajustements dans l\u2019environnement scolaire pour faciliter l&rsquo;utilisation des technologies de feedback.<\/li><\/ul><p><strong><em><u>Ateliers pour les enfants<\/u><\/em><\/strong><\/p><p>Je mets en place des ateliers avec les enfants pour leur enseigner des techniques de r\u00e9gulation \u00e9motionnelle et cognitive.<\/p><ul><li><strong>Techniques de Relaxation<\/strong> : Enseignement aux enfants des techniques de relaxation bas\u00e9es sur le biofeedback.<\/li><li><strong>Am\u00e9lioration de l\u2019Attention<\/strong> : J\u2019utilise le neurofeedback pour aider les enfants \u00e0 am\u00e9liorer leur attention et leur concentration surtout pour les enfants TDAH.<\/li><\/ul><p><strong><em><u>Outils et Technologies<\/u><\/em><\/strong><\/p><p>Je fournis et je recommande des outils et des technologies de neurofeedback et de biofeedback adapt\u00e9s \u00e0 un usage scolaire.<\/p><ul><li><strong>Applications<\/strong> : Je vous donne des applications faciles \u00e0 utiliser.<\/li><li><strong>Appareils Portables<\/strong> : Je me d\u00e9place avec des dispositifs portables de neurofeedback et biofeedback \u00e0 utiliser en classe.<\/li><\/ul><p><strong><em><u>\u00c9valuation et Recherche<\/u><\/em><\/strong><\/p><p>J\u2019aide les enseignants \u00e0 \u00e9valuer l\u2019efficacit\u00e9 des interventions de neurofeedback et biofeedback.<\/p><ul><li><strong>Outils d\u2019\u00c9valuation<\/strong> : Je fournis des outils et des m\u00e9thodes pour \u00e9valuer les progr\u00e8s des \u00e9l\u00e8ves.<\/li><li><strong>Partage de R\u00e9sultats<\/strong> : Le partage des r\u00e9sultats de recherches et d\u2019\u00e9valuations pour d\u00e9montrer l\u2019efficacit\u00e9 des techniques utilis\u00e9es est essentiel pour le bien-\u00eatre des enfants.<\/li><\/ul><p>Vous pourrez participer \u00e0 des conf\u00e9rences o\u00f9 je vous pr\u00e9senterai les avantages et les applications des techniques de neurofeedback et biofeedback avec les enfants atypiques.<\/p><p>Des articles et des newsletters pourront vous informer sur les derni\u00e8res avanc\u00e9es dans le domaine. <a href=\"https:\/\/enfantzatypiques.org\/index.php\/actualites\/\"><strong>Suivez mon blog\u00a0!<\/strong><\/a><\/p><p><a href=\"https:\/\/enfantzatypiques.org\/index.php\/contact\/\"><strong>N\u2019h\u00e9sitez pas \u00e0 me contacter pour de plus amples renseignements\u00a0!<\/strong><\/a><\/p><p>\u00a0<\/p><p>\u00a0<\/p>\t\t\t\t\t\t\t\t<\/div>\n\t\t\t\t<\/div>\n\t\t\t\t\t<\/div>\n\t\t\t\t<\/div>\n\t\t<div class=\"elementor-element elementor-element-392fdcc e-flex e-con-boxed e-con e-parent\" data-id=\"392fdcc\" data-element_type=\"container\" data-e-type=\"container\">\n\t\t\t\t\t<div class=\"e-con-inner\">\n\t\t\t\t<div class=\"elementor-element elementor-element-035cf93 elementor-widget elementor-widget-text-editor\" data-id=\"035cf93\" data-element_type=\"widget\" data-e-type=\"widget\" data-widget_type=\"text-editor.default\">\n\t\t\t\t<div class=\"elementor-widget-container\">\n\t\t\t\t\t\t\t\t\t<h4><strong><em>Ces services et contenus peuvent grandement aider les enseignants \u00e0 mieux comprendre l\u2019utilisation du neurofeedback et du biofeedback pour soutenir les enfants atypiques, am\u00e9liorant ainsi leur exp\u00e9rience \u00e9ducative et leur bien-\u00eatre global.<\/em><\/strong><\/h4>\t\t\t\t\t\t\t\t<\/div>\n\t\t\t\t<\/div>\n\t\t\t\t\t<\/div>\n\t\t\t\t<\/div>\n\t\t\t\t<\/div>\n\t\t","protected":false},"excerpt":{"rendered":"<p>En tant que praticienne sp\u00e9cialis\u00e9e en neurofeedback et biofeedback lin\u00e9aire, je peux vous offrir divers services et contenus pour aider les enfants atypiques. \u00a0 \u00a0 Ateliers J\u2019organise des ateliers sur le neurofeedback et le biofeedback. Introduction au Neurofeedback et Biofeedback : Je vous pr\u00e9senterai les bases, les bienfaits, et les applications de ces techniques pour [&hellip;]<\/p>\n","protected":false},"author":2,"featured_media":0,"parent":0,"menu_order":0,"comment_status":"closed","ping_status":"closed","template":"","meta":{"_eb_attr":"","footnotes":""},"class_list":["post-695","page","type-page","status-publish","hentry"],"yoast_head":"<!-- This site is optimized with the Yoast SEO plugin v27.4 - https:\/\/yoast.com\/product\/yoast-seo-wordpress\/ -->\n<title>Contenu et services - Les enfantZatypiques<\/title>\n<meta name=\"robots\" content=\"index, follow, max-snippet:-1, max-image-preview:large, max-video-preview:-1\" \/>\n<link rel=\"canonical\" href=\"http:\/\/enfantzatypiques.org\/index.php\/contenu-et-services\/\" \/>\n<meta property=\"og:locale\" content=\"fr_FR\" \/>\n<meta property=\"og:type\" content=\"article\" \/>\n<meta property=\"og:title\" content=\"Contenu et services - Les enfantZatypiques\" \/>\n<meta property=\"og:description\" content=\"En tant que praticienne sp\u00e9cialis\u00e9e en neurofeedback et biofeedback lin\u00e9aire, je peux vous offrir divers services et contenus pour aider les enfants atypiques. \u00a0 \u00a0 Ateliers J\u2019organise des ateliers sur le neurofeedback et le biofeedback. Introduction au Neurofeedback et Biofeedback : Je vous pr\u00e9senterai les bases, les bienfaits, et les applications de ces techniques pour [&hellip;]\" \/>\n<meta property=\"og:url\" content=\"http:\/\/enfantzatypiques.org\/index.php\/contenu-et-services\/\" \/>\n<meta property=\"og:site_name\" content=\"Les enfantZatypiques\" \/>\n<meta property=\"article:modified_time\" content=\"2024-07-25T08:56:45+00:00\" \/>\n<meta property=\"og:image\" content=\"http:\/\/enfantzatypiques.org\/wp-content\/uploads\/2024\/07\/Enseignants-ressources-enfantzatypiques-1024x576.jpg\" \/>\n<meta name=\"twitter:card\" content=\"summary_large_image\" \/>\n<meta name=\"twitter:label1\" content=\"Dur\u00e9e de lecture estim\u00e9e\" \/>\n\t<meta name=\"twitter:data1\" content=\"4 minutes\" \/>\n<script type=\"application\/ld+json\" class=\"yoast-schema-graph\">{\"@context\":\"https:\\\/\\\/schema.org\",\"@graph\":[{\"@type\":\"WebPage\",\"@id\":\"http:\\\/\\\/enfantzatypiques.org\\\/index.php\\\/contenu-et-services\\\/\",\"url\":\"http:\\\/\\\/enfantzatypiques.org\\\/index.php\\\/contenu-et-services\\\/\",\"name\":\"Contenu et services - Les enfantZatypiques\",\"isPartOf\":{\"@id\":\"http:\\\/\\\/enfantzatypiques.org\\\/#website\"},\"primaryImageOfPage\":{\"@id\":\"http:\\\/\\\/enfantzatypiques.org\\\/index.php\\\/contenu-et-services\\\/#primaryimage\"},\"image\":{\"@id\":\"http:\\\/\\\/enfantzatypiques.org\\\/index.php\\\/contenu-et-services\\\/#primaryimage\"},\"thumbnailUrl\":\"http:\\\/\\\/enfantzatypiques.org\\\/wp-content\\\/uploads\\\/2024\\\/07\\\/Enseignants-ressources-enfantzatypiques-1024x576.jpg\",\"datePublished\":\"2024-07-22T16:05:10+00:00\",\"dateModified\":\"2024-07-25T08:56:45+00:00\",\"breadcrumb\":{\"@id\":\"http:\\\/\\\/enfantzatypiques.org\\\/index.php\\\/contenu-et-services\\\/#breadcrumb\"},\"inLanguage\":\"fr-FR\",\"potentialAction\":[{\"@type\":\"ReadAction\",\"target\":[\"http:\\\/\\\/enfantzatypiques.org\\\/index.php\\\/contenu-et-services\\\/\"]}]},{\"@type\":\"ImageObject\",\"inLanguage\":\"fr-FR\",\"@id\":\"http:\\\/\\\/enfantzatypiques.org\\\/index.php\\\/contenu-et-services\\\/#primaryimage\",\"url\":\"http:\\\/\\\/enfantzatypiques.org\\\/wp-content\\\/uploads\\\/2024\\\/07\\\/Enseignants-ressources-enfantzatypiques.jpg\",\"contentUrl\":\"http:\\\/\\\/enfantzatypiques.org\\\/wp-content\\\/uploads\\\/2024\\\/07\\\/Enseignants-ressources-enfantzatypiques.jpg\",\"width\":1389,\"height\":781,\"caption\":\"Enseignants ressources enfantzatypiques\"},{\"@type\":\"BreadcrumbList\",\"@id\":\"http:\\\/\\\/enfantzatypiques.org\\\/index.php\\\/contenu-et-services\\\/#breadcrumb\",\"itemListElement\":[{\"@type\":\"ListItem\",\"position\":1,\"name\":\"Accueil\",\"item\":\"http:\\\/\\\/enfantzatypiques.org\\\/\"},{\"@type\":\"ListItem\",\"position\":2,\"name\":\"Contenu et services\"}]},{\"@type\":\"WebSite\",\"@id\":\"http:\\\/\\\/enfantzatypiques.org\\\/#website\",\"url\":\"http:\\\/\\\/enfantzatypiques.org\\\/\",\"name\":\"Les enfantZatypiques\",\"description\":\"Comment soigner les enfants atypiques ?\",\"publisher\":{\"@id\":\"http:\\\/\\\/enfantzatypiques.org\\\/#\\\/schema\\\/person\\\/8c2673b14bbe39f5978d3c9c517dfebd\"},\"potentialAction\":[{\"@type\":\"SearchAction\",\"target\":{\"@type\":\"EntryPoint\",\"urlTemplate\":\"http:\\\/\\\/enfantzatypiques.org\\\/?s={search_term_string}\"},\"query-input\":{\"@type\":\"PropertyValueSpecification\",\"valueRequired\":true,\"valueName\":\"search_term_string\"}}],\"inLanguage\":\"fr-FR\"},{\"@type\":[\"Person\",\"Organization\"],\"@id\":\"http:\\\/\\\/enfantzatypiques.org\\\/#\\\/schema\\\/person\\\/8c2673b14bbe39f5978d3c9c517dfebd\",\"name\":\"St\u00e9phanie Fr\u00e9chin\",\"image\":{\"@type\":\"ImageObject\",\"inLanguage\":\"fr-FR\",\"@id\":\"https:\\\/\\\/enfantzatypiques.org\\\/wp-content\\\/uploads\\\/2024\\\/07\\\/cropped-logo-stephanie-frechin.jpg\",\"url\":\"https:\\\/\\\/enfantzatypiques.org\\\/wp-content\\\/uploads\\\/2024\\\/07\\\/cropped-logo-stephanie-frechin.jpg\",\"contentUrl\":\"https:\\\/\\\/enfantzatypiques.org\\\/wp-content\\\/uploads\\\/2024\\\/07\\\/cropped-logo-stephanie-frechin.jpg\",\"width\":512,\"height\":512,\"caption\":\"St\u00e9phanie Fr\u00e9chin\"},\"logo\":{\"@id\":\"https:\\\/\\\/enfantzatypiques.org\\\/wp-content\\\/uploads\\\/2024\\\/07\\\/cropped-logo-stephanie-frechin.jpg\"},\"sameAs\":[\"http:\\\/\\\/www.enfantzatypiques.com\"]}]}<\/script>\n<!-- \/ Yoast SEO plugin. -->","yoast_head_json":{"title":"Contenu et services - Les enfantZatypiques","robots":{"index":"index","follow":"follow","max-snippet":"max-snippet:-1","max-image-preview":"max-image-preview:large","max-video-preview":"max-video-preview:-1"},"canonical":"http:\/\/enfantzatypiques.org\/index.php\/contenu-et-services\/","og_locale":"fr_FR","og_type":"article","og_title":"Contenu et services - Les enfantZatypiques","og_description":"En tant que praticienne sp\u00e9cialis\u00e9e en neurofeedback et biofeedback lin\u00e9aire, je peux vous offrir divers services et contenus pour aider les enfants atypiques. \u00a0 \u00a0 Ateliers J\u2019organise des ateliers sur le neurofeedback et le biofeedback. Introduction au Neurofeedback et Biofeedback : Je vous pr\u00e9senterai les bases, les bienfaits, et les applications de ces techniques pour [&hellip;]","og_url":"http:\/\/enfantzatypiques.org\/index.php\/contenu-et-services\/","og_site_name":"Les enfantZatypiques","article_modified_time":"2024-07-25T08:56:45+00:00","og_image":[{"url":"http:\/\/enfantzatypiques.org\/wp-content\/uploads\/2024\/07\/Enseignants-ressources-enfantzatypiques-1024x576.jpg","type":"","width":"","height":""}],"twitter_card":"summary_large_image","twitter_misc":{"Dur\u00e9e de lecture estim\u00e9e":"4 minutes"},"schema":{"@context":"https:\/\/schema.org","@graph":[{"@type":"WebPage","@id":"http:\/\/enfantzatypiques.org\/index.php\/contenu-et-services\/","url":"http:\/\/enfantzatypiques.org\/index.php\/contenu-et-services\/","name":"Contenu et services - Les enfantZatypiques","isPartOf":{"@id":"http:\/\/enfantzatypiques.org\/#website"},"primaryImageOfPage":{"@id":"http:\/\/enfantzatypiques.org\/index.php\/contenu-et-services\/#primaryimage"},"image":{"@id":"http:\/\/enfantzatypiques.org\/index.php\/contenu-et-services\/#primaryimage"},"thumbnailUrl":"http:\/\/enfantzatypiques.org\/wp-content\/uploads\/2024\/07\/Enseignants-ressources-enfantzatypiques-1024x576.jpg","datePublished":"2024-07-22T16:05:10+00:00","dateModified":"2024-07-25T08:56:45+00:00","breadcrumb":{"@id":"http:\/\/enfantzatypiques.org\/index.php\/contenu-et-services\/#breadcrumb"},"inLanguage":"fr-FR","potentialAction":[{"@type":"ReadAction","target":["http:\/\/enfantzatypiques.org\/index.php\/contenu-et-services\/"]}]},{"@type":"ImageObject","inLanguage":"fr-FR","@id":"http:\/\/enfantzatypiques.org\/index.php\/contenu-et-services\/#primaryimage","url":"http:\/\/enfantzatypiques.org\/wp-content\/uploads\/2024\/07\/Enseignants-ressources-enfantzatypiques.jpg","contentUrl":"http:\/\/enfantzatypiques.org\/wp-content\/uploads\/2024\/07\/Enseignants-ressources-enfantzatypiques.jpg","width":1389,"height":781,"caption":"Enseignants ressources enfantzatypiques"},{"@type":"BreadcrumbList","@id":"http:\/\/enfantzatypiques.org\/index.php\/contenu-et-services\/#breadcrumb","itemListElement":[{"@type":"ListItem","position":1,"name":"Accueil","item":"http:\/\/enfantzatypiques.org\/"},{"@type":"ListItem","position":2,"name":"Contenu et services"}]},{"@type":"WebSite","@id":"http:\/\/enfantzatypiques.org\/#website","url":"http:\/\/enfantzatypiques.org\/","name":"Les enfantZatypiques","description":"Comment soigner les enfants atypiques ?","publisher":{"@id":"http:\/\/enfantzatypiques.org\/#\/schema\/person\/8c2673b14bbe39f5978d3c9c517dfebd"},"potentialAction":[{"@type":"SearchAction","target":{"@type":"EntryPoint","urlTemplate":"http:\/\/enfantzatypiques.org\/?s={search_term_string}"},"query-input":{"@type":"PropertyValueSpecification","valueRequired":true,"valueName":"search_term_string"}}],"inLanguage":"fr-FR"},{"@type":["Person","Organization"],"@id":"http:\/\/enfantzatypiques.org\/#\/schema\/person\/8c2673b14bbe39f5978d3c9c517dfebd","name":"St\u00e9phanie Fr\u00e9chin","image":{"@type":"ImageObject","inLanguage":"fr-FR","@id":"https:\/\/enfantzatypiques.org\/wp-content\/uploads\/2024\/07\/cropped-logo-stephanie-frechin.jpg","url":"https:\/\/enfantzatypiques.org\/wp-content\/uploads\/2024\/07\/cropped-logo-stephanie-frechin.jpg","contentUrl":"https:\/\/enfantzatypiques.org\/wp-content\/uploads\/2024\/07\/cropped-logo-stephanie-frechin.jpg","width":512,"height":512,"caption":"St\u00e9phanie Fr\u00e9chin"},"logo":{"@id":"https:\/\/enfantzatypiques.org\/wp-content\/uploads\/2024\/07\/cropped-logo-stephanie-frechin.jpg"},"sameAs":["http:\/\/www.enfantzatypiques.com"]}]}},"_links":{"self":[{"href":"http:\/\/enfantzatypiques.org\/index.php\/wp-json\/wp\/v2\/pages\/695","targetHints":{"allow":["GET"]}}],"collection":[{"href":"http:\/\/enfantzatypiques.org\/index.php\/wp-json\/wp\/v2\/pages"}],"about":[{"href":"http:\/\/enfantzatypiques.org\/index.php\/wp-json\/wp\/v2\/types\/page"}],"author":[{"embeddable":true,"href":"http:\/\/enfantzatypiques.org\/index.php\/wp-json\/wp\/v2\/users\/2"}],"replies":[{"embeddable":true,"href":"http:\/\/enfantzatypiques.org\/index.php\/wp-json\/wp\/v2\/comments?post=695"}],"version-history":[{"count":9,"href":"http:\/\/enfantzatypiques.org\/index.php\/wp-json\/wp\/v2\/pages\/695\/revisions"}],"predecessor-version":[{"id":844,"href":"http:\/\/enfantzatypiques.org\/index.php\/wp-json\/wp\/v2\/pages\/695\/revisions\/844"}],"wp:attachment":[{"href":"http:\/\/enfantzatypiques.org\/index.php\/wp-json\/wp\/v2\/media?parent=695"}],"curies":[{"name":"wp","href":"https:\/\/api.w.org\/{rel}","templated":true}]}}