{"id":475,"date":"2024-07-10T09:17:20","date_gmt":"2024-07-10T07:17:20","guid":{"rendered":"https:\/\/enfantzatypiques.org\/?page_id=475"},"modified":"2024-07-24T09:39:26","modified_gmt":"2024-07-24T07:39:26","slug":"identification-precoce","status":"publish","type":"page","link":"http:\/\/enfantzatypiques.org\/index.php\/identification-precoce\/","title":{"rendered":"Identification pr\u00e9coce"},"content":{"rendered":"\t\t<div data-elementor-type=\"wp-page\" data-elementor-id=\"475\" class=\"elementor elementor-475\">\n\t\t\t\t<div class=\"elementor-element elementor-element-fc3e191 e-flex e-con-boxed e-con e-parent\" data-id=\"fc3e191\" data-element_type=\"container\" data-e-type=\"container\">\n\t\t\t\t\t<div class=\"e-con-inner\">\n\t\t\t\t<div class=\"elementor-element elementor-element-9a61c82 elementor-widget elementor-widget-text-editor\" data-id=\"9a61c82\" data-element_type=\"widget\" data-e-type=\"widget\" data-widget_type=\"text-editor.default\">\n\t\t\t\t<div class=\"elementor-widget-container\">\n\t\t\t\t\t\t\t\t\t<h2><strong>Les enfants atypiques : Comment les identifier de fa\u00e7on pr\u00e9coce<\/strong><\/h2>\n<strong><em>Chaque enfant est unique<\/em><\/strong>, mais certains enfants pr\u00e9sentent des caract\u00e9ristiques qui les rendent particuli\u00e8rement atypiques. Ces enfants peuvent avoir des talents, des comportements ou des besoins sp\u00e9cifiques qui ne correspondent pas toujours aux normes soci\u00e9tales. Vous, parents d&rsquo;enfants atypiques, jouez un r\u00f4le crucial dans la reconnaissance, l&rsquo;acceptation et le soutien de ces diff\u00e9rences. Voici d&rsquo;apr\u00e8s mes observations un aper\u00e7u exhaustif des signes que vous pourriez observer chez vos enfants.\n<h4><strong>1. Pr\u00e9cocit\u00e9 intellectuelle<\/strong> :<\/h4>\n<ul>\n \t<li>Un vocabulaire avanc\u00e9 pour leur \u00e2ge.<\/li>\n \t<li>Une curiosit\u00e9 insatiable et un d\u00e9sir constant d&rsquo;apprendre.<\/li>\n \t<li>Une capacit\u00e9 \u00e0 r\u00e9soudre des probl\u00e8mes complexes.<\/li>\n<\/ul>\n<img fetchpriority=\"high\" decoding=\"async\" class=\"alignnone size-full wp-image-579\" src=\"http:\/\/enfantzatypiques.org\/wp-content\/uploads\/2024\/07\/Enfants-precoce.jpg\" alt=\"Identification pr\u00e9coce\" width=\"810\" height=\"567\" \/>\n<h4><strong>2. Comportements inhabituels<\/strong> :<\/h4>\n<ul>\n \t<li>Des routines et des rituels rigides.<\/li>\n \t<li>Des int\u00e9r\u00eats intenses et focalis\u00e9s sur des sujets sp\u00e9cifiques.<\/li>\n \t<li>Des difficult\u00e9s \u00e0 s\u2019adapter aux changements.<\/li>\n<\/ul>\n<h4><strong>3. Sensibilit\u00e9s sensorielles<\/strong> :<\/h4>\n<ul>\n \t<li>Une hypersensibilit\u00e9 au bruit, aux textures, ou \u00e0 la lumi\u00e8re.<\/li>\n \t<li>Une recherche de sensations fortes ou, au contraire, une aversion pour certains stimuli sensoriels.<\/li>\n<\/ul>\n<h4><strong>4. Difficult\u00e9s sociales<\/strong> :<\/h4>\n<ul>\n \t<li>Des probl\u00e8mes \u00e0 comprendre et \u00e0 interpr\u00e9ter les signaux sociaux.<\/li>\n \t<li>Une tendance \u00e0 pr\u00e9f\u00e9rer la solitude ou \u00e0 avoir des difficult\u00e9s \u00e0 se faire des amis.<\/li>\n \t<li>Des interactions sociales qui peuvent para\u00eetre maladroites ou inappropri\u00e9es.<\/li>\n<\/ul>\n<h4><strong>5. Probl\u00e8mes \u00e9motionnels<\/strong> :<\/h4>\n<ul>\n \t<li>Des crises de col\u00e8re fr\u00e9quentes et intenses.<\/li>\n \t<li>Une anxi\u00e9t\u00e9 \u00e9lev\u00e9e dans des situations nouvelles ou stressantes.<\/li>\n \t<li>Une difficult\u00e9 \u00e0 r\u00e9guler leurs \u00e9motions.<\/li>\n<\/ul>\n<img decoding=\"async\" class=\"alignnone size-large wp-image-731\" src=\"http:\/\/enfantzatypiques.org\/wp-content\/uploads\/2024\/07\/Article-1-1024x567.jpg\" alt=\"Identification pr\u00e9coce\" width=\"768\" height=\"425\" \/>\n\n<strong><em>Vos enfants apportent des perspectives et des talents uniques au monde<\/em><\/strong>. En tant que parents, notre r\u00f4le est essentiel pour les aider \u00e0 naviguer dans notre monde actuel. En reconnaissant certains signes pr\u00e9cocement, nous pouvons tout mettre en \u0153uvre le plus t\u00f4t possible dans sa jeune vie afin de trouver des clefs pour son bien \u00eatre quotidien.\n\nEn c\u00e9l\u00e9brant les qualit\u00e9s uniques de votre enfant et en mettant en place un protocole adapt\u00e9, que ce soit sur le plan acad\u00e9mique, \u00e9motionnel ou relationnel, nous l\u2019aiderons ensemble \u00e0 s\u2019\u00e9panouir pleinement et \u00e0 trouver sa place.\n\nDe nombreuses solutions existent pour qu\u2019ils se sentent mieux dans notre soci\u00e9t\u00e9, parmi nous.\t\t\t\t\t\t\t\t<\/div>\n\t\t\t\t<\/div>\n\t\t\t\t\t<\/div>\n\t\t\t\t<\/div>\n\t\t<div class=\"elementor-element elementor-element-018075d e-flex e-con-boxed e-con e-parent\" data-id=\"018075d\" data-element_type=\"container\" data-e-type=\"container\">\n\t\t\t\t\t<div class=\"e-con-inner\">\n\t\t\t\t<div class=\"elementor-element elementor-element-4265e01 elementor-widget elementor-widget-text-editor\" data-id=\"4265e01\" data-element_type=\"widget\" data-e-type=\"widget\" data-widget_type=\"text-editor.default\">\n\t\t\t\t<div class=\"elementor-widget-container\">\n\t\t\t\t\t\t\t\t\t<h2><em><strong>Je vous propose d\u2019accompagner votre enfant sur ce chemin, en lui offrant un soutien appropri\u00e9 et individualis\u00e9 et en coop\u00e9ration avec vous, parents.<\/strong><\/em><\/h2>\t\t\t\t\t\t\t\t<\/div>\n\t\t\t\t<\/div>\n\t\t\t\t\t<\/div>\n\t\t\t\t<\/div>\n\t\t<div class=\"elementor-element elementor-element-6925ec2 e-flex e-con-boxed e-con e-parent\" data-id=\"6925ec2\" data-element_type=\"container\" data-e-type=\"container\">\n\t\t\t\t\t<div class=\"e-con-inner\">\n\t\t\t\t<div class=\"elementor-element elementor-element-20f1f62 elementor-widget elementor-widget-text-editor\" data-id=\"20f1f62\" data-element_type=\"widget\" data-e-type=\"widget\" data-widget_type=\"text-editor.default\">\n\t\t\t\t<div class=\"elementor-widget-container\">\n\t\t\t\t\t\t\t\t\t<p>En c\u00e9l\u00e9brant les qualit\u00e9s uniques de votre enfant et en mettant en place un protocole adapt\u00e9, que ce soit sur le plan acad\u00e9mique, \u00e9motionnel ou relationnel, nous l\u2019aiderons ensemble \u00e0 s\u2019\u00e9panouir pleinement et \u00e0 trouver sa place.<\/p><p>De nombreuses solutions existent pour qu\u2019ils se sentent mieux dans notre soci\u00e9t\u00e9, parmi nous.<\/p><div id=\"gtx-trans\" style=\"position: absolute; left: -34px; top: -9.2px;\"><div class=\"gtx-trans-icon\">\u00a0<\/div><\/div>\t\t\t\t\t\t\t\t<\/div>\n\t\t\t\t<\/div>\n\t\t\t\t\t<\/div>\n\t\t\t\t<\/div>\n\t\t\t\t<\/div>\n\t\t","protected":false},"excerpt":{"rendered":"<p>Les enfants atypiques : Comment les identifier de fa\u00e7on pr\u00e9coce Chaque enfant est unique, mais certains enfants pr\u00e9sentent des caract\u00e9ristiques qui les rendent particuli\u00e8rement atypiques. Ces enfants peuvent avoir des talents, des comportements ou des besoins sp\u00e9cifiques qui ne correspondent pas toujours aux normes soci\u00e9tales. Vous, parents d&rsquo;enfants atypiques, jouez un r\u00f4le crucial dans la [&hellip;]<\/p>\n","protected":false},"author":2,"featured_media":0,"parent":0,"menu_order":0,"comment_status":"closed","ping_status":"closed","template":"","meta":{"_eb_attr":"","footnotes":""},"class_list":["post-475","page","type-page","status-publish","hentry"],"yoast_head":"<!-- This site is optimized with the Yoast SEO plugin v27.4 - https:\/\/yoast.com\/product\/yoast-seo-wordpress\/ -->\n<title>Identification pr\u00e9coce - Les enfantZatypiques<\/title>\n<meta name=\"description\" content=\"Identification pr\u00e9coce, comment reconnaitre un enfant pr\u00e9coce qualifi\u00e9 souvent d&#039;enfant atypique. St\u00e9phanie Freschin vous dit comment\" \/>\n<meta name=\"robots\" content=\"index, follow, max-snippet:-1, max-image-preview:large, max-video-preview:-1\" \/>\n<link rel=\"canonical\" href=\"http:\/\/enfantzatypiques.org\/index.php\/identification-precoce\/\" \/>\n<meta property=\"og:locale\" content=\"fr_FR\" \/>\n<meta property=\"og:type\" content=\"article\" \/>\n<meta property=\"og:title\" content=\"Identification pr\u00e9coce - Les enfantZatypiques\" \/>\n<meta property=\"og:description\" content=\"Identification pr\u00e9coce, comment reconnaitre un enfant pr\u00e9coce qualifi\u00e9 souvent d&#039;enfant atypique. St\u00e9phanie Freschin vous dit comment\" \/>\n<meta property=\"og:url\" content=\"http:\/\/enfantzatypiques.org\/index.php\/identification-precoce\/\" \/>\n<meta property=\"og:site_name\" content=\"Les enfantZatypiques\" \/>\n<meta property=\"article:modified_time\" content=\"2024-07-24T07:39:26+00:00\" \/>\n<meta property=\"og:image\" content=\"http:\/\/enfantzatypiques.org\/wp-content\/uploads\/2024\/07\/Enfants-precoce.webp\" \/>\n<meta name=\"twitter:card\" content=\"summary_large_image\" \/>\n<meta name=\"twitter:label1\" content=\"Dur\u00e9e de lecture estim\u00e9e\" \/>\n\t<meta name=\"twitter:data1\" content=\"3 minutes\" \/>\n<script type=\"application\/ld+json\" class=\"yoast-schema-graph\">{\"@context\":\"https:\\\/\\\/schema.org\",\"@graph\":[{\"@type\":\"WebPage\",\"@id\":\"http:\\\/\\\/enfantzatypiques.org\\\/index.php\\\/identification-precoce\\\/\",\"url\":\"http:\\\/\\\/enfantzatypiques.org\\\/index.php\\\/identification-precoce\\\/\",\"name\":\"Identification pr\u00e9coce - Les enfantZatypiques\",\"isPartOf\":{\"@id\":\"http:\\\/\\\/enfantzatypiques.org\\\/#website\"},\"primaryImageOfPage\":{\"@id\":\"http:\\\/\\\/enfantzatypiques.org\\\/index.php\\\/identification-precoce\\\/#primaryimage\"},\"image\":{\"@id\":\"http:\\\/\\\/enfantzatypiques.org\\\/index.php\\\/identification-precoce\\\/#primaryimage\"},\"thumbnailUrl\":\"http:\\\/\\\/enfantzatypiques.org\\\/wp-content\\\/uploads\\\/2024\\\/07\\\/Enfants-precoce.webp\",\"datePublished\":\"2024-07-10T07:17:20+00:00\",\"dateModified\":\"2024-07-24T07:39:26+00:00\",\"description\":\"Identification pr\u00e9coce, comment reconnaitre un enfant pr\u00e9coce qualifi\u00e9 souvent d'enfant atypique. St\u00e9phanie Freschin vous dit comment\",\"breadcrumb\":{\"@id\":\"http:\\\/\\\/enfantzatypiques.org\\\/index.php\\\/identification-precoce\\\/#breadcrumb\"},\"inLanguage\":\"fr-FR\",\"potentialAction\":[{\"@type\":\"ReadAction\",\"target\":[\"http:\\\/\\\/enfantzatypiques.org\\\/index.php\\\/identification-precoce\\\/\"]}]},{\"@type\":\"ImageObject\",\"inLanguage\":\"fr-FR\",\"@id\":\"http:\\\/\\\/enfantzatypiques.org\\\/index.php\\\/identification-precoce\\\/#primaryimage\",\"url\":\"http:\\\/\\\/enfantzatypiques.org\\\/wp-content\\\/uploads\\\/2024\\\/07\\\/Enfants-precoce.webp\",\"contentUrl\":\"http:\\\/\\\/enfantzatypiques.org\\\/wp-content\\\/uploads\\\/2024\\\/07\\\/Enfants-precoce.webp\",\"width\":810,\"height\":567},{\"@type\":\"BreadcrumbList\",\"@id\":\"http:\\\/\\\/enfantzatypiques.org\\\/index.php\\\/identification-precoce\\\/#breadcrumb\",\"itemListElement\":[{\"@type\":\"ListItem\",\"position\":1,\"name\":\"Accueil\",\"item\":\"http:\\\/\\\/enfantzatypiques.org\\\/\"},{\"@type\":\"ListItem\",\"position\":2,\"name\":\"Identification pr\u00e9coce\"}]},{\"@type\":\"WebSite\",\"@id\":\"http:\\\/\\\/enfantzatypiques.org\\\/#website\",\"url\":\"http:\\\/\\\/enfantzatypiques.org\\\/\",\"name\":\"Les enfantZatypiques\",\"description\":\"Comment soigner les enfants atypiques ?\",\"publisher\":{\"@id\":\"http:\\\/\\\/enfantzatypiques.org\\\/#\\\/schema\\\/person\\\/8c2673b14bbe39f5978d3c9c517dfebd\"},\"potentialAction\":[{\"@type\":\"SearchAction\",\"target\":{\"@type\":\"EntryPoint\",\"urlTemplate\":\"http:\\\/\\\/enfantzatypiques.org\\\/?s={search_term_string}\"},\"query-input\":{\"@type\":\"PropertyValueSpecification\",\"valueRequired\":true,\"valueName\":\"search_term_string\"}}],\"inLanguage\":\"fr-FR\"},{\"@type\":[\"Person\",\"Organization\"],\"@id\":\"http:\\\/\\\/enfantzatypiques.org\\\/#\\\/schema\\\/person\\\/8c2673b14bbe39f5978d3c9c517dfebd\",\"name\":\"St\u00e9phanie Fr\u00e9chin\",\"image\":{\"@type\":\"ImageObject\",\"inLanguage\":\"fr-FR\",\"@id\":\"https:\\\/\\\/enfantzatypiques.org\\\/wp-content\\\/uploads\\\/2024\\\/07\\\/cropped-logo-stephanie-frechin.jpg\",\"url\":\"https:\\\/\\\/enfantzatypiques.org\\\/wp-content\\\/uploads\\\/2024\\\/07\\\/cropped-logo-stephanie-frechin.jpg\",\"contentUrl\":\"https:\\\/\\\/enfantzatypiques.org\\\/wp-content\\\/uploads\\\/2024\\\/07\\\/cropped-logo-stephanie-frechin.jpg\",\"width\":512,\"height\":512,\"caption\":\"St\u00e9phanie Fr\u00e9chin\"},\"logo\":{\"@id\":\"https:\\\/\\\/enfantzatypiques.org\\\/wp-content\\\/uploads\\\/2024\\\/07\\\/cropped-logo-stephanie-frechin.jpg\"},\"sameAs\":[\"http:\\\/\\\/www.enfantzatypiques.com\"]}]}<\/script>\n<!-- \/ Yoast SEO plugin. -->","yoast_head_json":{"title":"Identification pr\u00e9coce - Les enfantZatypiques","description":"Identification pr\u00e9coce, comment reconnaitre un enfant pr\u00e9coce qualifi\u00e9 souvent d'enfant atypique. St\u00e9phanie Freschin vous dit comment","robots":{"index":"index","follow":"follow","max-snippet":"max-snippet:-1","max-image-preview":"max-image-preview:large","max-video-preview":"max-video-preview:-1"},"canonical":"http:\/\/enfantzatypiques.org\/index.php\/identification-precoce\/","og_locale":"fr_FR","og_type":"article","og_title":"Identification pr\u00e9coce - Les enfantZatypiques","og_description":"Identification pr\u00e9coce, comment reconnaitre un enfant pr\u00e9coce qualifi\u00e9 souvent d'enfant atypique. St\u00e9phanie Freschin vous dit comment","og_url":"http:\/\/enfantzatypiques.org\/index.php\/identification-precoce\/","og_site_name":"Les enfantZatypiques","article_modified_time":"2024-07-24T07:39:26+00:00","og_image":[{"url":"http:\/\/enfantzatypiques.org\/wp-content\/uploads\/2024\/07\/Enfants-precoce.webp","type":"","width":"","height":""}],"twitter_card":"summary_large_image","twitter_misc":{"Dur\u00e9e de lecture estim\u00e9e":"3 minutes"},"schema":{"@context":"https:\/\/schema.org","@graph":[{"@type":"WebPage","@id":"http:\/\/enfantzatypiques.org\/index.php\/identification-precoce\/","url":"http:\/\/enfantzatypiques.org\/index.php\/identification-precoce\/","name":"Identification pr\u00e9coce - Les enfantZatypiques","isPartOf":{"@id":"http:\/\/enfantzatypiques.org\/#website"},"primaryImageOfPage":{"@id":"http:\/\/enfantzatypiques.org\/index.php\/identification-precoce\/#primaryimage"},"image":{"@id":"http:\/\/enfantzatypiques.org\/index.php\/identification-precoce\/#primaryimage"},"thumbnailUrl":"http:\/\/enfantzatypiques.org\/wp-content\/uploads\/2024\/07\/Enfants-precoce.webp","datePublished":"2024-07-10T07:17:20+00:00","dateModified":"2024-07-24T07:39:26+00:00","description":"Identification pr\u00e9coce, comment reconnaitre un enfant pr\u00e9coce qualifi\u00e9 souvent d'enfant atypique. St\u00e9phanie Freschin vous dit comment","breadcrumb":{"@id":"http:\/\/enfantzatypiques.org\/index.php\/identification-precoce\/#breadcrumb"},"inLanguage":"fr-FR","potentialAction":[{"@type":"ReadAction","target":["http:\/\/enfantzatypiques.org\/index.php\/identification-precoce\/"]}]},{"@type":"ImageObject","inLanguage":"fr-FR","@id":"http:\/\/enfantzatypiques.org\/index.php\/identification-precoce\/#primaryimage","url":"http:\/\/enfantzatypiques.org\/wp-content\/uploads\/2024\/07\/Enfants-precoce.webp","contentUrl":"http:\/\/enfantzatypiques.org\/wp-content\/uploads\/2024\/07\/Enfants-precoce.webp","width":810,"height":567},{"@type":"BreadcrumbList","@id":"http:\/\/enfantzatypiques.org\/index.php\/identification-precoce\/#breadcrumb","itemListElement":[{"@type":"ListItem","position":1,"name":"Accueil","item":"http:\/\/enfantzatypiques.org\/"},{"@type":"ListItem","position":2,"name":"Identification pr\u00e9coce"}]},{"@type":"WebSite","@id":"http:\/\/enfantzatypiques.org\/#website","url":"http:\/\/enfantzatypiques.org\/","name":"Les enfantZatypiques","description":"Comment soigner les enfants atypiques ?","publisher":{"@id":"http:\/\/enfantzatypiques.org\/#\/schema\/person\/8c2673b14bbe39f5978d3c9c517dfebd"},"potentialAction":[{"@type":"SearchAction","target":{"@type":"EntryPoint","urlTemplate":"http:\/\/enfantzatypiques.org\/?s={search_term_string}"},"query-input":{"@type":"PropertyValueSpecification","valueRequired":true,"valueName":"search_term_string"}}],"inLanguage":"fr-FR"},{"@type":["Person","Organization"],"@id":"http:\/\/enfantzatypiques.org\/#\/schema\/person\/8c2673b14bbe39f5978d3c9c517dfebd","name":"St\u00e9phanie Fr\u00e9chin","image":{"@type":"ImageObject","inLanguage":"fr-FR","@id":"https:\/\/enfantzatypiques.org\/wp-content\/uploads\/2024\/07\/cropped-logo-stephanie-frechin.jpg","url":"https:\/\/enfantzatypiques.org\/wp-content\/uploads\/2024\/07\/cropped-logo-stephanie-frechin.jpg","contentUrl":"https:\/\/enfantzatypiques.org\/wp-content\/uploads\/2024\/07\/cropped-logo-stephanie-frechin.jpg","width":512,"height":512,"caption":"St\u00e9phanie Fr\u00e9chin"},"logo":{"@id":"https:\/\/enfantzatypiques.org\/wp-content\/uploads\/2024\/07\/cropped-logo-stephanie-frechin.jpg"},"sameAs":["http:\/\/www.enfantzatypiques.com"]}]}},"_links":{"self":[{"href":"http:\/\/enfantzatypiques.org\/index.php\/wp-json\/wp\/v2\/pages\/475","targetHints":{"allow":["GET"]}}],"collection":[{"href":"http:\/\/enfantzatypiques.org\/index.php\/wp-json\/wp\/v2\/pages"}],"about":[{"href":"http:\/\/enfantzatypiques.org\/index.php\/wp-json\/wp\/v2\/types\/page"}],"author":[{"embeddable":true,"href":"http:\/\/enfantzatypiques.org\/index.php\/wp-json\/wp\/v2\/users\/2"}],"replies":[{"embeddable":true,"href":"http:\/\/enfantzatypiques.org\/index.php\/wp-json\/wp\/v2\/comments?post=475"}],"version-history":[{"count":23,"href":"http:\/\/enfantzatypiques.org\/index.php\/wp-json\/wp\/v2\/pages\/475\/revisions"}],"predecessor-version":[{"id":758,"href":"http:\/\/enfantzatypiques.org\/index.php\/wp-json\/wp\/v2\/pages\/475\/revisions\/758"}],"wp:attachment":[{"href":"http:\/\/enfantzatypiques.org\/index.php\/wp-json\/wp\/v2\/media?parent=475"}],"curies":[{"name":"wp","href":"https:\/\/api.w.org\/{rel}","templated":true}]}}