{"id":294,"date":"2024-07-04T20:32:45","date_gmt":"2024-07-04T18:32:45","guid":{"rendered":"https:\/\/enfantzatypiques.org\/?page_id=294"},"modified":"2024-07-29T17:27:14","modified_gmt":"2024-07-29T15:27:14","slug":"neurofeedback-lineaire","status":"publish","type":"page","link":"http:\/\/enfantzatypiques.org\/index.php\/neurofeedback-lineaire\/","title":{"rendered":"Neurofeedback \/ Biofeedback"},"content":{"rendered":"\t\t<div data-elementor-type=\"wp-page\" data-elementor-id=\"294\" class=\"elementor elementor-294\">\n\t\t\t\t<div class=\"elementor-element elementor-element-eb96ec0 e-flex e-con-boxed e-con e-parent\" data-id=\"eb96ec0\" data-element_type=\"container\" data-e-type=\"container\">\n\t\t\t\t\t<div class=\"e-con-inner\">\n\t\t\t\t<div class=\"elementor-element elementor-element-db2da88 elementor-widget elementor-widget-text-editor\" data-id=\"db2da88\" data-element_type=\"widget\" data-e-type=\"widget\" data-widget_type=\"text-editor.default\">\n\t\t\t\t<div class=\"elementor-widget-container\">\n\t\t\t\t\t\t\t\t\t<p><em>Je vous propose le Neurofeedback lin\u00e9aire, qui est une m\u00e9thode d\u2019apprentissage par entra\u00eenement en temps r\u00e9el, non m\u00e9dicamenteuse, non invasive\u00a0: <\/em><\/p><ul><li><em>soit des diff\u00e9rentes activations physiologiques corporelles associ\u00e9es aux \u00e9tats \u00e9motionnels ou \u00e0 des dysfonctionnements musculaires : LE BIOFEEDBACK, <\/em><\/li><li><em>soit des diff\u00e9rentes activations physiologiques c\u00e9r\u00e9brales elles-m\u00eames : LE NEUROFEEDBACK EEGq (Electroenc\u00e9phalogramme quantitatif)<\/em><\/li><\/ul><p><img fetchpriority=\"high\" decoding=\"async\" class=\"size-full wp-image-915 aligncenter\" src=\"http:\/\/enfantzatypiques.org\/wp-content\/uploads\/2024\/07\/neurofeedback-biofeedback.jpg\" alt=\"Neurofeedback \/ biofeed back enfantzatypiques\" width=\"542\" height=\"816\" srcset=\"http:\/\/enfantzatypiques.org\/wp-content\/uploads\/2024\/07\/neurofeedback-biofeedback.jpg 542w, http:\/\/enfantzatypiques.org\/wp-content\/uploads\/2024\/07\/neurofeedback-biofeedback-199x300.jpg 199w, http:\/\/enfantzatypiques.org\/wp-content\/uploads\/2024\/07\/neurofeedback-biofeedback-200x301.jpg 200w\" sizes=\"(max-width: 542px) 100vw, 542px\" \/><\/p><p><em>Ce processus d\u2019apprentissage c\u00e9r\u00e9bral va vous permettre d&rsquo;optimiser le fonctionnement de votre cerveau et de votre corps, afin de faciliter votre plein potentiel, que vous soyez un enfant, un adolescent ou un adulte.<\/em><\/p><p><em>La\u00a0<\/em><a href=\"https:\/\/fr.wiktionary.org\/wiki\/neuroth%C3%A9rapie\"><em>neuroth\u00e9rapie<\/em><\/a><em>\u00a0s\u2019appuie <\/em><em>sur la science\u00a0<\/em><em>qui cible la compr\u00e9hension et la r\u00e9gulation des relations et connexions entre votre corps, votre cerveau et l&rsquo;ensemble de votre syst\u00e8me nerveux, maos aussi la conscience de votre corps pour lui apprendre \u00e0 se soulager.<\/em><\/p><p><em>Le Neurofeedback cherche \u00e0\u00a0<\/em><em>am\u00e9liorer vos perceptions sensorielles<\/em><em>, vos conduites physiques ou mentales de fa\u00e7on intentionnelle et productive. De nombreuses m\u00e9thodes et pratiques personnalis\u00e9es vous sont propos\u00e9es dont\u00a0<\/em><strong><em>le biofeedback<\/em><\/strong><em>, qui sont \u00e9tay\u00e9es de publications scientifiques.\u00a0<\/em><strong><em>Des th\u00e9rapies \u00e9ducatives ou curatives compl\u00e9mentaires vont enrichir votre <\/em><\/strong><em>entra\u00eenement au biofeedback et au neurofeedback, ce qui aura pour effet de favoriser votre apprentissage th\u00e9rapeutique.<\/em> <em>Cette approche holistique corroborer par des outils de mesure, tels que, l\u2019EEGq, \u2026etc, permettent aujourd\u2019hui de mettre en place des m\u00e9thodes d\u2019apprentissage bas\u00e9es sur l\u2019entra\u00eenement de ses fonctions physiologiques par r\u00e9troaction auditive et visuelle.<\/em><\/p>\t\t\t\t\t\t\t\t<\/div>\n\t\t\t\t<\/div>\n\t\t\t\t\t<\/div>\n\t\t\t\t<\/div>\n\t\t<div class=\"elementor-element elementor-element-95e7a7f e-flex e-con-boxed e-con e-parent\" data-id=\"95e7a7f\" data-element_type=\"container\" data-e-type=\"container\">\n\t\t\t\t\t<div class=\"e-con-inner\">\n\t\t<div class=\"elementor-element elementor-element-6a40197 e-con-full e-flex e-con e-child\" data-id=\"6a40197\" data-element_type=\"container\" data-e-type=\"container\">\n\t\t\t\t<div class=\"elementor-element elementor-element-303e995 elementor-widget elementor-widget-text-editor\" data-id=\"303e995\" data-element_type=\"widget\" data-e-type=\"widget\" data-widget_type=\"text-editor.default\">\n\t\t\t\t<div class=\"elementor-widget-container\">\n\t\t\t\t\t\t\t\t\t<p><em>outes ces m\u00e9thodes favorisent un retour \u00e0 l\u2019hom\u00e9ostasie g\u00e9n\u00e9rale de votre personne.<\/em><\/p><p><em>Elles ont pour effet de ramener vers un \u00e9tat d\u2019\u00e9quilibre, votre tonus, votre respiration, votre sommeil, vos fonctions cognitives, votre \u00e9tat \u00e9motionnel ainsi que celui de stress qui y est associ\u00e9.<\/em><\/p><p>\u00a0<\/p>\t\t\t\t\t\t\t\t<\/div>\n\t\t\t\t<\/div>\n\t\t\t\t<\/div>\n\t\t<div class=\"elementor-element elementor-element-309e1b9 e-con-full e-flex e-con e-child\" data-id=\"309e1b9\" data-element_type=\"container\" data-e-type=\"container\">\n\t\t\t\t<div class=\"elementor-element elementor-element-a40b0ce elementor-widget elementor-widget-text-editor\" data-id=\"a40b0ce\" data-element_type=\"widget\" data-e-type=\"widget\" data-widget_type=\"text-editor.default\">\n\t\t\t\t<div class=\"elementor-widget-container\">\n\t\t\t\t\t\t\t\t\t<p><img decoding=\"async\" class=\"alignnone size-large wp-image-916\" src=\"http:\/\/enfantzatypiques.org\/wp-content\/uploads\/2024\/07\/Image1-1-1024x879.png\" alt=\"\" width=\"768\" height=\"659\" srcset=\"http:\/\/enfantzatypiques.org\/wp-content\/uploads\/2024\/07\/Image1-1-1024x879.png 1024w, http:\/\/enfantzatypiques.org\/wp-content\/uploads\/2024\/07\/Image1-1-300x258.png 300w, http:\/\/enfantzatypiques.org\/wp-content\/uploads\/2024\/07\/Image1-1-768x659.png 768w, http:\/\/enfantzatypiques.org\/wp-content\/uploads\/2024\/07\/Image1-1-200x172.png 200w, http:\/\/enfantzatypiques.org\/wp-content\/uploads\/2024\/07\/Image1-1.png 1281w\" sizes=\"(max-width: 768px) 100vw, 768px\" \/><\/p><div id=\"gtx-trans\" style=\"position: absolute; left: -34px; top: -9.22396px;\"><div class=\"gtx-trans-icon\">\u00a0<\/div><\/div>\t\t\t\t\t\t\t\t<\/div>\n\t\t\t\t<\/div>\n\t\t\t\t<\/div>\n\t\t\t\t\t<\/div>\n\t\t\t\t<\/div>\n\t\t<div class=\"elementor-element elementor-element-f4f040e e-flex e-con-boxed e-con e-parent\" data-id=\"f4f040e\" data-element_type=\"container\" data-e-type=\"container\">\n\t\t\t\t\t<div class=\"e-con-inner\">\n\t\t\t\t<div class=\"elementor-element elementor-element-eaf22ae elementor-widget elementor-widget-text-editor\" data-id=\"eaf22ae\" data-element_type=\"widget\" data-e-type=\"widget\" data-widget_type=\"text-editor.default\">\n\t\t\t\t<div class=\"elementor-widget-container\">\n\t\t\t\t\t\t\t\t\t<p><em>Le trajet inappropri\u00e9 de votre corps qui s\u2019\u00e9tait \u00e9tablit du fait des conditions g\u00e9n\u00e9tiques et \u00e9pig\u00e9n\u00e9tiques d\u00e9favorables, peut \u00eatre alors bris\u00e9, facilitant le retour \u00e0 un fonctionnement ad\u00e9quat.<\/em><\/p><p><em>Il est ainsi possible d\u2019infl\u00e9chir la trajectoire neurod\u00e9veloppementale de vos enfants d\u00e8s leur plus jeune \u00e2ge et de pouvoir l\u2019am\u00e9liorer chez vous, adulte, et ainsi revenir vers un bien-\u00eatre et un \u00e9tat optimal de sant\u00e9.<\/em><\/p><p>\u00a0<\/p>\t\t\t\t\t\t\t\t<\/div>\n\t\t\t\t<\/div>\n\t\t\t\t\t<\/div>\n\t\t\t\t<\/div>\n\t\t<div class=\"elementor-element elementor-element-45648e3 e-flex e-con-boxed e-con e-parent\" data-id=\"45648e3\" data-element_type=\"container\" data-e-type=\"container\">\n\t\t\t\t\t<div class=\"e-con-inner\">\n\t\t\t\t<div class=\"elementor-element elementor-element-c17c3b9 elementor-widget elementor-widget-image\" data-id=\"c17c3b9\" data-element_type=\"widget\" data-e-type=\"widget\" data-widget_type=\"image.default\">\n\t\t\t\t<div class=\"elementor-widget-container\">\n\t\t\t\t\t\t\t\t\t\t\t\t\t\t\t<img decoding=\"async\" width=\"723\" height=\"509\" src=\"http:\/\/enfantzatypiques.org\/wp-content\/uploads\/2024\/07\/neurofeedback-2-biofeedback2.jpg\" class=\"attachment-large size-large wp-image-917\" alt=\"\" srcset=\"http:\/\/enfantzatypiques.org\/wp-content\/uploads\/2024\/07\/neurofeedback-2-biofeedback2.jpg 723w, http:\/\/enfantzatypiques.org\/wp-content\/uploads\/2024\/07\/neurofeedback-2-biofeedback2-300x211.jpg 300w, http:\/\/enfantzatypiques.org\/wp-content\/uploads\/2024\/07\/neurofeedback-2-biofeedback2-200x141.jpg 200w\" sizes=\"(max-width: 723px) 100vw, 723px\" \/>\t\t\t\t\t\t\t\t\t\t\t\t\t\t\t<\/div>\n\t\t\t\t<\/div>\n\t\t\t\t\t<\/div>\n\t\t\t\t<\/div>\n\t\t<div class=\"elementor-element elementor-element-3f35a46 e-flex e-con-boxed e-con e-parent\" data-id=\"3f35a46\" data-element_type=\"container\" data-e-type=\"container\">\n\t\t\t\t\t<div class=\"e-con-inner\">\n\t\t\t\t<div class=\"elementor-element elementor-element-bf36184 elementor-widget elementor-widget-text-editor\" data-id=\"bf36184\" data-element_type=\"widget\" data-e-type=\"widget\" data-widget_type=\"text-editor.default\">\n\t\t\t\t<div class=\"elementor-widget-container\">\n\t\t\t\t\t\t\t\t\t<h4><em>Cette approche est\u00a0<strong>efficace<\/strong>\u00a0sur tous les aspects de la vie : <strong>Douleurs<\/strong> <strong>physiques et \u00e9motionnelles<\/strong>, gestion du\u00a0<strong>stress<\/strong>,\u00a0<strong>peurs<\/strong>,\u00a0<strong>col\u00e8re<\/strong>,\u00a0<strong>phobies<\/strong>, aide \u00e0 l\u2019<strong>apprentissage (\u00e9criture, lecture, attention, concentration<\/strong>\u2026) troubles du\u00a0<strong>sommeil<\/strong>,\u00a0<strong>confiance<\/strong>\u00a0en soi,\u00a0<strong>estime<\/strong>\u00a0de soi, &#8230;\u00a0<\/em><\/h4><p>\u00a0<\/p>\t\t\t\t\t\t\t\t<\/div>\n\t\t\t\t<\/div>\n\t\t\t\t\t<\/div>\n\t\t\t\t<\/div>\n\t\t<div class=\"elementor-element elementor-element-2914053 e-flex e-con-boxed e-con e-parent\" data-id=\"2914053\" data-element_type=\"container\" data-e-type=\"container\">\n\t\t\t\t\t<div class=\"e-con-inner\">\n\t\t\t\t<div class=\"elementor-element elementor-element-580c55a elementor-widget elementor-widget-text-editor\" data-id=\"580c55a\" data-element_type=\"widget\" data-e-type=\"widget\" data-widget_type=\"text-editor.default\">\n\t\t\t\t<div class=\"elementor-widget-container\">\n\t\t\t\t\t\t\t\t\t<p><em>AAPB (Association for Applied Psychophysiology and Biofeedback) et l\u2019INSR (International Society for Neurofeedback and Research) ont cr\u00e9\u00e9 une revue des plus compl\u00e8te concernant toutes les recherches fond\u00e9es sur des donn\u00e9es probantes pour lesquelles les niveaux de preuves ont \u00e9t\u00e9 \u00e9tabli en tenant compte de rapports de cas, d\u2019\u00e9tudes d\u2019observations et d\u2019essais cliniques al\u00e9atoires.<\/em><\/p><p>En 2001, ces deux associations ont \u00e9tabli des niveaux d\u2019efficacit\u00e9 clinique du traitement par Biofeedback\u00a0:<\/p><ul><li>Niveau 1\u00a0: Non fond\u00e9 sur des donn\u00e9es probantes<\/li><li>Niveau 2\u00a0: Possiblement efficace<\/li><li>Niveau 3\u00a0: Probablement efficace<\/li><li>Niveau 4\u00a0: Efficace<\/li><li><strong>Niveau 5\u00a0: Efficace et sp\u00e9cifique\u00a0: <\/strong><\/li><\/ul><p>\u00a0<\/p><p>Par exemple\u00a0:<\/p><ul><li><u>Le TDAH<\/u> : Niveau 5\u00a0: Efficace et sp\u00e9cifique<\/li><li><u>Anxi\u00e9t\u00e9 et troubles anxieux<\/u>: \u00a0\u00a0Niveau 4\u00a0: Efficace<\/li><\/ul><p>\u00a0<\/p><p><strong><em>Comment se passe un accompagnement en neurofeedback EEGq (Electroenc\u00e9phalogramme quantitatif)<\/em><\/strong><\/p><p>L\u2019<strong>accompagnement<\/strong> est l\u2019un des piliers fondamentaux de la r\u00e9ussite d\u2019un programme d\u2019entra\u00eenement c\u00e9r\u00e9bral en neurofeedback bas\u00e9 sur l\u2019\u00c9EG quantitatif.\u00a0Il est associ\u00e9 \u00e0 une combinaison de biofeedback afin que le cerveau et le corps soit en accord.<\/p><p><strong><em><u>Voici comment vont se passer vos s\u00e9ances<\/u><\/em><\/strong>\u00a0:<\/p><p><strong><em><u>1<sup>\u00e8re<\/sup> s\u00e9ance<\/u><\/em><\/strong>\u00a0: un rdv afin que nous d\u00e9finissions ensemble vos besoins, vos attentes.<\/p><p><strong><em><u>2<sup>\u00e8me<\/sup> s\u00e9ance<\/u><\/em><\/strong><strong>\u00a0: <\/strong>Un EEGq (Electroenc\u00e9phalogramme quantitatif) qui me permettra de cibler votre accompagnement.<\/p><p>\u00a0<\/p><p>Puis nous d\u00e9finirons ensemble un programme pour votre entra\u00eenement c\u00e9r\u00e9bral qui se compose en plusieurs phases\u00a0bien d\u00e9finies :<\/p><ul><li>La premi\u00e8re dite de \u00ab\u00a0normalisation\u00a0\u00bb (de 12 \u00e0 20 s\u00e9ances) Au fil des s\u00e9ances,\u00a0le conditionnement op\u00e9rant\u00a0se combine avec\u00a0l&rsquo;apprentissage conscient et volontaire\u00a0afin de renforcer les b\u00e9n\u00e9fices de l&rsquo;entra\u00eenement. Un autre EEGq viendra renseigner l\u2019approche de la phase suivante.<\/li><li>La deuxi\u00e8me dite de \u00ab\u00a0g\u00e9n\u00e9ralisation\u00a0\u00bb (de 10 \u00e0 15 s\u00e9ances) La g\u00e9n\u00e9ralisation vise\u00a0le transfert\u00a0des r\u00e9sultats obtenus en s\u00e9ance vers la vie quotidienne par le moyen de t\u00e2ches de travail correspondant aux objectifs vis\u00e9s.<\/li><li>La troisi\u00e8me dite de \u00ab\u00a0consolidation\u00a0\u00bb\u00a0: Vous cesserez votre entrainement et vous serez capable d\u2019utiliser toutes ces ressources apprises au cours de votre vie quotidienne. Une \u00e9valuation \u00ab\u00a0gratuite\u00a0\u00bb de suivi vous sera propos\u00e9e entre 8 \u00e0 12 mois apr\u00e8s la fin de votre protocole afin de v\u00e9rifier cet \u00e9tat de fait.<\/li><\/ul><p>\u00a0<\/p><p><a href=\"https:\/\/enfantzatypiques.org\/index.php\/contact\/\"><strong>N\u2019h\u00e9sitez plus, venez retrouver<\/strong> <\/a>un bien \u00eatre et un \u00e9tat optimal de sant\u00e9.<\/p><p>\u00a0<\/p><p>\u00a0<\/p>\t\t\t\t\t\t\t\t<\/div>\n\t\t\t\t<\/div>\n\t\t\t\t\t<\/div>\n\t\t\t\t<\/div>\n\t\t\t\t<\/div>\n\t\t","protected":false},"excerpt":{"rendered":"<p>Je vous propose le Neurofeedback lin\u00e9aire, qui est une m\u00e9thode d\u2019apprentissage par entra\u00eenement en temps r\u00e9el, non m\u00e9dicamenteuse, non invasive\u00a0: soit des diff\u00e9rentes activations physiologiques corporelles associ\u00e9es aux \u00e9tats \u00e9motionnels ou \u00e0 des dysfonctionnements musculaires : LE BIOFEEDBACK, soit des diff\u00e9rentes activations physiologiques c\u00e9r\u00e9brales elles-m\u00eames : LE NEUROFEEDBACK EEGq (Electroenc\u00e9phalogramme quantitatif) Ce processus d\u2019apprentissage c\u00e9r\u00e9bral [&hellip;]<\/p>\n","protected":false},"author":2,"featured_media":0,"parent":0,"menu_order":0,"comment_status":"closed","ping_status":"closed","template":"","meta":{"_eb_attr":"","footnotes":""},"class_list":["post-294","page","type-page","status-publish","hentry"],"yoast_head":"<!-- This site is optimized with the Yoast SEO plugin v27.5 - https:\/\/yoast.com\/product\/yoast-seo-wordpress\/ -->\n<title>Neurofeedback \/ Biofeedback - Les enfantZatypiques<\/title>\n<meta name=\"description\" content=\"Neurofeedback \/ Biofeedback sont les techniques pr\u00e9f\u00e9r\u00e9s de St\u00e9phanie Fr\u00e9chin praticienne dans l&#039;accompagnement des enfants atypiques\" \/>\n<meta name=\"robots\" content=\"index, follow, max-snippet:-1, max-image-preview:large, max-video-preview:-1\" \/>\n<link rel=\"canonical\" href=\"http:\/\/enfantzatypiques.org\/index.php\/neurofeedback-lineaire\/\" \/>\n<meta property=\"og:locale\" content=\"fr_FR\" \/>\n<meta property=\"og:type\" content=\"article\" \/>\n<meta property=\"og:title\" content=\"Neurofeedback \/ Biofeedback - Les enfantZatypiques\" \/>\n<meta property=\"og:description\" content=\"Neurofeedback \/ Biofeedback sont les techniques pr\u00e9f\u00e9r\u00e9s de St\u00e9phanie Fr\u00e9chin praticienne dans l&#039;accompagnement des enfants atypiques\" \/>\n<meta property=\"og:url\" content=\"http:\/\/enfantzatypiques.org\/index.php\/neurofeedback-lineaire\/\" \/>\n<meta property=\"og:site_name\" content=\"Les enfantZatypiques\" \/>\n<meta property=\"article:modified_time\" content=\"2024-07-29T15:27:14+00:00\" \/>\n<meta property=\"og:image\" content=\"http:\/\/enfantzatypiques.org\/wp-content\/uploads\/2024\/07\/neurofeedback-biofeedback.jpg\" \/>\n<meta name=\"twitter:card\" content=\"summary_large_image\" \/>\n<meta name=\"twitter:label1\" content=\"Dur\u00e9e de lecture estim\u00e9e\" \/>\n\t<meta name=\"twitter:data1\" content=\"5 minutes\" \/>\n<script type=\"application\/ld+json\" class=\"yoast-schema-graph\">{\"@context\":\"https:\\\/\\\/schema.org\",\"@graph\":[{\"@type\":\"WebPage\",\"@id\":\"http:\\\/\\\/enfantzatypiques.org\\\/index.php\\\/neurofeedback-lineaire\\\/\",\"url\":\"http:\\\/\\\/enfantzatypiques.org\\\/index.php\\\/neurofeedback-lineaire\\\/\",\"name\":\"Neurofeedback \\\/ Biofeedback - Les enfantZatypiques\",\"isPartOf\":{\"@id\":\"http:\\\/\\\/enfantzatypiques.org\\\/#website\"},\"primaryImageOfPage\":{\"@id\":\"http:\\\/\\\/enfantzatypiques.org\\\/index.php\\\/neurofeedback-lineaire\\\/#primaryimage\"},\"image\":{\"@id\":\"http:\\\/\\\/enfantzatypiques.org\\\/index.php\\\/neurofeedback-lineaire\\\/#primaryimage\"},\"thumbnailUrl\":\"http:\\\/\\\/enfantzatypiques.org\\\/wp-content\\\/uploads\\\/2024\\\/07\\\/neurofeedback-biofeedback.jpg\",\"datePublished\":\"2024-07-04T18:32:45+00:00\",\"dateModified\":\"2024-07-29T15:27:14+00:00\",\"description\":\"Neurofeedback \\\/ Biofeedback sont les techniques pr\u00e9f\u00e9r\u00e9s de St\u00e9phanie Fr\u00e9chin praticienne dans l'accompagnement des enfants atypiques\",\"breadcrumb\":{\"@id\":\"http:\\\/\\\/enfantzatypiques.org\\\/index.php\\\/neurofeedback-lineaire\\\/#breadcrumb\"},\"inLanguage\":\"fr-FR\",\"potentialAction\":[{\"@type\":\"ReadAction\",\"target\":[\"http:\\\/\\\/enfantzatypiques.org\\\/index.php\\\/neurofeedback-lineaire\\\/\"]}]},{\"@type\":\"ImageObject\",\"inLanguage\":\"fr-FR\",\"@id\":\"http:\\\/\\\/enfantzatypiques.org\\\/index.php\\\/neurofeedback-lineaire\\\/#primaryimage\",\"url\":\"http:\\\/\\\/enfantzatypiques.org\\\/wp-content\\\/uploads\\\/2024\\\/07\\\/neurofeedback-biofeedback.jpg\",\"contentUrl\":\"http:\\\/\\\/enfantzatypiques.org\\\/wp-content\\\/uploads\\\/2024\\\/07\\\/neurofeedback-biofeedback.jpg\",\"width\":542,\"height\":816,\"caption\":\"Neurofeedback \\\/ biofeed back enfantzatypiques\"},{\"@type\":\"BreadcrumbList\",\"@id\":\"http:\\\/\\\/enfantzatypiques.org\\\/index.php\\\/neurofeedback-lineaire\\\/#breadcrumb\",\"itemListElement\":[{\"@type\":\"ListItem\",\"position\":1,\"name\":\"Accueil\",\"item\":\"http:\\\/\\\/enfantzatypiques.org\\\/\"},{\"@type\":\"ListItem\",\"position\":2,\"name\":\"Neurofeedback \\\/ Biofeedback\"}]},{\"@type\":\"WebSite\",\"@id\":\"http:\\\/\\\/enfantzatypiques.org\\\/#website\",\"url\":\"http:\\\/\\\/enfantzatypiques.org\\\/\",\"name\":\"Les enfantZatypiques\",\"description\":\"Comment soigner les enfants atypiques ?\",\"publisher\":{\"@id\":\"http:\\\/\\\/enfantzatypiques.org\\\/#\\\/schema\\\/person\\\/8c2673b14bbe39f5978d3c9c517dfebd\"},\"potentialAction\":[{\"@type\":\"SearchAction\",\"target\":{\"@type\":\"EntryPoint\",\"urlTemplate\":\"http:\\\/\\\/enfantzatypiques.org\\\/?s={search_term_string}\"},\"query-input\":{\"@type\":\"PropertyValueSpecification\",\"valueRequired\":true,\"valueName\":\"search_term_string\"}}],\"inLanguage\":\"fr-FR\"},{\"@type\":[\"Person\",\"Organization\"],\"@id\":\"http:\\\/\\\/enfantzatypiques.org\\\/#\\\/schema\\\/person\\\/8c2673b14bbe39f5978d3c9c517dfebd\",\"name\":\"St\u00e9phanie Fr\u00e9chin\",\"image\":{\"@type\":\"ImageObject\",\"inLanguage\":\"fr-FR\",\"@id\":\"https:\\\/\\\/enfantzatypiques.org\\\/wp-content\\\/uploads\\\/2024\\\/07\\\/cropped-logo-stephanie-frechin.jpg\",\"url\":\"https:\\\/\\\/enfantzatypiques.org\\\/wp-content\\\/uploads\\\/2024\\\/07\\\/cropped-logo-stephanie-frechin.jpg\",\"contentUrl\":\"https:\\\/\\\/enfantzatypiques.org\\\/wp-content\\\/uploads\\\/2024\\\/07\\\/cropped-logo-stephanie-frechin.jpg\",\"width\":512,\"height\":512,\"caption\":\"St\u00e9phanie Fr\u00e9chin\"},\"logo\":{\"@id\":\"https:\\\/\\\/enfantzatypiques.org\\\/wp-content\\\/uploads\\\/2024\\\/07\\\/cropped-logo-stephanie-frechin.jpg\"},\"sameAs\":[\"http:\\\/\\\/www.enfantzatypiques.com\"]}]}<\/script>\n<!-- \/ Yoast SEO plugin. -->","yoast_head_json":{"title":"Neurofeedback \/ Biofeedback - Les enfantZatypiques","description":"Neurofeedback \/ Biofeedback sont les techniques pr\u00e9f\u00e9r\u00e9s de St\u00e9phanie Fr\u00e9chin praticienne dans l'accompagnement des enfants atypiques","robots":{"index":"index","follow":"follow","max-snippet":"max-snippet:-1","max-image-preview":"max-image-preview:large","max-video-preview":"max-video-preview:-1"},"canonical":"http:\/\/enfantzatypiques.org\/index.php\/neurofeedback-lineaire\/","og_locale":"fr_FR","og_type":"article","og_title":"Neurofeedback \/ Biofeedback - Les enfantZatypiques","og_description":"Neurofeedback \/ Biofeedback sont les techniques pr\u00e9f\u00e9r\u00e9s de St\u00e9phanie Fr\u00e9chin praticienne dans l'accompagnement des enfants atypiques","og_url":"http:\/\/enfantzatypiques.org\/index.php\/neurofeedback-lineaire\/","og_site_name":"Les enfantZatypiques","article_modified_time":"2024-07-29T15:27:14+00:00","og_image":[{"url":"http:\/\/enfantzatypiques.org\/wp-content\/uploads\/2024\/07\/neurofeedback-biofeedback.jpg","type":"","width":"","height":""}],"twitter_card":"summary_large_image","twitter_misc":{"Dur\u00e9e de lecture estim\u00e9e":"5 minutes"},"schema":{"@context":"https:\/\/schema.org","@graph":[{"@type":"WebPage","@id":"http:\/\/enfantzatypiques.org\/index.php\/neurofeedback-lineaire\/","url":"http:\/\/enfantzatypiques.org\/index.php\/neurofeedback-lineaire\/","name":"Neurofeedback \/ Biofeedback - Les enfantZatypiques","isPartOf":{"@id":"http:\/\/enfantzatypiques.org\/#website"},"primaryImageOfPage":{"@id":"http:\/\/enfantzatypiques.org\/index.php\/neurofeedback-lineaire\/#primaryimage"},"image":{"@id":"http:\/\/enfantzatypiques.org\/index.php\/neurofeedback-lineaire\/#primaryimage"},"thumbnailUrl":"http:\/\/enfantzatypiques.org\/wp-content\/uploads\/2024\/07\/neurofeedback-biofeedback.jpg","datePublished":"2024-07-04T18:32:45+00:00","dateModified":"2024-07-29T15:27:14+00:00","description":"Neurofeedback \/ Biofeedback sont les techniques pr\u00e9f\u00e9r\u00e9s de St\u00e9phanie Fr\u00e9chin praticienne dans l'accompagnement des enfants atypiques","breadcrumb":{"@id":"http:\/\/enfantzatypiques.org\/index.php\/neurofeedback-lineaire\/#breadcrumb"},"inLanguage":"fr-FR","potentialAction":[{"@type":"ReadAction","target":["http:\/\/enfantzatypiques.org\/index.php\/neurofeedback-lineaire\/"]}]},{"@type":"ImageObject","inLanguage":"fr-FR","@id":"http:\/\/enfantzatypiques.org\/index.php\/neurofeedback-lineaire\/#primaryimage","url":"http:\/\/enfantzatypiques.org\/wp-content\/uploads\/2024\/07\/neurofeedback-biofeedback.jpg","contentUrl":"http:\/\/enfantzatypiques.org\/wp-content\/uploads\/2024\/07\/neurofeedback-biofeedback.jpg","width":542,"height":816,"caption":"Neurofeedback \/ biofeed back enfantzatypiques"},{"@type":"BreadcrumbList","@id":"http:\/\/enfantzatypiques.org\/index.php\/neurofeedback-lineaire\/#breadcrumb","itemListElement":[{"@type":"ListItem","position":1,"name":"Accueil","item":"http:\/\/enfantzatypiques.org\/"},{"@type":"ListItem","position":2,"name":"Neurofeedback \/ Biofeedback"}]},{"@type":"WebSite","@id":"http:\/\/enfantzatypiques.org\/#website","url":"http:\/\/enfantzatypiques.org\/","name":"Les enfantZatypiques","description":"Comment soigner les enfants atypiques ?","publisher":{"@id":"http:\/\/enfantzatypiques.org\/#\/schema\/person\/8c2673b14bbe39f5978d3c9c517dfebd"},"potentialAction":[{"@type":"SearchAction","target":{"@type":"EntryPoint","urlTemplate":"http:\/\/enfantzatypiques.org\/?s={search_term_string}"},"query-input":{"@type":"PropertyValueSpecification","valueRequired":true,"valueName":"search_term_string"}}],"inLanguage":"fr-FR"},{"@type":["Person","Organization"],"@id":"http:\/\/enfantzatypiques.org\/#\/schema\/person\/8c2673b14bbe39f5978d3c9c517dfebd","name":"St\u00e9phanie Fr\u00e9chin","image":{"@type":"ImageObject","inLanguage":"fr-FR","@id":"https:\/\/enfantzatypiques.org\/wp-content\/uploads\/2024\/07\/cropped-logo-stephanie-frechin.jpg","url":"https:\/\/enfantzatypiques.org\/wp-content\/uploads\/2024\/07\/cropped-logo-stephanie-frechin.jpg","contentUrl":"https:\/\/enfantzatypiques.org\/wp-content\/uploads\/2024\/07\/cropped-logo-stephanie-frechin.jpg","width":512,"height":512,"caption":"St\u00e9phanie Fr\u00e9chin"},"logo":{"@id":"https:\/\/enfantzatypiques.org\/wp-content\/uploads\/2024\/07\/cropped-logo-stephanie-frechin.jpg"},"sameAs":["http:\/\/www.enfantzatypiques.com"]}]}},"_links":{"self":[{"href":"http:\/\/enfantzatypiques.org\/index.php\/wp-json\/wp\/v2\/pages\/294","targetHints":{"allow":["GET"]}}],"collection":[{"href":"http:\/\/enfantzatypiques.org\/index.php\/wp-json\/wp\/v2\/pages"}],"about":[{"href":"http:\/\/enfantzatypiques.org\/index.php\/wp-json\/wp\/v2\/types\/page"}],"author":[{"embeddable":true,"href":"http:\/\/enfantzatypiques.org\/index.php\/wp-json\/wp\/v2\/users\/2"}],"replies":[{"embeddable":true,"href":"http:\/\/enfantzatypiques.org\/index.php\/wp-json\/wp\/v2\/comments?post=294"}],"version-history":[{"count":13,"href":"http:\/\/enfantzatypiques.org\/index.php\/wp-json\/wp\/v2\/pages\/294\/revisions"}],"predecessor-version":[{"id":921,"href":"http:\/\/enfantzatypiques.org\/index.php\/wp-json\/wp\/v2\/pages\/294\/revisions\/921"}],"wp:attachment":[{"href":"http:\/\/enfantzatypiques.org\/index.php\/wp-json\/wp\/v2\/media?parent=294"}],"curies":[{"name":"wp","href":"https:\/\/api.w.org\/{rel}","templated":true}]}}