{"id":234,"date":"2018-03-22T06:23:52","date_gmt":"2018-03-22T06:23:52","guid":{"rendered":"https:\/\/demo.themegrill.com\/radiate\/?page_id=229"},"modified":"2024-08-03T18:24:38","modified_gmt":"2024-08-03T16:24:38","slug":"contact","status":"publish","type":"page","link":"http:\/\/enfantzatypiques.org\/index.php\/contact\/","title":{"rendered":"Contact"},"content":{"rendered":"\t\t<div data-elementor-type=\"wp-page\" data-elementor-id=\"234\" class=\"elementor elementor-234\">\n\t\t\t\t<div class=\"elementor-element elementor-element-386e090 e-flex e-con-boxed e-con e-parent\" data-id=\"386e090\" data-element_type=\"container\" data-e-type=\"container\">\n\t\t\t\t\t<div class=\"e-con-inner\">\n\t\t\t\t<div class=\"elementor-element elementor-element-f0522be elementor-widget elementor-widget-text-editor\" data-id=\"f0522be\" data-element_type=\"widget\" data-e-type=\"widget\" data-widget_type=\"text-editor.default\">\n\t\t\t\t<div class=\"elementor-widget-container\">\n\t\t\t\t\t\t\t\t\t<h4 style=\"text-align: center;\"><strong>Merci de me laisser vos coordonn\u00e9es et votre message j&rsquo;y r\u00e9ponds au plus vite.<\/strong><\/h4>\t\t\t\t\t\t\t\t<\/div>\n\t\t\t\t<\/div>\n\t\t\t\t\t<\/div>\n\t\t\t\t<\/div>\n\t\t<div class=\"elementor-element elementor-element-32aa47d e-flex e-con-boxed e-con e-parent\" data-id=\"32aa47d\" data-element_type=\"container\" data-e-type=\"container\">\n\t\t\t\t\t<div class=\"e-con-inner\">\n\t\t\t\t<div class=\"elementor-element elementor-element-bc8b0f9 elementor-widget elementor-widget-text-editor\" data-id=\"bc8b0f9\" data-element_type=\"widget\" data-e-type=\"widget\" data-widget_type=\"text-editor.default\">\n\t\t\t\t<div class=\"elementor-widget-container\">\n\t\t\t\t\t\t\t\t\t<div class=\"everest-forms\"><div class=\"evf-container default\" id=\"evf-1076\"><form id=\"evf-form-1076\" class=\"everest-form\" data-formid=\"1076\" data-ajax_submission=\"0\" data-keyboard_friendly_form=\"0\" method=\"post\" enctype=\"multipart\/form-data\" action=\"\/index.php\/wp-json\/wp\/v2\/pages\/234\"><div class=\"evf-field-container\"><input type=\"hidden\" id=\"_wpnonce1076\" name=\"_wpnonce1076\" value=\"7c939817af\" \/><input type=\"hidden\" name=\"_wp_http_referer\" value=\"\/index.php\/wp-json\/wp\/v2\/pages\/234\" \/><div class=\"evf-frontend-row\" data-row=\"row_1\" conditional_rules=\"[]\"><div class=\"evf-frontend-grid evf-grid-1\" data-grid=\"grid_1\"><div id=\"evf-1076-field_hvvUcmFqw4-1-container\" class=\"evf-field evf-field-first-name form-row validate-required\" data-required-field-message=\"Ce champ est n\u00e9cessaire.\" data-field-id=\"hvvUcmFqw4-1\"><label class=\"evf-field-label\" for=\"evf-1076-field_hvvUcmFqw4-1\"><span class=\"evf-label\">Votre Nom<\/span> <abbr class=\"required\" title=\"N\u00e9cessaire\">*<\/abbr><\/label><input type=\"text\" id=\"evf-1076-field_hvvUcmFqw4-1\" class=\"input-text\" name=\"everest_forms[form_fields][hvvUcmFqw4-1]\" required><\/div><div id=\"evf-1076-field_cPM6a1py3h-11-container\" class=\"evf-field evf-field-first-name form-row\" data-field-id=\"cPM6a1py3h-11\"><label class=\"evf-field-label\" for=\"evf-1076-field_cPM6a1py3h-11\"><span class=\"evf-label\">Pr\u00e9nom<\/span> <\/label><input type=\"text\" id=\"evf-1076-field_cPM6a1py3h-11\" class=\"input-text\" name=\"everest_forms[form_fields][cPM6a1py3h-11]\" ><\/div><div id=\"evf-1076-field_31W7irMFFe-10-container\" class=\"evf-field evf-field-phone form-row validate-phone\" data-field-id=\"31W7irMFFe-10\"><label class=\"evf-field-label\" for=\"evf-1076-field_31W7irMFFe-10\"><span class=\"evf-label\">T\u00e9l\u00e9phone<\/span> <\/label><input type=\"tel\" id=\"evf-1076-field_31W7irMFFe-10\" class=\"input-text evf-smart-phone-field\" data-rule-smart-phone-field=\"true\" name=\"everest_forms[form_fields][31W7irMFFe-10]\" ><\/div><div id=\"evf-1076-field_CpFdRYhTQ4-4-container\" class=\"evf-field evf-field-email form-row validate-required validate-email\" data-required-field-message=\"stephanie.frechin@enfantzatypiques.org\" data-field-id=\"CpFdRYhTQ4-4\"><label class=\"evf-field-label\" for=\"evf-1076-field_CpFdRYhTQ4-4\"><span class=\"evf-label\">Email<\/span> <abbr class=\"required\" title=\"N\u00e9cessaire\">*<\/abbr><\/label><input type=\"email\" id=\"evf-1076-field_CpFdRYhTQ4-4\" class=\"input-text\" name=\"everest_forms[form_fields][CpFdRYhTQ4-4]\" required ><\/div><\/div><\/div><div class=\"evf-frontend-row\" data-row=\"row_2\" conditional_rules=\"[]\"><div class=\"evf-frontend-grid evf-grid-2\" data-grid=\"grid_1\"><div id=\"evf-1076-field_3FjiSK9Ge2-6-container\" class=\"evf-field evf-field-date-time form-row validate-required\" data-required-field-message=\"Ce champ est n\u00e9cessaire.\" data-field-id=\"3FjiSK9Ge2-6\"><label class=\"evf-field-label\" for=\"evf-1076-field_3FjiSK9Ge2-6\"><span class=\"evf-label\">Proposez-moi une date de RDV<\/span> <abbr class=\"required\" title=\"N\u00e9cessaire\">*<\/abbr><\/label><input type=\"text\" id=\"evf-1076-field_3FjiSK9Ge2-6\" class=\"flatpickr-field input-text\" name=\"everest_forms[form_fields][3FjiSK9Ge2-6]\" data-time-interval=\"15\" data-date-time=\"date\" data-mode=\"single\" data-locale=\"en\" data-date-format=\"Y-m-d\" required ><div class=\"evf-field-description\">Donnez-moi vos pr\u00e9f\u00e9rences, je confirmerai<\/div><\/div><\/div><div class=\"evf-frontend-grid evf-grid-2\" data-grid=\"grid_2\"><div id=\"evf-1076-field_iyBtrqV0cn-7-container\" class=\"evf-field evf-field-date-time form-row validate-required\" data-required-field-message=\"Ce champ est n\u00e9cessaire.\" data-field-id=\"iyBtrqV0cn-7\"><label class=\"evf-field-label\" for=\"evf-1076-field_iyBtrqV0cn-7\"><span class=\"evf-label\">Quelles serait votre heure ?<\/span> <abbr class=\"required\" title=\"N\u00e9cessaire\">*<\/abbr><\/label><input type=\"text\" id=\"evf-1076-field_iyBtrqV0cn-7\" class=\"flatpickr-field input-text\" name=\"everest_forms[form_fields][iyBtrqV0cn-7]\" data-time-interval=\"15\" data-date-time=\"time\" data-date-format=\"h:i K\" required ><div class=\"evf-field-description\">Proposez une heure, je reviendrai vers vous pour confirmer<\/div><\/div><\/div><\/div><div class=\"evf-frontend-row\" data-row=\"row_3\" conditional_rules=\"[]\"><div class=\"evf-frontend-grid evf-grid-1\" data-grid=\"grid_1\"><div id=\"evf-1076-field_9nehMwTTjV-8-container\" class=\"evf-field evf-field-radio form-row\" data-field-id=\"9nehMwTTjV-8\"><label class=\"evf-field-label\" for=\"evf-1076-field_9nehMwTTjV-8\"><span class=\"evf-label\">Avez-vous d\u00e9j\u00e0 pris rendez-vous ?<\/span> <\/label><ul id=\"evf-1076-field_9nehMwTTjV-8\"><li class=\"choice-1 depth-1\"><input type=\"radio\" id=\"evf-1076-field_9nehMwTTjV-8_1\" class=\"input-text\" name=\"everest_forms[form_fields][9nehMwTTjV-8]\" value=\"Yes\"  ><label class=\"everest-forms-field-label-inline\" for=\"evf-1076-field_9nehMwTTjV-8_1\">Yes<\/label><\/li><li class=\"choice-2 depth-1\"><input type=\"radio\" id=\"evf-1076-field_9nehMwTTjV-8_2\" class=\"input-text\" name=\"everest_forms[form_fields][9nehMwTTjV-8]\" value=\"No\"  ><label class=\"everest-forms-field-label-inline\" for=\"evf-1076-field_9nehMwTTjV-8_2\">No<\/label><\/li><\/ul><\/div><div id=\"evf-1076-field_6hRHC3lzht-9-container\" class=\"evf-field evf-field-textarea form-row\" data-field-id=\"6hRHC3lzht-9\"><label class=\"evf-field-label\" for=\"evf-1076-field_6hRHC3lzht-9\"><span class=\"evf-label\">Quel est votre message ?<\/span> <\/label><textarea id=\"evf-1076-field_6hRHC3lzht-9\" class=\"input-text\" name=\"everest_forms[form_fields][6hRHC3lzht-9]\" placeholder=\"Tell us about your health issues\"  ><\/textarea><\/div><\/div><\/div><\/div><div class=\"evf-honeypot-container evf-field-hp\"><label for=\"evf-1076-field-hp\" class=\"evf-field-label\">Website<\/label><input type=\"text\" name=\"everest_forms[hp]\" id=\"evf-1076-field-hp\" class=\"input-text\"><\/div><div class=\"evf-submit-container \" ><input type=\"hidden\" name=\"everest_forms[id]\" value=\"1076\"><input type=\"hidden\" name=\"everest_forms[author]\" value=\"1\"><button type='submit' name='everest_forms[submit]' class='everest-forms-submit-button button evf-submit ' id='evf-submit-1076' value='evf-submit' data-process-text=\"Processing\u2026\" conditional_rules='&quot;&quot;' conditional_id='evf-submit-1076'  id=\"evf-submit-1076\" aria-live=\"assertive\">Submit<\/button><\/div><\/form><\/div><!-- .evf-container --><\/div><div id=\"gtx-trans\" style=\"position: absolute; left: -44px; top: 36.9896px;\"><div class=\"gtx-trans-icon\">\u00a0<\/div><\/div>\t\t\t\t\t\t\t\t<\/div>\n\t\t\t\t<\/div>\n\t\t\t\t\t<\/div>\n\t\t\t\t<\/div>\n\t\t<div class=\"elementor-element elementor-element-3bb9932 e-flex e-con-boxed e-con e-parent\" data-id=\"3bb9932\" data-element_type=\"container\" data-e-type=\"container\">\n\t\t\t\t\t<div class=\"e-con-inner\">\n\t\t\t\t<div class=\"elementor-element elementor-element-7385703 elementor-widget elementor-widget-text-editor\" data-id=\"7385703\" data-element_type=\"widget\" data-e-type=\"widget\" data-widget_type=\"text-editor.default\">\n\t\t\t\t<div class=\"elementor-widget-container\">\n\t\t\t\t\t\t\t\t\t<p>Mes coordonn\u00e9es<\/p><p>St\u00e9phanie Fr\u00e9chin<\/p><p>101 route de Melun 77580 Voulangis<\/p><p>06 14 51 73 09<\/p><p><a href=\"mailto:stephanie.frechin@enfantzatypiques.org\">stephanie.frechin@enfantzatypiques.org<\/a><\/p><p>\u00a0<\/p>\t\t\t\t\t\t\t\t<\/div>\n\t\t\t\t<\/div>\n\t\t\t\t\t<\/div>\n\t\t\t\t<\/div>\n\t\t<div class=\"elementor-element elementor-element-c39433b e-flex e-con-boxed e-con e-parent\" data-id=\"c39433b\" data-element_type=\"container\" data-e-type=\"container\">\n\t\t\t\t\t<div class=\"e-con-inner\">\n\t\t\t\t<div class=\"elementor-element elementor-element-1cda46d elementor-widget elementor-widget-text-editor\" data-id=\"1cda46d\" data-element_type=\"widget\" data-e-type=\"widget\" data-widget_type=\"text-editor.default\">\n\t\t\t\t<div class=\"elementor-widget-container\">\n\t\t\t\t\t\t\t\t\t<iframe src=\"https:\/\/www.google.com\/maps\/embed?pb=!1m18!1m12!1m3!1d2625.3820081064387!2d2.8960250763707305!3d48.850925501231934!2m3!1f0!2f0!3f0!3m2!1i1024!2i768!4f13.1!3m3!1m2!1s0x47e8a604d74d0b93%3A0xae99c6839fd73a7!2s101%20Rte%20de%20Melun%2C%2077580%20Voulangis!5e0!3m2!1sfr!2sfr!4v1720940779500!5m2!1sfr!2sfr\" width=\"600\" height=\"450\" style=\"border:0;\" allowfullscreen=\"\" loading=\"lazy\" referrerpolicy=\"no-referrer-when-downgrade\"><\/iframe>\t\t\t\t\t\t\t\t<\/div>\n\t\t\t\t<\/div>\n\t\t\t\t\t<\/div>\n\t\t\t\t<\/div>\n\t\t\t\t<\/div>\n\t\t","protected":false},"excerpt":{"rendered":"<p>Merci de me laisser vos coordonn\u00e9es et votre message j&rsquo;y r\u00e9ponds au plus vite. \u00a0 Mes coordonn\u00e9es St\u00e9phanie Fr\u00e9chin 101 route de Melun 77580 Voulangis 06 14 51 73 09 stephanie.frechin@enfantzatypiques.org \u00a0<\/p>\n","protected":false},"author":1,"featured_media":0,"parent":0,"menu_order":0,"comment_status":"closed","ping_status":"closed","template":"","meta":{"_eb_attr":"","footnotes":""},"class_list":["post-234","page","type-page","status-publish","hentry"],"yoast_head":"<!-- This site is optimized with the Yoast SEO plugin v27.4 - https:\/\/yoast.com\/product\/yoast-seo-wordpress\/ -->\n<title>Contact - Les enfantZatypiques<\/title>\n<meta name=\"robots\" content=\"index, follow, max-snippet:-1, max-image-preview:large, max-video-preview:-1\" \/>\n<link rel=\"canonical\" href=\"http:\/\/enfantzatypiques.org\/index.php\/contact\/\" \/>\n<meta property=\"og:locale\" content=\"fr_FR\" \/>\n<meta property=\"og:type\" content=\"article\" \/>\n<meta property=\"og:title\" content=\"Contact - Les enfantZatypiques\" \/>\n<meta property=\"og:description\" content=\"Merci de me laisser vos coordonn\u00e9es et votre message j&rsquo;y r\u00e9ponds au plus vite. \u00a0 Mes coordonn\u00e9es St\u00e9phanie Fr\u00e9chin 101 route de Melun 77580 Voulangis 06 14 51 73 09 stephanie.frechin@enfantzatypiques.org \u00a0\" \/>\n<meta property=\"og:url\" content=\"http:\/\/enfantzatypiques.org\/index.php\/contact\/\" \/>\n<meta property=\"og:site_name\" content=\"Les enfantZatypiques\" \/>\n<meta property=\"article:modified_time\" content=\"2024-08-03T16:24:38+00:00\" \/>\n<meta name=\"twitter:card\" content=\"summary_large_image\" \/>\n<meta name=\"twitter:label1\" content=\"Dur\u00e9e de lecture estim\u00e9e\" \/>\n\t<meta name=\"twitter:data1\" content=\"1 minute\" \/>\n<script type=\"application\/ld+json\" class=\"yoast-schema-graph\">{\"@context\":\"https:\\\/\\\/schema.org\",\"@graph\":[{\"@type\":\"WebPage\",\"@id\":\"http:\\\/\\\/enfantzatypiques.org\\\/index.php\\\/contact\\\/\",\"url\":\"http:\\\/\\\/enfantzatypiques.org\\\/index.php\\\/contact\\\/\",\"name\":\"Contact - Les enfantZatypiques\",\"isPartOf\":{\"@id\":\"http:\\\/\\\/enfantzatypiques.org\\\/#website\"},\"datePublished\":\"2018-03-22T06:23:52+00:00\",\"dateModified\":\"2024-08-03T16:24:38+00:00\",\"breadcrumb\":{\"@id\":\"http:\\\/\\\/enfantzatypiques.org\\\/index.php\\\/contact\\\/#breadcrumb\"},\"inLanguage\":\"fr-FR\",\"potentialAction\":[{\"@type\":\"ReadAction\",\"target\":[\"http:\\\/\\\/enfantzatypiques.org\\\/index.php\\\/contact\\\/\"]}]},{\"@type\":\"BreadcrumbList\",\"@id\":\"http:\\\/\\\/enfantzatypiques.org\\\/index.php\\\/contact\\\/#breadcrumb\",\"itemListElement\":[{\"@type\":\"ListItem\",\"position\":1,\"name\":\"Accueil\",\"item\":\"http:\\\/\\\/enfantzatypiques.org\\\/\"},{\"@type\":\"ListItem\",\"position\":2,\"name\":\"Contact\"}]},{\"@type\":\"WebSite\",\"@id\":\"http:\\\/\\\/enfantzatypiques.org\\\/#website\",\"url\":\"http:\\\/\\\/enfantzatypiques.org\\\/\",\"name\":\"Les enfantZatypiques\",\"description\":\"Comment soigner les enfants atypiques ?\",\"publisher\":{\"@id\":\"http:\\\/\\\/enfantzatypiques.org\\\/#\\\/schema\\\/person\\\/8c2673b14bbe39f5978d3c9c517dfebd\"},\"potentialAction\":[{\"@type\":\"SearchAction\",\"target\":{\"@type\":\"EntryPoint\",\"urlTemplate\":\"http:\\\/\\\/enfantzatypiques.org\\\/?s={search_term_string}\"},\"query-input\":{\"@type\":\"PropertyValueSpecification\",\"valueRequired\":true,\"valueName\":\"search_term_string\"}}],\"inLanguage\":\"fr-FR\"},{\"@type\":[\"Person\",\"Organization\"],\"@id\":\"http:\\\/\\\/enfantzatypiques.org\\\/#\\\/schema\\\/person\\\/8c2673b14bbe39f5978d3c9c517dfebd\",\"name\":\"St\u00e9phanie Fr\u00e9chin\",\"image\":{\"@type\":\"ImageObject\",\"inLanguage\":\"fr-FR\",\"@id\":\"https:\\\/\\\/enfantzatypiques.org\\\/wp-content\\\/uploads\\\/2024\\\/07\\\/cropped-logo-stephanie-frechin.jpg\",\"url\":\"https:\\\/\\\/enfantzatypiques.org\\\/wp-content\\\/uploads\\\/2024\\\/07\\\/cropped-logo-stephanie-frechin.jpg\",\"contentUrl\":\"https:\\\/\\\/enfantzatypiques.org\\\/wp-content\\\/uploads\\\/2024\\\/07\\\/cropped-logo-stephanie-frechin.jpg\",\"width\":512,\"height\":512,\"caption\":\"St\u00e9phanie Fr\u00e9chin\"},\"logo\":{\"@id\":\"https:\\\/\\\/enfantzatypiques.org\\\/wp-content\\\/uploads\\\/2024\\\/07\\\/cropped-logo-stephanie-frechin.jpg\"},\"sameAs\":[\"http:\\\/\\\/www.enfantzatypiques.com\"]}]}<\/script>\n<!-- \/ Yoast SEO plugin. -->","yoast_head_json":{"title":"Contact - Les enfantZatypiques","robots":{"index":"index","follow":"follow","max-snippet":"max-snippet:-1","max-image-preview":"max-image-preview:large","max-video-preview":"max-video-preview:-1"},"canonical":"http:\/\/enfantzatypiques.org\/index.php\/contact\/","og_locale":"fr_FR","og_type":"article","og_title":"Contact - Les enfantZatypiques","og_description":"Merci de me laisser vos coordonn\u00e9es et votre message j&rsquo;y r\u00e9ponds au plus vite. \u00a0 Mes coordonn\u00e9es St\u00e9phanie Fr\u00e9chin 101 route de Melun 77580 Voulangis 06 14 51 73 09 stephanie.frechin@enfantzatypiques.org \u00a0","og_url":"http:\/\/enfantzatypiques.org\/index.php\/contact\/","og_site_name":"Les enfantZatypiques","article_modified_time":"2024-08-03T16:24:38+00:00","twitter_card":"summary_large_image","twitter_misc":{"Dur\u00e9e de lecture estim\u00e9e":"1 minute"},"schema":{"@context":"https:\/\/schema.org","@graph":[{"@type":"WebPage","@id":"http:\/\/enfantzatypiques.org\/index.php\/contact\/","url":"http:\/\/enfantzatypiques.org\/index.php\/contact\/","name":"Contact - Les enfantZatypiques","isPartOf":{"@id":"http:\/\/enfantzatypiques.org\/#website"},"datePublished":"2018-03-22T06:23:52+00:00","dateModified":"2024-08-03T16:24:38+00:00","breadcrumb":{"@id":"http:\/\/enfantzatypiques.org\/index.php\/contact\/#breadcrumb"},"inLanguage":"fr-FR","potentialAction":[{"@type":"ReadAction","target":["http:\/\/enfantzatypiques.org\/index.php\/contact\/"]}]},{"@type":"BreadcrumbList","@id":"http:\/\/enfantzatypiques.org\/index.php\/contact\/#breadcrumb","itemListElement":[{"@type":"ListItem","position":1,"name":"Accueil","item":"http:\/\/enfantzatypiques.org\/"},{"@type":"ListItem","position":2,"name":"Contact"}]},{"@type":"WebSite","@id":"http:\/\/enfantzatypiques.org\/#website","url":"http:\/\/enfantzatypiques.org\/","name":"Les enfantZatypiques","description":"Comment soigner les enfants atypiques ?","publisher":{"@id":"http:\/\/enfantzatypiques.org\/#\/schema\/person\/8c2673b14bbe39f5978d3c9c517dfebd"},"potentialAction":[{"@type":"SearchAction","target":{"@type":"EntryPoint","urlTemplate":"http:\/\/enfantzatypiques.org\/?s={search_term_string}"},"query-input":{"@type":"PropertyValueSpecification","valueRequired":true,"valueName":"search_term_string"}}],"inLanguage":"fr-FR"},{"@type":["Person","Organization"],"@id":"http:\/\/enfantzatypiques.org\/#\/schema\/person\/8c2673b14bbe39f5978d3c9c517dfebd","name":"St\u00e9phanie Fr\u00e9chin","image":{"@type":"ImageObject","inLanguage":"fr-FR","@id":"https:\/\/enfantzatypiques.org\/wp-content\/uploads\/2024\/07\/cropped-logo-stephanie-frechin.jpg","url":"https:\/\/enfantzatypiques.org\/wp-content\/uploads\/2024\/07\/cropped-logo-stephanie-frechin.jpg","contentUrl":"https:\/\/enfantzatypiques.org\/wp-content\/uploads\/2024\/07\/cropped-logo-stephanie-frechin.jpg","width":512,"height":512,"caption":"St\u00e9phanie Fr\u00e9chin"},"logo":{"@id":"https:\/\/enfantzatypiques.org\/wp-content\/uploads\/2024\/07\/cropped-logo-stephanie-frechin.jpg"},"sameAs":["http:\/\/www.enfantzatypiques.com"]}]}},"_links":{"self":[{"href":"http:\/\/enfantzatypiques.org\/index.php\/wp-json\/wp\/v2\/pages\/234","targetHints":{"allow":["GET"]}}],"collection":[{"href":"http:\/\/enfantzatypiques.org\/index.php\/wp-json\/wp\/v2\/pages"}],"about":[{"href":"http:\/\/enfantzatypiques.org\/index.php\/wp-json\/wp\/v2\/types\/page"}],"author":[{"embeddable":true,"href":"http:\/\/enfantzatypiques.org\/index.php\/wp-json\/wp\/v2\/users\/1"}],"replies":[{"embeddable":true,"href":"http:\/\/enfantzatypiques.org\/index.php\/wp-json\/wp\/v2\/comments?post=234"}],"version-history":[{"count":18,"href":"http:\/\/enfantzatypiques.org\/index.php\/wp-json\/wp\/v2\/pages\/234\/revisions"}],"predecessor-version":[{"id":1079,"href":"http:\/\/enfantzatypiques.org\/index.php\/wp-json\/wp\/v2\/pages\/234\/revisions\/1079"}],"wp:attachment":[{"href":"http:\/\/enfantzatypiques.org\/index.php\/wp-json\/wp\/v2\/media?parent=234"}],"curies":[{"name":"wp","href":"https:\/\/api.w.org\/{rel}","templated":true}]}}